{"id":1363,"date":"2018-04-25T18:42:13","date_gmt":"2018-04-25T18:42:13","guid":{"rendered":"http:\/\/gsmulsum-kutenholz.de\/?page_id=1363"},"modified":"2026-01-23T14:06:02","modified_gmt":"2026-01-23T12:06:02","slug":"schulvorstand","status":"publish","type":"page","link":"https:\/\/gsmulsum-kutenholz.de\/?page_id=1363","title":{"rendered":"Schulvorstand"},"content":{"rendered":"<p>\u00a0<\/p>\n<h3><strong>Unser Schulvorstand<\/strong><\/h3>\n<h3>Die Zusammensetzung des Schulvorstandes ist in \u00a7 38 b NSchG geregelt. An den allgemein bildenden Schulen hat der Schulvorstand je nach Anzahl der Vollzeitlehrkr\u00e4fte an der Schule 8 bis 16 Mitglieder. Er besteht zur einen H\u00e4lfte aus Vertreterinnen und Vertretern der Lehrkr\u00e4fte (Schulleiter\/in und die von der Gesamtkonferenz gew\u00e4hlten Lehrkr\u00e4fte) und zur anderen H\u00e4lfte aus Vertreterinnen und Vertretern der Erziehungsberechtigten sowie der Sch\u00fclerinnen und Sch\u00fcler.<br \/>Die Vertreterinnen und Vertreter der Lehrkr\u00e4fte werden in der Gesamtkonferenz gew\u00e4hlt (ohne Beteiligung der Elternvertreter). Die Vertreterinnen und Vertreter der Erziehungsberechtigten werden durch den Schulelternrat gew\u00e4hlt.<br \/>Dem Schulvorstand obliegt die wichtige Aufgabe, die Arbeit der Schule mit dem Ziel der Qualit\u00e4tsentwicklung zu gestalten. Die Entscheidungsbefugnisse des Schulvorstandes sind in \u00a7 38 a Abs. 3 NSchG abschlie\u00dfend festgelegt. Der Schulvorstand entscheidet u. a. \u00fcber den von der Schulleiterin\/dem Schulleiter aufgestellten Plan \u00fcber die Verwendung der Haushaltsmittel, die Zusammenarbeit mit anderen Schulen, Schulpartnerschaften, die Ausgestaltung der Stundentafel, Grunds\u00e4tze f\u00fcr die Durchf\u00fchrung von Projektwochen, f\u00fcr die Werbung und das Sponsoring in der Schule und f\u00fcr die j\u00e4hrliche \u00dcberpr\u00fcfung der Arbeit der Schule nach \u00a7 32 Abs. 3 NSchG .<br \/>Die Schulleiterin ist Vorsitzende. Bei Stimmengleichheit gibt ihre Stimme den Ausschlag. Im Fall der Verhinderung oder Krankheit wird die Schulleiterin durch die stellvertretende Schulleiterin vertreten.<\/h3>\n<h3>Vertretung im Schulvorstand (Stand 06\/2025):<\/h3>\n<h3><strong>Frau Rauch<\/strong><\/h3>\n<h3><strong>Frau Hammann<\/strong><\/h3>\n<h3><strong>Frau Leitz<\/strong><\/h3>\n<h3><strong>Frau Tibke<br \/><\/strong><\/h3>\n<h3><strong>\u00a0<\/strong><\/h3>\n<h3><strong>Frau Dehmer<\/strong><\/h3>\n<h3><strong>Frau Heitmann<\/strong><\/h3>\n<h3><strong>Herr Behrendt<\/strong><\/h3>\n<h3><strong>Herr Funck<\/strong><\/h3>\n<p>\u00a0<\/p>\n<h3>\u00a0<\/h3>\n<p>\u00a0<\/p>\n\n\n<p><\/p>\n","protected":false},"excerpt":{"rendered":"<p>\u00a0 Unser Schulvorstand Die Zusammensetzung des Schulvorstandes ist in \u00a7 38 b NSchG geregelt. An den allgemein bildenden Schulen hat der Schulvorstand je nach Anzahl der Vollzeitlehrkr\u00e4fte an der Schule 8 bis 16 Mitglieder. Er besteht zur einen H\u00e4lfte aus Vertreterinnen und Vertretern der Lehrkr\u00e4fte (Schulleiter\/in und die von der Gesamtkonferenz gew\u00e4hlten Lehrkr\u00e4fte) und zur [&hellip;]<\/p>\n","protected":false},"author":2,"featured_media":0,"parent":2,"menu_order":0,"comment_status":"closed","ping_status":"closed","template":"","meta":{"ngg_post_thumbnail":0,"footnotes":""},"class_list":["post-1363","page","type-page","status-publish","hentry"],"yoast_head":"<!-- This site is optimized with the Yoast SEO plugin v27.4 - https:\/\/yoast.com\/product\/yoast-seo-wordpress\/ -->\n<title>Schulvorstand - Grundschule Mulsum - Kutenholz<\/title>\n<meta name=\"robots\" content=\"index, follow, max-snippet:-1, max-image-preview:large, max-video-preview:-1\" \/>\n<link rel=\"canonical\" href=\"https:\/\/gsmulsum-kutenholz.de\/?page_id=1363\" \/>\n<meta property=\"og:locale\" content=\"de_DE\" \/>\n<meta property=\"og:type\" content=\"article\" \/>\n<meta property=\"og:title\" content=\"Schulvorstand - Grundschule Mulsum - Kutenholz\" \/>\n<meta property=\"og:description\" content=\"\u00a0 Unser Schulvorstand Die Zusammensetzung des Schulvorstandes ist in \u00a7 38 b NSchG geregelt. An den allgemein bildenden Schulen hat der Schulvorstand je nach Anzahl der Vollzeitlehrkr\u00e4fte an der Schule 8 bis 16 Mitglieder. Er besteht zur einen H\u00e4lfte aus Vertreterinnen und Vertretern der Lehrkr\u00e4fte (Schulleiter\/in und die von der Gesamtkonferenz gew\u00e4hlten Lehrkr\u00e4fte) und zur [&hellip;]\" \/>\n<meta property=\"og:url\" content=\"https:\/\/gsmulsum-kutenholz.de\/?page_id=1363\" \/>\n<meta property=\"og:site_name\" content=\"Grundschule Mulsum - Kutenholz\" \/>\n<meta property=\"article:modified_time\" content=\"2026-01-23T12:06:02+00:00\" \/>\n<meta name=\"twitter:card\" content=\"summary_large_image\" \/>\n<meta name=\"twitter:label1\" content=\"Gesch\u00e4tzte Lesezeit\" \/>\n\t<meta name=\"twitter:data1\" content=\"1\u00a0Minute\" \/>\n<script type=\"application\/ld+json\" class=\"yoast-schema-graph\">{\"@context\":\"https:\\\/\\\/schema.org\",\"@graph\":[{\"@type\":\"WebPage\",\"@id\":\"https:\\\/\\\/gsmulsum-kutenholz.de\\\/?page_id=1363\",\"url\":\"https:\\\/\\\/gsmulsum-kutenholz.de\\\/?page_id=1363\",\"name\":\"Schulvorstand - Grundschule Mulsum - Kutenholz\",\"isPartOf\":{\"@id\":\"https:\\\/\\\/gsmulsum-kutenholz.de\\\/#website\"},\"datePublished\":\"2018-04-25T18:42:13+00:00\",\"dateModified\":\"2026-01-23T12:06:02+00:00\",\"breadcrumb\":{\"@id\":\"https:\\\/\\\/gsmulsum-kutenholz.de\\\/?page_id=1363#breadcrumb\"},\"inLanguage\":\"de\",\"potentialAction\":[{\"@type\":\"ReadAction\",\"target\":[\"https:\\\/\\\/gsmulsum-kutenholz.de\\\/?page_id=1363\"]}]},{\"@type\":\"BreadcrumbList\",\"@id\":\"https:\\\/\\\/gsmulsum-kutenholz.de\\\/?page_id=1363#breadcrumb\",\"itemListElement\":[{\"@type\":\"ListItem\",\"position\":1,\"name\":\"Start\",\"item\":\"https:\\\/\\\/gsmulsum-kutenholz.de\\\/\"},{\"@type\":\"ListItem\",\"position\":2,\"name\":\"Unsere Schule\",\"item\":\"https:\\\/\\\/gsmulsum-kutenholz.de\\\/?page_id=2\"},{\"@type\":\"ListItem\",\"position\":3,\"name\":\"Schulvorstand\"}]},{\"@type\":\"WebSite\",\"@id\":\"https:\\\/\\\/gsmulsum-kutenholz.de\\\/#website\",\"url\":\"https:\\\/\\\/gsmulsum-kutenholz.de\\\/\",\"name\":\"Grundschule Mulsum - Kutenholz\",\"description\":\"\",\"potentialAction\":[{\"@type\":\"SearchAction\",\"target\":{\"@type\":\"EntryPoint\",\"urlTemplate\":\"https:\\\/\\\/gsmulsum-kutenholz.de\\\/?s={search_term_string}\"},\"query-input\":{\"@type\":\"PropertyValueSpecification\",\"valueRequired\":true,\"valueName\":\"search_term_string\"}}],\"inLanguage\":\"de\"}]}<\/script>\n<!-- \/ Yoast SEO plugin. -->","yoast_head_json":{"title":"Schulvorstand - Grundschule Mulsum - Kutenholz","robots":{"index":"index","follow":"follow","max-snippet":"max-snippet:-1","max-image-preview":"max-image-preview:large","max-video-preview":"max-video-preview:-1"},"canonical":"https:\/\/gsmulsum-kutenholz.de\/?page_id=1363","og_locale":"de_DE","og_type":"article","og_title":"Schulvorstand - Grundschule Mulsum - Kutenholz","og_description":"\u00a0 Unser Schulvorstand Die Zusammensetzung des Schulvorstandes ist in \u00a7 38 b NSchG geregelt. An den allgemein bildenden Schulen hat der Schulvorstand je nach Anzahl der Vollzeitlehrkr\u00e4fte an der Schule 8 bis 16 Mitglieder. Er besteht zur einen H\u00e4lfte aus Vertreterinnen und Vertretern der Lehrkr\u00e4fte (Schulleiter\/in und die von der Gesamtkonferenz gew\u00e4hlten Lehrkr\u00e4fte) und zur [&hellip;]","og_url":"https:\/\/gsmulsum-kutenholz.de\/?page_id=1363","og_site_name":"Grundschule Mulsum - Kutenholz","article_modified_time":"2026-01-23T12:06:02+00:00","twitter_card":"summary_large_image","twitter_misc":{"Gesch\u00e4tzte Lesezeit":"1\u00a0Minute"},"schema":{"@context":"https:\/\/schema.org","@graph":[{"@type":"WebPage","@id":"https:\/\/gsmulsum-kutenholz.de\/?page_id=1363","url":"https:\/\/gsmulsum-kutenholz.de\/?page_id=1363","name":"Schulvorstand - Grundschule Mulsum - Kutenholz","isPartOf":{"@id":"https:\/\/gsmulsum-kutenholz.de\/#website"},"datePublished":"2018-04-25T18:42:13+00:00","dateModified":"2026-01-23T12:06:02+00:00","breadcrumb":{"@id":"https:\/\/gsmulsum-kutenholz.de\/?page_id=1363#breadcrumb"},"inLanguage":"de","potentialAction":[{"@type":"ReadAction","target":["https:\/\/gsmulsum-kutenholz.de\/?page_id=1363"]}]},{"@type":"BreadcrumbList","@id":"https:\/\/gsmulsum-kutenholz.de\/?page_id=1363#breadcrumb","itemListElement":[{"@type":"ListItem","position":1,"name":"Start","item":"https:\/\/gsmulsum-kutenholz.de\/"},{"@type":"ListItem","position":2,"name":"Unsere Schule","item":"https:\/\/gsmulsum-kutenholz.de\/?page_id=2"},{"@type":"ListItem","position":3,"name":"Schulvorstand"}]},{"@type":"WebSite","@id":"https:\/\/gsmulsum-kutenholz.de\/#website","url":"https:\/\/gsmulsum-kutenholz.de\/","name":"Grundschule Mulsum - Kutenholz","description":"","potentialAction":[{"@type":"SearchAction","target":{"@type":"EntryPoint","urlTemplate":"https:\/\/gsmulsum-kutenholz.de\/?s={search_term_string}"},"query-input":{"@type":"PropertyValueSpecification","valueRequired":true,"valueName":"search_term_string"}}],"inLanguage":"de"}]}},"_links":{"self":[{"href":"https:\/\/gsmulsum-kutenholz.de\/index.php?rest_route=\/wp\/v2\/pages\/1363","targetHints":{"allow":["GET"]}}],"collection":[{"href":"https:\/\/gsmulsum-kutenholz.de\/index.php?rest_route=\/wp\/v2\/pages"}],"about":[{"href":"https:\/\/gsmulsum-kutenholz.de\/index.php?rest_route=\/wp\/v2\/types\/page"}],"author":[{"embeddable":true,"href":"https:\/\/gsmulsum-kutenholz.de\/index.php?rest_route=\/wp\/v2\/users\/2"}],"replies":[{"embeddable":true,"href":"https:\/\/gsmulsum-kutenholz.de\/index.php?rest_route=%2Fwp%2Fv2%2Fcomments&post=1363"}],"version-history":[{"count":14,"href":"https:\/\/gsmulsum-kutenholz.de\/index.php?rest_route=\/wp\/v2\/pages\/1363\/revisions"}],"predecessor-version":[{"id":5465,"href":"https:\/\/gsmulsum-kutenholz.de\/index.php?rest_route=\/wp\/v2\/pages\/1363\/revisions\/5465"}],"up":[{"embeddable":true,"href":"https:\/\/gsmulsum-kutenholz.de\/index.php?rest_route=\/wp\/v2\/pages\/2"}],"wp:attachment":[{"href":"https:\/\/gsmulsum-kutenholz.de\/index.php?rest_route=%2Fwp%2Fv2%2Fmedia&parent=1363"}],"curies":[{"name":"wp","href":"https:\/\/api.w.org\/{rel}","templated":true}]}}