{"id":1584,"date":"2018-05-10T16:10:44","date_gmt":"2018-05-10T14:10:44","guid":{"rendered":"http:\/\/gsmulsum-kutenholz.de\/?page_id=1584"},"modified":"2018-05-10T18:36:12","modified_gmt":"2018-05-10T16:36:12","slug":"leitbild","status":"publish","type":"page","link":"https:\/\/gsmulsum-kutenholz.de\/?page_id=1584","title":{"rendered":"Leitbild"},"content":{"rendered":"<p style=\"text-align: center;\"><span style=\"color: #0000ff;\"><b>Leitbild der Schule<\/b><\/span><\/p>\n<p style=\"text-align: center;\"><span style=\"color: #0000ff;\"><span style=\"display: inline !important; float: none; background-color: transparent; color: #0000ff; font-family: Georgia,'Times New Roman','Bitstream Charter',Times,serif; font-size: 16px; font-style: italic; font-variant: normal; font-weight: 400; letter-spacing: normal; orphans: 2; text-align: center; text-decoration: none; text-indent: 0px; text-transform: none; -webkit-text-stroke-width: 0px; white-space: normal; word-spacing: 0px;\">Wir lernen mit Kopf, Herz und Hand<\/span><\/span><\/p>\n<hr>\n<p style=\"text-align: center;\"><em><span style=\"color: #0000ff;\"><br \/>\n<\/span><\/em><\/p>\n<p><span style=\"color: #0000ff;\">Daf\u00fcr steht die Grundschule Mulsum-Kutenholz:<\/span><\/p>\n<p><span style=\"color: #0000ff;\">Gemeinschaft macht stark<\/span><\/p>\n<p><span style=\"color: #0000ff;\">Pers\u00f6nlichkeit entwickeln, miteinander und mit Freude lernen<\/span><\/p>\n<p><span style=\"color: #0000ff;\">Unser Leitbild macht deutlich, wof\u00fcr die Grundschule Mulsum-Kutenholz steht. Zugleich soll es allen Beteiligten der Schule Orientierung geben und festlegen, wie und woran wir arbeiten und wie wir miteinander umgehen.<\/span><\/p>\n<p><strong><span style=\"color: #0000ff;\"> Unser Leitgedanke<\/span><\/strong><\/p>\n<p><span style=\"color: #0000ff;\">\u201eMenschen st\u00e4rken. Gemeinsam Zukunft gestalten. Teilhabe in einer globalisierten Welt\u201c<\/span><\/p>\n<p><span style=\"color: #0000ff;\">Dieser Leitgedanke fasst die Arbeit der Grundschule Mulsum-Kutenholz zusammen. Teilhabe setzt in unserem Verst\u00e4ndnis handlungsf\u00e4hige Menschen und eine Gesellschaft voraus, die allen gleiche Chancen er\u00f6ffnet. Deutschland steht vor gro\u00dfen Herausforderungen, die aus Globalisierung, der Entwicklung zur Wissensgesellschaft, dem demographischen Wandel und wachsender Heterogenit\u00e4t der Bev\u00f6lkerung resultieren. Die Arbeit an unserer Schule ist deshalb darauf ausgerichtet, Menschen zu f\u00f6rdern und die Gesellschaft zu st\u00e4rken. Das Kind steht im Mittelpunkt unserer Arbeit. Jeder soll an der zunehmend komplexen Gesellschaft teilhaben k\u00f6nnen. Die Arbeit der Grundschule Mulsum-Kutenholz erschlie\u00dft daf\u00fcr das Wissen, vermittelt Kompetenzen und setzt dies alles mit motivierenden Elementen um.<\/span><\/p>\n<p><strong><span style=\"color: #0000ff;\"> Das Haus des Lernens<\/span><\/strong><\/p>\n<p><span style=\"color: #0000ff;\"> ist ein Ort, an dem alle willkommen sind, die Lernenden wie die Lehrenden in ihrer Individualit\u00e4t angenommen werden, die pers\u00f6nliche Eigenart in der Gestaltung von Schule ihren Platz findet,<\/span><br \/>\n<span style=\"color: #0000ff;\"> ist ein Ort, an dem Zeit gegeben wird zum Wachsen, gegenseitige R\u00fccksichtsnahme und Respekt voreinander gepflegt werden,<\/span><br \/>\n<span style=\"color: #0000ff;\"> ist ein Ort, dessen R\u00e4ume einladen zum Verweilen, dessen Angebote und Herausforderungen zum Lernen, zur selbstt\u00e4tigen Auseinandersetzung locken,<\/span><br \/>\n<span style=\"color: #0000ff;\"> ist ein Ort, an dem Umwege und Fehler erlaubt sind und Bewertungen als Feedback hilfreiche Orientierung geben,<\/span><br \/>\n<span style=\"color: #0000ff;\"> ist ein Ort, wo intensiv gearbeitet wird und die Freude am eigenen Lernen wachsen kann,<\/span><br \/>\n<span style=\"color: #0000ff;\"> ist ein Ort, an dem Lernen ansteckend wirkt.<\/span><\/p>\n<p>&nbsp;<\/p>\n","protected":false},"excerpt":{"rendered":"<p>Leitbild der Schule Wir lernen mit Kopf, Herz und Hand Daf\u00fcr steht die Grundschule Mulsum-Kutenholz: Gemeinschaft macht stark Pers\u00f6nlichkeit entwickeln, miteinander und mit Freude lernen Unser Leitbild macht deutlich, wof\u00fcr die Grundschule Mulsum-Kutenholz steht. Zugleich soll es allen Beteiligten der Schule Orientierung geben und festlegen, wie und woran wir arbeiten und wie wir miteinander umgehen. [&hellip;]<\/p>\n","protected":false},"author":2,"featured_media":0,"parent":1587,"menu_order":0,"comment_status":"closed","ping_status":"closed","template":"","meta":{"ngg_post_thumbnail":0,"footnotes":""},"class_list":["post-1584","page","type-page","status-publish","hentry"],"yoast_head":"<!-- This site is optimized with the Yoast SEO plugin v27.4 - https:\/\/yoast.com\/product\/yoast-seo-wordpress\/ -->\n<title>Leitbild - Grundschule Mulsum - Kutenholz<\/title>\n<meta name=\"robots\" content=\"index, follow, max-snippet:-1, max-image-preview:large, max-video-preview:-1\" \/>\n<link rel=\"canonical\" href=\"https:\/\/gsmulsum-kutenholz.de\/?page_id=1584\" \/>\n<meta property=\"og:locale\" content=\"de_DE\" \/>\n<meta property=\"og:type\" content=\"article\" \/>\n<meta property=\"og:title\" content=\"Leitbild - Grundschule Mulsum - Kutenholz\" \/>\n<meta property=\"og:description\" content=\"Leitbild der Schule Wir lernen mit Kopf, Herz und Hand Daf\u00fcr steht die Grundschule Mulsum-Kutenholz: Gemeinschaft macht stark Pers\u00f6nlichkeit entwickeln, miteinander und mit Freude lernen Unser Leitbild macht deutlich, wof\u00fcr die Grundschule Mulsum-Kutenholz steht. Zugleich soll es allen Beteiligten der Schule Orientierung geben und festlegen, wie und woran wir arbeiten und wie wir miteinander umgehen. [&hellip;]\" \/>\n<meta property=\"og:url\" content=\"https:\/\/gsmulsum-kutenholz.de\/?page_id=1584\" \/>\n<meta property=\"og:site_name\" content=\"Grundschule Mulsum - Kutenholz\" \/>\n<meta property=\"article:modified_time\" content=\"2018-05-10T16:36:12+00:00\" \/>\n<meta name=\"twitter:card\" content=\"summary_large_image\" \/>\n<meta name=\"twitter:label1\" content=\"Gesch\u00e4tzte Lesezeit\" \/>\n\t<meta name=\"twitter:data1\" content=\"1\u00a0Minute\" \/>\n<script type=\"application\/ld+json\" class=\"yoast-schema-graph\">{\"@context\":\"https:\\\/\\\/schema.org\",\"@graph\":[{\"@type\":\"WebPage\",\"@id\":\"https:\\\/\\\/gsmulsum-kutenholz.de\\\/?page_id=1584\",\"url\":\"https:\\\/\\\/gsmulsum-kutenholz.de\\\/?page_id=1584\",\"name\":\"Leitbild - Grundschule Mulsum - Kutenholz\",\"isPartOf\":{\"@id\":\"https:\\\/\\\/gsmulsum-kutenholz.de\\\/#website\"},\"datePublished\":\"2018-05-10T14:10:44+00:00\",\"dateModified\":\"2018-05-10T16:36:12+00:00\",\"breadcrumb\":{\"@id\":\"https:\\\/\\\/gsmulsum-kutenholz.de\\\/?page_id=1584#breadcrumb\"},\"inLanguage\":\"de\",\"potentialAction\":[{\"@type\":\"ReadAction\",\"target\":[\"https:\\\/\\\/gsmulsum-kutenholz.de\\\/?page_id=1584\"]}]},{\"@type\":\"BreadcrumbList\",\"@id\":\"https:\\\/\\\/gsmulsum-kutenholz.de\\\/?page_id=1584#breadcrumb\",\"itemListElement\":[{\"@type\":\"ListItem\",\"position\":1,\"name\":\"Start\",\"item\":\"https:\\\/\\\/gsmulsum-kutenholz.de\\\/\"},{\"@type\":\"ListItem\",\"position\":2,\"name\":\"Unsere Schule\",\"item\":\"https:\\\/\\\/gsmulsum-kutenholz.de\\\/?page_id=2\"},{\"@type\":\"ListItem\",\"position\":3,\"name\":\"Schule mit zwei Standorten\",\"item\":\"https:\\\/\\\/gsmulsum-kutenholz.de\\\/?page_id=1587\"},{\"@type\":\"ListItem\",\"position\":4,\"name\":\"Leitbild\"}]},{\"@type\":\"WebSite\",\"@id\":\"https:\\\/\\\/gsmulsum-kutenholz.de\\\/#website\",\"url\":\"https:\\\/\\\/gsmulsum-kutenholz.de\\\/\",\"name\":\"Grundschule Mulsum - Kutenholz\",\"description\":\"\",\"potentialAction\":[{\"@type\":\"SearchAction\",\"target\":{\"@type\":\"EntryPoint\",\"urlTemplate\":\"https:\\\/\\\/gsmulsum-kutenholz.de\\\/?s={search_term_string}\"},\"query-input\":{\"@type\":\"PropertyValueSpecification\",\"valueRequired\":true,\"valueName\":\"search_term_string\"}}],\"inLanguage\":\"de\"}]}<\/script>\n<!-- \/ Yoast SEO plugin. -->","yoast_head_json":{"title":"Leitbild - Grundschule Mulsum - Kutenholz","robots":{"index":"index","follow":"follow","max-snippet":"max-snippet:-1","max-image-preview":"max-image-preview:large","max-video-preview":"max-video-preview:-1"},"canonical":"https:\/\/gsmulsum-kutenholz.de\/?page_id=1584","og_locale":"de_DE","og_type":"article","og_title":"Leitbild - Grundschule Mulsum - Kutenholz","og_description":"Leitbild der Schule Wir lernen mit Kopf, Herz und Hand Daf\u00fcr steht die Grundschule Mulsum-Kutenholz: Gemeinschaft macht stark Pers\u00f6nlichkeit entwickeln, miteinander und mit Freude lernen Unser Leitbild macht deutlich, wof\u00fcr die Grundschule Mulsum-Kutenholz steht. Zugleich soll es allen Beteiligten der Schule Orientierung geben und festlegen, wie und woran wir arbeiten und wie wir miteinander umgehen. [&hellip;]","og_url":"https:\/\/gsmulsum-kutenholz.de\/?page_id=1584","og_site_name":"Grundschule Mulsum - Kutenholz","article_modified_time":"2018-05-10T16:36:12+00:00","twitter_card":"summary_large_image","twitter_misc":{"Gesch\u00e4tzte Lesezeit":"1\u00a0Minute"},"schema":{"@context":"https:\/\/schema.org","@graph":[{"@type":"WebPage","@id":"https:\/\/gsmulsum-kutenholz.de\/?page_id=1584","url":"https:\/\/gsmulsum-kutenholz.de\/?page_id=1584","name":"Leitbild - Grundschule Mulsum - Kutenholz","isPartOf":{"@id":"https:\/\/gsmulsum-kutenholz.de\/#website"},"datePublished":"2018-05-10T14:10:44+00:00","dateModified":"2018-05-10T16:36:12+00:00","breadcrumb":{"@id":"https:\/\/gsmulsum-kutenholz.de\/?page_id=1584#breadcrumb"},"inLanguage":"de","potentialAction":[{"@type":"ReadAction","target":["https:\/\/gsmulsum-kutenholz.de\/?page_id=1584"]}]},{"@type":"BreadcrumbList","@id":"https:\/\/gsmulsum-kutenholz.de\/?page_id=1584#breadcrumb","itemListElement":[{"@type":"ListItem","position":1,"name":"Start","item":"https:\/\/gsmulsum-kutenholz.de\/"},{"@type":"ListItem","position":2,"name":"Unsere Schule","item":"https:\/\/gsmulsum-kutenholz.de\/?page_id=2"},{"@type":"ListItem","position":3,"name":"Schule mit zwei Standorten","item":"https:\/\/gsmulsum-kutenholz.de\/?page_id=1587"},{"@type":"ListItem","position":4,"name":"Leitbild"}]},{"@type":"WebSite","@id":"https:\/\/gsmulsum-kutenholz.de\/#website","url":"https:\/\/gsmulsum-kutenholz.de\/","name":"Grundschule Mulsum - Kutenholz","description":"","potentialAction":[{"@type":"SearchAction","target":{"@type":"EntryPoint","urlTemplate":"https:\/\/gsmulsum-kutenholz.de\/?s={search_term_string}"},"query-input":{"@type":"PropertyValueSpecification","valueRequired":true,"valueName":"search_term_string"}}],"inLanguage":"de"}]}},"_links":{"self":[{"href":"https:\/\/gsmulsum-kutenholz.de\/index.php?rest_route=\/wp\/v2\/pages\/1584","targetHints":{"allow":["GET"]}}],"collection":[{"href":"https:\/\/gsmulsum-kutenholz.de\/index.php?rest_route=\/wp\/v2\/pages"}],"about":[{"href":"https:\/\/gsmulsum-kutenholz.de\/index.php?rest_route=\/wp\/v2\/types\/page"}],"author":[{"embeddable":true,"href":"https:\/\/gsmulsum-kutenholz.de\/index.php?rest_route=\/wp\/v2\/users\/2"}],"replies":[{"embeddable":true,"href":"https:\/\/gsmulsum-kutenholz.de\/index.php?rest_route=%2Fwp%2Fv2%2Fcomments&post=1584"}],"version-history":[{"count":4,"href":"https:\/\/gsmulsum-kutenholz.de\/index.php?rest_route=\/wp\/v2\/pages\/1584\/revisions"}],"predecessor-version":[{"id":1641,"href":"https:\/\/gsmulsum-kutenholz.de\/index.php?rest_route=\/wp\/v2\/pages\/1584\/revisions\/1641"}],"up":[{"embeddable":true,"href":"https:\/\/gsmulsum-kutenholz.de\/index.php?rest_route=\/wp\/v2\/pages\/1587"}],"wp:attachment":[{"href":"https:\/\/gsmulsum-kutenholz.de\/index.php?rest_route=%2Fwp%2Fv2%2Fmedia&parent=1584"}],"curies":[{"name":"wp","href":"https:\/\/api.w.org\/{rel}","templated":true}]}}