{"id":1591,"date":"2018-05-10T16:18:12","date_gmt":"2018-05-10T14:18:12","guid":{"rendered":"http:\/\/gsmulsum-kutenholz.de\/?page_id=1591"},"modified":"2024-08-26T17:09:30","modified_gmt":"2024-08-26T15:09:30","slug":"schulregeln","status":"publish","type":"page","link":"https:\/\/gsmulsum-kutenholz.de\/?page_id=1591","title":{"rendered":"Schulregeln"},"content":{"rendered":"<p style=\"text-align: center;\"><strong><span style=\"color: #ff6600;\">Unsere Schulregeln<\/span><\/strong><\/p>\n<hr>\n<p><span style=\"color: #ff6600;\"><br \/>\nUnsere Schule ist ein Geb\u00e4ude, in dem viele Menschen viele Stunden gemeinsam verbringen.<br \/>\nWir m\u00f6chten, dass alle gerne zur Schule kommen und sich hier sicher und wohl f\u00fchlen. In unserer Schule soll es friedlich sein. Alle sollen mit Achtung behandelt werden und ohne Angst hier leben und arbeiten k\u00f6nnen. Alle sollen die M\u00f6glichkeit bekommen, entsprechend ihrer F\u00e4higkeiten, so viel wie m\u00f6glich zu lernen. In unserer Schule ber\u00fccksichtigen wir sowohl Kinder mit Leistungsdefiziten, als auch Kinder die sich bereits eigenst\u00e4ndig mit Problemstellungen auseinandersetzen. Wir stellen allen Kindern dazu ausreichend handlungsorientiertes Material zur Verf\u00fcgung, sodass ein individuelles Lernen stattfinden kann.<\/span><\/p>\n<p><span style=\"color: #ff6600;\">Dazu brauchen wir Regeln:<\/span><\/p>\n<p style=\"text-align: center;\"><strong><span style=\"color: #ff6600;\">Miteinander<\/span><\/strong><\/p>\n<p><strong><span style=\"color: #ff6600;\">Freundlichkeit und Respekt<\/span><\/strong><\/p>\n<p><span style=\"color: #ff6600;\">Wir gehen freundlich und h\u00f6flich miteinander um (gegenseitiges Gr\u00fc\u00dfen, dem anderen die T\u00fcr aufhalten, \u201ebitte\u201c und \u201edanke\u201c sagen und vieles mehr).<br \/>\nWir lachen niemanden aus. Spott und Schimpfw\u00f6rter sind beleidigend und geh\u00f6ren nicht in die Schule. Bevor wir eine andere Klasse betreten, klopfen wir an.<br \/>\nWir schlagen, treten, kratzen, bespucken, \u2026 niemanden.<br \/>\nSpa\u00dfk\u00e4mpfe sind verboten. Im Unterricht sind Kaugummi kauen und das Tragen von M\u00fctzen, Kappen und Kapuzen verboten. Spielsachen und Sammelkarten geh\u00f6ren nicht in die Schule.<br \/>\nWir gehorchen allen Lehrkr\u00e4ften und Mitarbeitern.<\/span><\/p>\n<p><strong><span style=\"color: #ff6600;\">R\u00fccksichtnahme<\/span><\/strong><\/p>\n<p><span style=\"color: #ff6600;\">Wir rennen nicht im Geb\u00e4ude.<br \/>\nWir gehen die Treppen leise hinauf und hinunter \u2013 Springen und Klettern sind verboten.<br \/>\nWir werfen oder schie\u00dfen nicht mit harten oder nassen B\u00e4llen oder Gegenst\u00e4nden.<br \/>\nWir werfen nicht mit Schneeb\u00e4llen.<\/span><\/p>\n<p><strong><span style=\"color: #ff6600;\">Behutsamkeit<\/span><\/strong><\/p>\n<p><span style=\"color: #ff6600;\">Wir gehen mit den Einrichtungen unserer Schule und dem Eigentum unserer Mitsch\u00fcler\/innen sorgsam um. Wir schlie\u00dfen die T\u00fcren leise. Wir lassen Nachbargrundst\u00fccke und Geb\u00e4ude in Ruhe.<\/span><\/p>\n<p style=\"text-align: center;\"><strong><span style=\"color: #ff6600;\">Sauberkeit und Ordnung<\/span><\/strong><\/p>\n<p><span style=\"color: #ff6600;\"><b>Sauberkeit <\/b><span style=\"text-align: left; color: #ff6600; text-transform: none; text-indent: 0px; letter-spacing: normal; font-family: Georgia,'Times New Roman','Bitstream Charter',Times,serif; font-size: 16px; font-style: normal; font-variant: normal; text-decoration: none; word-spacing: 0px; display: inline !important; white-space: normal; orphans: 2; float: none; -webkit-text-stroke-width: 0px; background-color: transparent;\"><span style=\"display: inline !important; float: none; background-color: transparent; color: #ff6600; font-family: Georgia,'Times New Roman','Bitstream Charter',Times,serif; font-size: 16px; font-style: normal; font-variant: normal; font-weight: bold; letter-spacing: normal; orphans: 2; text-align: left; text-decoration: none; text-indent: 0px; text-transform: none; -webkit-text-stroke-width: 0px; white-space: normal; word-spacing: 0px;\">und O<\/span><b>rdnung <\/b><\/span><\/span><\/p>\n<p><span style=\"color: #ff6600;\">Wir achten auf Sauberkeit auf dem Schulhof.<\/span><br \/>\n<span style=\"color: #ff6600;\">Wir sorgen f\u00fcr Ordnung und Sauberkeit in den Klassenr\u00e4umen.<\/span><br \/>\n<span style=\"color: #ff6600;\">Wir sortieren den M\u00fcll.<\/span><br \/>\n<span style=\"color: #ff6600;\">Wir halten Ordnung an unserem Arbeitsplatz und helfen anderen beim Aufr\u00e4umen.<\/span><br \/>\n<span style=\"color: #ff6600;\">Nach dem Unterricht\/Fachunterricht wird der Klassenraum ordentlich verlassen.<\/span><br \/>\n<span style=\"color: #ff6600;\">Wir halten die Toiletten sauber und spielen dort nicht.<\/span><br \/>\n<span style=\"color: #ff6600;\">Kleidungsst\u00fccke h\u00e4ngen wir an die Garderobenhaken.<\/span><\/p>\n<p><strong><span style=\"color: #ff6600;\">Arbeitsmaterial<\/span><\/strong><\/p>\n<p><span style=\"color: #ff6600;\">Vor dem Unterricht bereite ich meinen Arbeitsplatz vor, damit alle ben\u00f6tigten Sachen am Tisch sind. W\u00e4hrend meiner Arbeit achte ich auf einen aufger\u00e4umten Arbeitsplatz. Am Stundenende r\u00e4ume ich den Tisch auf und schaue auch unter dem Platz nach, ob dort noch Dinge liegen. Ich schreibe alle wichtigen Sachen in ein Hausaufgabenheft.<\/span><\/p>\n<p><span style=\"color: #ff6600;\">Nachdem ich meine Hausaufgaben erledigt habe, packe ich meine Schultasche f\u00fcr den n\u00e4chsten Tag nach Stundenplan.<\/span><br \/>\n<span style=\"color: #ff6600;\">Meine Sportsachen bringe ich zu den Sportstunden zuverl\u00e4ssig mit und nehme es zur Kontrolle w\u00f6chentlich mit nach Hause.<\/span><br \/>\n<span style=\"color: #ff6600;\">Die Hausaufgaben fertige ich regelm\u00e4\u00dfig und ordentlich an.<\/span><\/p>\n<p style=\"text-align: center;\"><strong><span style=\"color: #ff6600;\">Konflikte<\/span><\/strong><\/p>\n<p><strong><span style=\"color: #ff6600;\">Vorschl\u00e4ge zur Konfliktl\u00f6sung<\/span><\/strong><\/p>\n<p><span style=\"color: #ff6600;\">Wenn mich jemand provoziert, kann ich mich so verhalten:<\/span><br \/>\n<span style=\"color: #ff6600;\">Ich bleibe ruhig!<\/span><br \/>\n<span style=\"color: #ff6600;\">Ich lasse mich nicht provozieren!<\/span><br \/>\n<span style=\"color: #ff6600;\">Ich spreche mit dem anderen!<\/span><br \/>\n<span style=\"color: #ff6600;\">Ich hole einen Erwachsenen zu Hilfe.<\/span><br \/>\n<span style=\"color: #ff6600;\">Wenn sich zwei streiten, sage ich: \u201eH\u00f6rt auf!\u201c<\/span><br \/>\n<span style=\"color: #ff6600;\">Nach einem Streit entschuldige ich mich.<\/span><\/p>\n<p><span style=\"color: #ff6600;\"><strong>Handys und Smartwatches<\/strong><\/span><\/p>\n<p><span style=\"color: #ff6600;\">Die Nutzung von digitalen Speichermedien und Mobiltelefonen ist nur zu Unterrichtszwecken auf Aufforderung der Lehrkraft erlaubt. Falls Ihr Kind eine Smartwatch oder ein Smartphone besitzt, sorgen Sie bitte daf\u00fcr, dass diese Ger\u00e4te in ausgeschaltetem Zustand im Schulranzen bleiben oder \u2013 besser noch \u2013 erst gar nicht in die Schule mitgenommen werden. Ausnahmen teilen Ihnen im Einzelfall die Lehrer\/Lehrerinnen mit.<\/span><\/p>\n<p>&nbsp;<\/p>\n","protected":false},"excerpt":{"rendered":"<p>Unsere Schulregeln Unsere Schule ist ein Geb\u00e4ude, in dem viele Menschen viele Stunden gemeinsam verbringen. Wir m\u00f6chten, dass alle gerne zur Schule kommen und sich hier sicher und wohl f\u00fchlen. In unserer Schule soll es friedlich sein. Alle sollen mit Achtung behandelt werden und ohne Angst hier leben und arbeiten k\u00f6nnen. Alle sollen die M\u00f6glichkeit [&hellip;]<\/p>\n","protected":false},"author":2,"featured_media":0,"parent":100,"menu_order":0,"comment_status":"closed","ping_status":"closed","template":"","meta":{"ngg_post_thumbnail":0,"footnotes":""},"class_list":["post-1591","page","type-page","status-publish","hentry"],"yoast_head":"<!-- This site is optimized with the Yoast SEO plugin v27.4 - https:\/\/yoast.com\/product\/yoast-seo-wordpress\/ -->\n<title>Schulregeln - Grundschule Mulsum - Kutenholz<\/title>\n<meta name=\"robots\" content=\"index, follow, max-snippet:-1, max-image-preview:large, max-video-preview:-1\" \/>\n<link rel=\"canonical\" href=\"https:\/\/gsmulsum-kutenholz.de\/?page_id=1591\" \/>\n<meta property=\"og:locale\" content=\"de_DE\" \/>\n<meta property=\"og:type\" content=\"article\" \/>\n<meta property=\"og:title\" content=\"Schulregeln - Grundschule Mulsum - Kutenholz\" \/>\n<meta property=\"og:description\" content=\"Unsere Schulregeln Unsere Schule ist ein Geb\u00e4ude, in dem viele Menschen viele Stunden gemeinsam verbringen. Wir m\u00f6chten, dass alle gerne zur Schule kommen und sich hier sicher und wohl f\u00fchlen. In unserer Schule soll es friedlich sein. Alle sollen mit Achtung behandelt werden und ohne Angst hier leben und arbeiten k\u00f6nnen. Alle sollen die M\u00f6glichkeit [&hellip;]\" \/>\n<meta property=\"og:url\" content=\"https:\/\/gsmulsum-kutenholz.de\/?page_id=1591\" \/>\n<meta property=\"og:site_name\" content=\"Grundschule Mulsum - Kutenholz\" \/>\n<meta property=\"article:modified_time\" content=\"2024-08-26T15:09:30+00:00\" \/>\n<meta name=\"twitter:card\" content=\"summary_large_image\" \/>\n<meta name=\"twitter:label1\" content=\"Gesch\u00e4tzte Lesezeit\" \/>\n\t<meta name=\"twitter:data1\" content=\"3\u00a0Minuten\" \/>\n<script type=\"application\/ld+json\" class=\"yoast-schema-graph\">{\"@context\":\"https:\\\/\\\/schema.org\",\"@graph\":[{\"@type\":\"WebPage\",\"@id\":\"https:\\\/\\\/gsmulsum-kutenholz.de\\\/?page_id=1591\",\"url\":\"https:\\\/\\\/gsmulsum-kutenholz.de\\\/?page_id=1591\",\"name\":\"Schulregeln - Grundschule Mulsum - Kutenholz\",\"isPartOf\":{\"@id\":\"https:\\\/\\\/gsmulsum-kutenholz.de\\\/#website\"},\"datePublished\":\"2018-05-10T14:18:12+00:00\",\"dateModified\":\"2024-08-26T15:09:30+00:00\",\"breadcrumb\":{\"@id\":\"https:\\\/\\\/gsmulsum-kutenholz.de\\\/?page_id=1591#breadcrumb\"},\"inLanguage\":\"de\",\"potentialAction\":[{\"@type\":\"ReadAction\",\"target\":[\"https:\\\/\\\/gsmulsum-kutenholz.de\\\/?page_id=1591\"]}]},{\"@type\":\"BreadcrumbList\",\"@id\":\"https:\\\/\\\/gsmulsum-kutenholz.de\\\/?page_id=1591#breadcrumb\",\"itemListElement\":[{\"@type\":\"ListItem\",\"position\":1,\"name\":\"Start\",\"item\":\"https:\\\/\\\/gsmulsum-kutenholz.de\\\/\"},{\"@type\":\"ListItem\",\"position\":2,\"name\":\"Schulleben\",\"item\":\"https:\\\/\\\/gsmulsum-kutenholz.de\\\/?page_id=100\"},{\"@type\":\"ListItem\",\"position\":3,\"name\":\"Schulregeln\"}]},{\"@type\":\"WebSite\",\"@id\":\"https:\\\/\\\/gsmulsum-kutenholz.de\\\/#website\",\"url\":\"https:\\\/\\\/gsmulsum-kutenholz.de\\\/\",\"name\":\"Grundschule Mulsum - Kutenholz\",\"description\":\"\",\"potentialAction\":[{\"@type\":\"SearchAction\",\"target\":{\"@type\":\"EntryPoint\",\"urlTemplate\":\"https:\\\/\\\/gsmulsum-kutenholz.de\\\/?s={search_term_string}\"},\"query-input\":{\"@type\":\"PropertyValueSpecification\",\"valueRequired\":true,\"valueName\":\"search_term_string\"}}],\"inLanguage\":\"de\"}]}<\/script>\n<!-- \/ Yoast SEO plugin. -->","yoast_head_json":{"title":"Schulregeln - Grundschule Mulsum - Kutenholz","robots":{"index":"index","follow":"follow","max-snippet":"max-snippet:-1","max-image-preview":"max-image-preview:large","max-video-preview":"max-video-preview:-1"},"canonical":"https:\/\/gsmulsum-kutenholz.de\/?page_id=1591","og_locale":"de_DE","og_type":"article","og_title":"Schulregeln - Grundschule Mulsum - Kutenholz","og_description":"Unsere Schulregeln Unsere Schule ist ein Geb\u00e4ude, in dem viele Menschen viele Stunden gemeinsam verbringen. Wir m\u00f6chten, dass alle gerne zur Schule kommen und sich hier sicher und wohl f\u00fchlen. In unserer Schule soll es friedlich sein. Alle sollen mit Achtung behandelt werden und ohne Angst hier leben und arbeiten k\u00f6nnen. Alle sollen die M\u00f6glichkeit [&hellip;]","og_url":"https:\/\/gsmulsum-kutenholz.de\/?page_id=1591","og_site_name":"Grundschule Mulsum - Kutenholz","article_modified_time":"2024-08-26T15:09:30+00:00","twitter_card":"summary_large_image","twitter_misc":{"Gesch\u00e4tzte Lesezeit":"3\u00a0Minuten"},"schema":{"@context":"https:\/\/schema.org","@graph":[{"@type":"WebPage","@id":"https:\/\/gsmulsum-kutenholz.de\/?page_id=1591","url":"https:\/\/gsmulsum-kutenholz.de\/?page_id=1591","name":"Schulregeln - Grundschule Mulsum - Kutenholz","isPartOf":{"@id":"https:\/\/gsmulsum-kutenholz.de\/#website"},"datePublished":"2018-05-10T14:18:12+00:00","dateModified":"2024-08-26T15:09:30+00:00","breadcrumb":{"@id":"https:\/\/gsmulsum-kutenholz.de\/?page_id=1591#breadcrumb"},"inLanguage":"de","potentialAction":[{"@type":"ReadAction","target":["https:\/\/gsmulsum-kutenholz.de\/?page_id=1591"]}]},{"@type":"BreadcrumbList","@id":"https:\/\/gsmulsum-kutenholz.de\/?page_id=1591#breadcrumb","itemListElement":[{"@type":"ListItem","position":1,"name":"Start","item":"https:\/\/gsmulsum-kutenholz.de\/"},{"@type":"ListItem","position":2,"name":"Schulleben","item":"https:\/\/gsmulsum-kutenholz.de\/?page_id=100"},{"@type":"ListItem","position":3,"name":"Schulregeln"}]},{"@type":"WebSite","@id":"https:\/\/gsmulsum-kutenholz.de\/#website","url":"https:\/\/gsmulsum-kutenholz.de\/","name":"Grundschule Mulsum - Kutenholz","description":"","potentialAction":[{"@type":"SearchAction","target":{"@type":"EntryPoint","urlTemplate":"https:\/\/gsmulsum-kutenholz.de\/?s={search_term_string}"},"query-input":{"@type":"PropertyValueSpecification","valueRequired":true,"valueName":"search_term_string"}}],"inLanguage":"de"}]}},"_links":{"self":[{"href":"https:\/\/gsmulsum-kutenholz.de\/index.php?rest_route=\/wp\/v2\/pages\/1591","targetHints":{"allow":["GET"]}}],"collection":[{"href":"https:\/\/gsmulsum-kutenholz.de\/index.php?rest_route=\/wp\/v2\/pages"}],"about":[{"href":"https:\/\/gsmulsum-kutenholz.de\/index.php?rest_route=\/wp\/v2\/types\/page"}],"author":[{"embeddable":true,"href":"https:\/\/gsmulsum-kutenholz.de\/index.php?rest_route=\/wp\/v2\/users\/2"}],"replies":[{"embeddable":true,"href":"https:\/\/gsmulsum-kutenholz.de\/index.php?rest_route=%2Fwp%2Fv2%2Fcomments&post=1591"}],"version-history":[{"count":13,"href":"https:\/\/gsmulsum-kutenholz.de\/index.php?rest_route=\/wp\/v2\/pages\/1591\/revisions"}],"predecessor-version":[{"id":5084,"href":"https:\/\/gsmulsum-kutenholz.de\/index.php?rest_route=\/wp\/v2\/pages\/1591\/revisions\/5084"}],"up":[{"embeddable":true,"href":"https:\/\/gsmulsum-kutenholz.de\/index.php?rest_route=\/wp\/v2\/pages\/100"}],"wp:attachment":[{"href":"https:\/\/gsmulsum-kutenholz.de\/index.php?rest_route=%2Fwp%2Fv2%2Fmedia&parent=1591"}],"curies":[{"name":"wp","href":"https:\/\/api.w.org\/{rel}","templated":true}]}}