{"id":1599,"date":"2018-05-10T16:30:58","date_gmt":"2018-05-10T14:30:58","guid":{"rendered":"http:\/\/gsmulsum-kutenholz.de\/?page_id=1599"},"modified":"2018-05-10T19:48:00","modified_gmt":"2018-05-10T17:48:00","slug":"konzept","status":"publish","type":"page","link":"https:\/\/gsmulsum-kutenholz.de\/?page_id=1599","title":{"rendered":"Konzept"},"content":{"rendered":"<p style=\"text-align: center;\"><strong>Musikalische Grundschule<\/strong><\/p>\n<hr>\n<p><strong>Projektbeschreibung<\/strong><\/p>\n<p>Schulen sind heute mehr denn je aufgerufen, im Sinne der individuellen F\u00f6rderung jedem Kind die ihm gem\u00e4\u00dfen Bildungschancen zu er\u00f6ffnen. Insbesondere an Grundschulen treffen Kinder unterschiedlicher Herkunft und Bildungserfahrungen zusammen. Hier kann Musik Br\u00fccken bauen. Weil Kinder leicht f\u00fcr Musik zu begeistern sind, finden sich in der und \u00fcber die Musik vielf\u00e4ltige Wege, die St\u00e4rken eines jeden Kindes aufzudecken, anzusprechen und damit positive Lernerfahrungen zu erm\u00f6glichen \u2013 unabh\u00e4ngig von Herkunft, Sprache und Bildungsstand. Die Musikalische Grundschule erm\u00f6glicht allen Kindern in der allt\u00e4glichen schulischen Praxis den Zugang zu Musik und leistet auf diese Weise ihren Beitrag zu mehr Teilhabe und Chancengerechtigkeit.<\/p>\n<p>Die Musikalische Grundschule nutzt Musik als Medium und Motor f\u00fcr einen ganzheitlichen Schulentwicklungsprozess. Ziel der gemeinsamen Entwicklung hin zur Musikalischen Grundschule ist es, eine methodisch und didaktisch lebendige, phantasievolle Schule f\u00fcr und mit allen Beteiligten zu realisieren.<\/p>\n<p style=\"text-align: center;\"><strong>Logo der musikalischen Grundschule<\/strong><\/p>\n<p><img loading=\"lazy\" decoding=\"async\" width=\"300\" height=\"108\" class=\"alignnone size-medium wp-image-231\" alt=\"\" src=\"https:\/\/gsmulsum-kutenholz.de\/wp-content\/uploads\/2018\/04\/musik-grund-nied-1-300x108.png\" srcset=\"https:\/\/gsmulsum-kutenholz.de\/wp-content\/uploads\/2018\/04\/musik-grund-nied-1-300x108.png 300w, https:\/\/gsmulsum-kutenholz.de\/wp-content\/uploads\/2018\/04\/musik-grund-nied-1.png 374w\" sizes=\"auto, (max-width: 300px) 100vw, 300px\" \/><\/p>\n<p><strong>Die Musikalische Grundschule f\u00f6rdert die Pers\u00f6nlichkeitsentwicklung der Kinder:<\/strong><\/p>\n<p>\u00dcber die aktive Auseinandersetzung mit Musik wird die Entwicklung des sinnlichen, sprachlichen und motorischen Selbstausdruckes unterst\u00fctzt, das k\u00f6rperliche und seelische Wohlbefinden gef\u00f6rdert, die kindliche Lernfreude gest\u00e4rkt und das soziale Miteinander an der Schule verbessert. Das Konzept der Musikalischen Grundschule wurde als Kooperationsprojekt der Bertelsmann Stiftung und des Hessischen Kultusministerium entwickelt und in der Schulpraxis erprobt.<\/p>\n<p>Initiiert durch die Bertelsmann Stiftung wird das Konzept der Musikalischen Grundschule aktuell (Stand 2013) in Kooperation mit den Kultusministerien und weiteren Partnern in Hessen, Berlin, Bayern, Th\u00fcringen und Niedersachsen an ca. 300 Schulen umgesetzt. Der Transfer in weitere Bundesl\u00e4nder ist in Vorbereitung.<\/p>\n","protected":false},"excerpt":{"rendered":"<p>Musikalische Grundschule Projektbeschreibung Schulen sind heute mehr denn je aufgerufen, im Sinne der individuellen F\u00f6rderung jedem Kind die ihm gem\u00e4\u00dfen Bildungschancen zu er\u00f6ffnen. Insbesondere an Grundschulen treffen Kinder unterschiedlicher Herkunft und Bildungserfahrungen zusammen. Hier kann Musik Br\u00fccken bauen. Weil Kinder leicht f\u00fcr Musik zu begeistern sind, finden sich in der und \u00fcber die Musik vielf\u00e4ltige [&hellip;]<\/p>\n","protected":false},"author":2,"featured_media":0,"parent":95,"menu_order":0,"comment_status":"closed","ping_status":"closed","template":"","meta":{"ngg_post_thumbnail":0,"footnotes":""},"class_list":["post-1599","page","type-page","status-publish","hentry"],"yoast_head":"<!-- This site is optimized with the Yoast SEO plugin v27.4 - https:\/\/yoast.com\/product\/yoast-seo-wordpress\/ -->\n<title>Konzept - Grundschule Mulsum - Kutenholz<\/title>\n<meta name=\"robots\" content=\"index, follow, max-snippet:-1, max-image-preview:large, max-video-preview:-1\" \/>\n<link rel=\"canonical\" href=\"https:\/\/gsmulsum-kutenholz.de\/?page_id=1599\" \/>\n<meta property=\"og:locale\" content=\"de_DE\" \/>\n<meta property=\"og:type\" content=\"article\" \/>\n<meta property=\"og:title\" content=\"Konzept - Grundschule Mulsum - Kutenholz\" \/>\n<meta property=\"og:description\" content=\"Musikalische Grundschule Projektbeschreibung Schulen sind heute mehr denn je aufgerufen, im Sinne der individuellen F\u00f6rderung jedem Kind die ihm gem\u00e4\u00dfen Bildungschancen zu er\u00f6ffnen. Insbesondere an Grundschulen treffen Kinder unterschiedlicher Herkunft und Bildungserfahrungen zusammen. Hier kann Musik Br\u00fccken bauen. Weil Kinder leicht f\u00fcr Musik zu begeistern sind, finden sich in der und \u00fcber die Musik vielf\u00e4ltige [&hellip;]\" \/>\n<meta property=\"og:url\" content=\"https:\/\/gsmulsum-kutenholz.de\/?page_id=1599\" \/>\n<meta property=\"og:site_name\" content=\"Grundschule Mulsum - Kutenholz\" \/>\n<meta property=\"article:modified_time\" content=\"2018-05-10T17:48:00+00:00\" \/>\n<meta property=\"og:image\" content=\"https:\/\/gsmulsum-kutenholz.de\/wp-content\/uploads\/2018\/04\/musik-grund-nied-1.png\" \/>\n\t<meta property=\"og:image:width\" content=\"374\" \/>\n\t<meta property=\"og:image:height\" content=\"135\" \/>\n\t<meta property=\"og:image:type\" content=\"image\/png\" \/>\n<meta name=\"twitter:card\" content=\"summary_large_image\" \/>\n<meta name=\"twitter:label1\" content=\"Gesch\u00e4tzte Lesezeit\" \/>\n\t<meta name=\"twitter:data1\" content=\"1\u00a0Minute\" \/>\n<script type=\"application\/ld+json\" class=\"yoast-schema-graph\">{\"@context\":\"https:\\\/\\\/schema.org\",\"@graph\":[{\"@type\":\"WebPage\",\"@id\":\"https:\\\/\\\/gsmulsum-kutenholz.de\\\/?page_id=1599\",\"url\":\"https:\\\/\\\/gsmulsum-kutenholz.de\\\/?page_id=1599\",\"name\":\"Konzept - Grundschule Mulsum - Kutenholz\",\"isPartOf\":{\"@id\":\"https:\\\/\\\/gsmulsum-kutenholz.de\\\/#website\"},\"primaryImageOfPage\":{\"@id\":\"https:\\\/\\\/gsmulsum-kutenholz.de\\\/?page_id=1599#primaryimage\"},\"image\":{\"@id\":\"https:\\\/\\\/gsmulsum-kutenholz.de\\\/?page_id=1599#primaryimage\"},\"thumbnailUrl\":\"https:\\\/\\\/gsmulsum-kutenholz.de\\\/wp-content\\\/uploads\\\/2018\\\/04\\\/musik-grund-nied-1-300x108.png\",\"datePublished\":\"2018-05-10T14:30:58+00:00\",\"dateModified\":\"2018-05-10T17:48:00+00:00\",\"breadcrumb\":{\"@id\":\"https:\\\/\\\/gsmulsum-kutenholz.de\\\/?page_id=1599#breadcrumb\"},\"inLanguage\":\"de\",\"potentialAction\":[{\"@type\":\"ReadAction\",\"target\":[\"https:\\\/\\\/gsmulsum-kutenholz.de\\\/?page_id=1599\"]}]},{\"@type\":\"ImageObject\",\"inLanguage\":\"de\",\"@id\":\"https:\\\/\\\/gsmulsum-kutenholz.de\\\/?page_id=1599#primaryimage\",\"url\":\"https:\\\/\\\/gsmulsum-kutenholz.de\\\/wp-content\\\/uploads\\\/2018\\\/04\\\/musik-grund-nied-1.png\",\"contentUrl\":\"https:\\\/\\\/gsmulsum-kutenholz.de\\\/wp-content\\\/uploads\\\/2018\\\/04\\\/musik-grund-nied-1.png\",\"width\":374,\"height\":135},{\"@type\":\"BreadcrumbList\",\"@id\":\"https:\\\/\\\/gsmulsum-kutenholz.de\\\/?page_id=1599#breadcrumb\",\"itemListElement\":[{\"@type\":\"ListItem\",\"position\":1,\"name\":\"Start\",\"item\":\"https:\\\/\\\/gsmulsum-kutenholz.de\\\/\"},{\"@type\":\"ListItem\",\"position\":2,\"name\":\"Musikalische Grundschule\",\"item\":\"https:\\\/\\\/gsmulsum-kutenholz.de\\\/?page_id=95\"},{\"@type\":\"ListItem\",\"position\":3,\"name\":\"Konzept\"}]},{\"@type\":\"WebSite\",\"@id\":\"https:\\\/\\\/gsmulsum-kutenholz.de\\\/#website\",\"url\":\"https:\\\/\\\/gsmulsum-kutenholz.de\\\/\",\"name\":\"Grundschule Mulsum - Kutenholz\",\"description\":\"\",\"potentialAction\":[{\"@type\":\"SearchAction\",\"target\":{\"@type\":\"EntryPoint\",\"urlTemplate\":\"https:\\\/\\\/gsmulsum-kutenholz.de\\\/?s={search_term_string}\"},\"query-input\":{\"@type\":\"PropertyValueSpecification\",\"valueRequired\":true,\"valueName\":\"search_term_string\"}}],\"inLanguage\":\"de\"}]}<\/script>\n<!-- \/ Yoast SEO plugin. -->","yoast_head_json":{"title":"Konzept - Grundschule Mulsum - Kutenholz","robots":{"index":"index","follow":"follow","max-snippet":"max-snippet:-1","max-image-preview":"max-image-preview:large","max-video-preview":"max-video-preview:-1"},"canonical":"https:\/\/gsmulsum-kutenholz.de\/?page_id=1599","og_locale":"de_DE","og_type":"article","og_title":"Konzept - Grundschule Mulsum - Kutenholz","og_description":"Musikalische Grundschule Projektbeschreibung Schulen sind heute mehr denn je aufgerufen, im Sinne der individuellen F\u00f6rderung jedem Kind die ihm gem\u00e4\u00dfen Bildungschancen zu er\u00f6ffnen. Insbesondere an Grundschulen treffen Kinder unterschiedlicher Herkunft und Bildungserfahrungen zusammen. Hier kann Musik Br\u00fccken bauen. Weil Kinder leicht f\u00fcr Musik zu begeistern sind, finden sich in der und \u00fcber die Musik vielf\u00e4ltige [&hellip;]","og_url":"https:\/\/gsmulsum-kutenholz.de\/?page_id=1599","og_site_name":"Grundschule Mulsum - Kutenholz","article_modified_time":"2018-05-10T17:48:00+00:00","og_image":[{"width":374,"height":135,"url":"https:\/\/gsmulsum-kutenholz.de\/wp-content\/uploads\/2018\/04\/musik-grund-nied-1.png","type":"image\/png"}],"twitter_card":"summary_large_image","twitter_misc":{"Gesch\u00e4tzte Lesezeit":"1\u00a0Minute"},"schema":{"@context":"https:\/\/schema.org","@graph":[{"@type":"WebPage","@id":"https:\/\/gsmulsum-kutenholz.de\/?page_id=1599","url":"https:\/\/gsmulsum-kutenholz.de\/?page_id=1599","name":"Konzept - Grundschule Mulsum - Kutenholz","isPartOf":{"@id":"https:\/\/gsmulsum-kutenholz.de\/#website"},"primaryImageOfPage":{"@id":"https:\/\/gsmulsum-kutenholz.de\/?page_id=1599#primaryimage"},"image":{"@id":"https:\/\/gsmulsum-kutenholz.de\/?page_id=1599#primaryimage"},"thumbnailUrl":"https:\/\/gsmulsum-kutenholz.de\/wp-content\/uploads\/2018\/04\/musik-grund-nied-1-300x108.png","datePublished":"2018-05-10T14:30:58+00:00","dateModified":"2018-05-10T17:48:00+00:00","breadcrumb":{"@id":"https:\/\/gsmulsum-kutenholz.de\/?page_id=1599#breadcrumb"},"inLanguage":"de","potentialAction":[{"@type":"ReadAction","target":["https:\/\/gsmulsum-kutenholz.de\/?page_id=1599"]}]},{"@type":"ImageObject","inLanguage":"de","@id":"https:\/\/gsmulsum-kutenholz.de\/?page_id=1599#primaryimage","url":"https:\/\/gsmulsum-kutenholz.de\/wp-content\/uploads\/2018\/04\/musik-grund-nied-1.png","contentUrl":"https:\/\/gsmulsum-kutenholz.de\/wp-content\/uploads\/2018\/04\/musik-grund-nied-1.png","width":374,"height":135},{"@type":"BreadcrumbList","@id":"https:\/\/gsmulsum-kutenholz.de\/?page_id=1599#breadcrumb","itemListElement":[{"@type":"ListItem","position":1,"name":"Start","item":"https:\/\/gsmulsum-kutenholz.de\/"},{"@type":"ListItem","position":2,"name":"Musikalische Grundschule","item":"https:\/\/gsmulsum-kutenholz.de\/?page_id=95"},{"@type":"ListItem","position":3,"name":"Konzept"}]},{"@type":"WebSite","@id":"https:\/\/gsmulsum-kutenholz.de\/#website","url":"https:\/\/gsmulsum-kutenholz.de\/","name":"Grundschule Mulsum - Kutenholz","description":"","potentialAction":[{"@type":"SearchAction","target":{"@type":"EntryPoint","urlTemplate":"https:\/\/gsmulsum-kutenholz.de\/?s={search_term_string}"},"query-input":{"@type":"PropertyValueSpecification","valueRequired":true,"valueName":"search_term_string"}}],"inLanguage":"de"}]}},"_links":{"self":[{"href":"https:\/\/gsmulsum-kutenholz.de\/index.php?rest_route=\/wp\/v2\/pages\/1599","targetHints":{"allow":["GET"]}}],"collection":[{"href":"https:\/\/gsmulsum-kutenholz.de\/index.php?rest_route=\/wp\/v2\/pages"}],"about":[{"href":"https:\/\/gsmulsum-kutenholz.de\/index.php?rest_route=\/wp\/v2\/types\/page"}],"author":[{"embeddable":true,"href":"https:\/\/gsmulsum-kutenholz.de\/index.php?rest_route=\/wp\/v2\/users\/2"}],"replies":[{"embeddable":true,"href":"https:\/\/gsmulsum-kutenholz.de\/index.php?rest_route=%2Fwp%2Fv2%2Fcomments&post=1599"}],"version-history":[{"count":5,"href":"https:\/\/gsmulsum-kutenholz.de\/index.php?rest_route=\/wp\/v2\/pages\/1599\/revisions"}],"predecessor-version":[{"id":1666,"href":"https:\/\/gsmulsum-kutenholz.de\/index.php?rest_route=\/wp\/v2\/pages\/1599\/revisions\/1666"}],"up":[{"embeddable":true,"href":"https:\/\/gsmulsum-kutenholz.de\/index.php?rest_route=\/wp\/v2\/pages\/95"}],"wp:attachment":[{"href":"https:\/\/gsmulsum-kutenholz.de\/index.php?rest_route=%2Fwp%2Fv2%2Fmedia&parent=1599"}],"curies":[{"name":"wp","href":"https:\/\/api.w.org\/{rel}","templated":true}]}}