{"id":1607,"date":"2018-05-10T16:33:23","date_gmt":"2018-05-10T14:33:23","guid":{"rendered":"http:\/\/gsmulsum-kutenholz.de\/?page_id=1607"},"modified":"2024-08-26T17:18:45","modified_gmt":"2024-08-26T15:18:45","slug":"musikkisten","status":"publish","type":"page","link":"https:\/\/gsmulsum-kutenholz.de\/?page_id=1607","title":{"rendered":"Musikkisten"},"content":{"rendered":"<p style=\"text-align: center;\"><span style=\"color: #800000;\"><strong>Instrumente f\u00fcr die Klassenr\u00e4ume<\/strong><\/span><\/p>\n<hr>\n<p><span style=\"color: #800000;\">In allen Klassen gibt es eine gro\u00dfe Musikkiste.<\/span><\/p>\n<p><span style=\"color: #800000;\">Diese Kisten waren im Vorfeld von Lehrkr\u00e4ften und Sch\u00fclern gemeinsam mit Klang- und Rhythmusinstrumenten best\u00fcckt worden.<\/span><\/p>\n<p><span style=\"color: #800000;\">Fortan steht in jedem Klassenraum ein Fundus an Instrumenten f\u00fcr den spontanen Einsatz in allen Unterrichtsf\u00e4chern zur Verf\u00fcgung.<\/span><\/p>\n<p><span style=\"color: #800000;\"><strong>\u201eMehr Musik vermittelt von mehr Beteiligten zu mehr Gelegenheiten in mehr F\u00e4chern\u201c<\/strong><\/span><\/p>\n<p><span style=\"color: #800000;\">Das ist das Prinzip der \u201eMusikalischen Grundschule\u201c, zu der sich die Grundschule Mulsum-Kutenholz seit Beginn des Schuljahres 2014\/2015 z\u00e4hlen darf. Die musikalische F\u00f6rderung ist hier seit jeher ein wichtiger Bestandteil im Schulalltag. Das Rhythmusgef\u00fchl, das f\u00fcr die sprachliche Entwicklung wichtig ist, soll mit den Instrumenten und dem Gesang bei den Kindern gef\u00f6rdert werden. Durch Musik werden die Sprache und das Geh\u00f6r der Kinder geschult, aber auch die Konzentrationsf\u00e4higkeit und das<\/span> <span style=\"color: #800000;\">soziale Miteinander. Auch f\u00f6rdert Musik das Selbstbewusstsein.<\/span><\/p>\n","protected":false},"excerpt":{"rendered":"<p>Instrumente f\u00fcr die Klassenr\u00e4ume In allen Klassen gibt es eine gro\u00dfe Musikkiste. Diese Kisten waren im Vorfeld von Lehrkr\u00e4ften und Sch\u00fclern gemeinsam mit Klang- und Rhythmusinstrumenten best\u00fcckt worden. Fortan steht in jedem Klassenraum ein Fundus an Instrumenten f\u00fcr den spontanen Einsatz in allen Unterrichtsf\u00e4chern zur Verf\u00fcgung. \u201eMehr Musik vermittelt von mehr Beteiligten zu mehr Gelegenheiten [&hellip;]<\/p>\n","protected":false},"author":2,"featured_media":0,"parent":95,"menu_order":0,"comment_status":"closed","ping_status":"closed","template":"","meta":{"ngg_post_thumbnail":0,"footnotes":""},"class_list":["post-1607","page","type-page","status-publish","hentry"],"yoast_head":"<!-- This site is optimized with the Yoast SEO plugin v27.4 - https:\/\/yoast.com\/product\/yoast-seo-wordpress\/ -->\n<title>Musikkisten - Grundschule Mulsum - Kutenholz<\/title>\n<meta name=\"robots\" content=\"index, follow, max-snippet:-1, max-image-preview:large, max-video-preview:-1\" \/>\n<link rel=\"canonical\" href=\"https:\/\/gsmulsum-kutenholz.de\/?page_id=1607\" \/>\n<meta property=\"og:locale\" content=\"de_DE\" \/>\n<meta property=\"og:type\" content=\"article\" \/>\n<meta property=\"og:title\" content=\"Musikkisten - Grundschule Mulsum - Kutenholz\" \/>\n<meta property=\"og:description\" content=\"Instrumente f\u00fcr die Klassenr\u00e4ume In allen Klassen gibt es eine gro\u00dfe Musikkiste. Diese Kisten waren im Vorfeld von Lehrkr\u00e4ften und Sch\u00fclern gemeinsam mit Klang- und Rhythmusinstrumenten best\u00fcckt worden. Fortan steht in jedem Klassenraum ein Fundus an Instrumenten f\u00fcr den spontanen Einsatz in allen Unterrichtsf\u00e4chern zur Verf\u00fcgung. \u201eMehr Musik vermittelt von mehr Beteiligten zu mehr Gelegenheiten [&hellip;]\" \/>\n<meta property=\"og:url\" content=\"https:\/\/gsmulsum-kutenholz.de\/?page_id=1607\" \/>\n<meta property=\"og:site_name\" content=\"Grundschule Mulsum - Kutenholz\" \/>\n<meta property=\"article:modified_time\" content=\"2024-08-26T15:18:45+00:00\" \/>\n<meta name=\"twitter:card\" content=\"summary_large_image\" \/>\n<meta name=\"twitter:label1\" content=\"Gesch\u00e4tzte Lesezeit\" \/>\n\t<meta name=\"twitter:data1\" content=\"1\u00a0Minute\" \/>\n<script type=\"application\/ld+json\" class=\"yoast-schema-graph\">{\"@context\":\"https:\\\/\\\/schema.org\",\"@graph\":[{\"@type\":\"WebPage\",\"@id\":\"https:\\\/\\\/gsmulsum-kutenholz.de\\\/?page_id=1607\",\"url\":\"https:\\\/\\\/gsmulsum-kutenholz.de\\\/?page_id=1607\",\"name\":\"Musikkisten - Grundschule Mulsum - Kutenholz\",\"isPartOf\":{\"@id\":\"https:\\\/\\\/gsmulsum-kutenholz.de\\\/#website\"},\"datePublished\":\"2018-05-10T14:33:23+00:00\",\"dateModified\":\"2024-08-26T15:18:45+00:00\",\"breadcrumb\":{\"@id\":\"https:\\\/\\\/gsmulsum-kutenholz.de\\\/?page_id=1607#breadcrumb\"},\"inLanguage\":\"de\",\"potentialAction\":[{\"@type\":\"ReadAction\",\"target\":[\"https:\\\/\\\/gsmulsum-kutenholz.de\\\/?page_id=1607\"]}]},{\"@type\":\"BreadcrumbList\",\"@id\":\"https:\\\/\\\/gsmulsum-kutenholz.de\\\/?page_id=1607#breadcrumb\",\"itemListElement\":[{\"@type\":\"ListItem\",\"position\":1,\"name\":\"Start\",\"item\":\"https:\\\/\\\/gsmulsum-kutenholz.de\\\/\"},{\"@type\":\"ListItem\",\"position\":2,\"name\":\"Musikalische Grundschule\",\"item\":\"https:\\\/\\\/gsmulsum-kutenholz.de\\\/?page_id=95\"},{\"@type\":\"ListItem\",\"position\":3,\"name\":\"Musikkisten\"}]},{\"@type\":\"WebSite\",\"@id\":\"https:\\\/\\\/gsmulsum-kutenholz.de\\\/#website\",\"url\":\"https:\\\/\\\/gsmulsum-kutenholz.de\\\/\",\"name\":\"Grundschule Mulsum - Kutenholz\",\"description\":\"\",\"potentialAction\":[{\"@type\":\"SearchAction\",\"target\":{\"@type\":\"EntryPoint\",\"urlTemplate\":\"https:\\\/\\\/gsmulsum-kutenholz.de\\\/?s={search_term_string}\"},\"query-input\":{\"@type\":\"PropertyValueSpecification\",\"valueRequired\":true,\"valueName\":\"search_term_string\"}}],\"inLanguage\":\"de\"}]}<\/script>\n<!-- \/ Yoast SEO plugin. -->","yoast_head_json":{"title":"Musikkisten - Grundschule Mulsum - Kutenholz","robots":{"index":"index","follow":"follow","max-snippet":"max-snippet:-1","max-image-preview":"max-image-preview:large","max-video-preview":"max-video-preview:-1"},"canonical":"https:\/\/gsmulsum-kutenholz.de\/?page_id=1607","og_locale":"de_DE","og_type":"article","og_title":"Musikkisten - Grundschule Mulsum - Kutenholz","og_description":"Instrumente f\u00fcr die Klassenr\u00e4ume In allen Klassen gibt es eine gro\u00dfe Musikkiste. Diese Kisten waren im Vorfeld von Lehrkr\u00e4ften und Sch\u00fclern gemeinsam mit Klang- und Rhythmusinstrumenten best\u00fcckt worden. Fortan steht in jedem Klassenraum ein Fundus an Instrumenten f\u00fcr den spontanen Einsatz in allen Unterrichtsf\u00e4chern zur Verf\u00fcgung. \u201eMehr Musik vermittelt von mehr Beteiligten zu mehr Gelegenheiten [&hellip;]","og_url":"https:\/\/gsmulsum-kutenholz.de\/?page_id=1607","og_site_name":"Grundschule Mulsum - Kutenholz","article_modified_time":"2024-08-26T15:18:45+00:00","twitter_card":"summary_large_image","twitter_misc":{"Gesch\u00e4tzte Lesezeit":"1\u00a0Minute"},"schema":{"@context":"https:\/\/schema.org","@graph":[{"@type":"WebPage","@id":"https:\/\/gsmulsum-kutenholz.de\/?page_id=1607","url":"https:\/\/gsmulsum-kutenholz.de\/?page_id=1607","name":"Musikkisten - Grundschule Mulsum - Kutenholz","isPartOf":{"@id":"https:\/\/gsmulsum-kutenholz.de\/#website"},"datePublished":"2018-05-10T14:33:23+00:00","dateModified":"2024-08-26T15:18:45+00:00","breadcrumb":{"@id":"https:\/\/gsmulsum-kutenholz.de\/?page_id=1607#breadcrumb"},"inLanguage":"de","potentialAction":[{"@type":"ReadAction","target":["https:\/\/gsmulsum-kutenholz.de\/?page_id=1607"]}]},{"@type":"BreadcrumbList","@id":"https:\/\/gsmulsum-kutenholz.de\/?page_id=1607#breadcrumb","itemListElement":[{"@type":"ListItem","position":1,"name":"Start","item":"https:\/\/gsmulsum-kutenholz.de\/"},{"@type":"ListItem","position":2,"name":"Musikalische Grundschule","item":"https:\/\/gsmulsum-kutenholz.de\/?page_id=95"},{"@type":"ListItem","position":3,"name":"Musikkisten"}]},{"@type":"WebSite","@id":"https:\/\/gsmulsum-kutenholz.de\/#website","url":"https:\/\/gsmulsum-kutenholz.de\/","name":"Grundschule Mulsum - Kutenholz","description":"","potentialAction":[{"@type":"SearchAction","target":{"@type":"EntryPoint","urlTemplate":"https:\/\/gsmulsum-kutenholz.de\/?s={search_term_string}"},"query-input":{"@type":"PropertyValueSpecification","valueRequired":true,"valueName":"search_term_string"}}],"inLanguage":"de"}]}},"_links":{"self":[{"href":"https:\/\/gsmulsum-kutenholz.de\/index.php?rest_route=\/wp\/v2\/pages\/1607","targetHints":{"allow":["GET"]}}],"collection":[{"href":"https:\/\/gsmulsum-kutenholz.de\/index.php?rest_route=\/wp\/v2\/pages"}],"about":[{"href":"https:\/\/gsmulsum-kutenholz.de\/index.php?rest_route=\/wp\/v2\/types\/page"}],"author":[{"embeddable":true,"href":"https:\/\/gsmulsum-kutenholz.de\/index.php?rest_route=\/wp\/v2\/users\/2"}],"replies":[{"embeddable":true,"href":"https:\/\/gsmulsum-kutenholz.de\/index.php?rest_route=%2Fwp%2Fv2%2Fcomments&post=1607"}],"version-history":[{"count":3,"href":"https:\/\/gsmulsum-kutenholz.de\/index.php?rest_route=\/wp\/v2\/pages\/1607\/revisions"}],"predecessor-version":[{"id":5089,"href":"https:\/\/gsmulsum-kutenholz.de\/index.php?rest_route=\/wp\/v2\/pages\/1607\/revisions\/5089"}],"up":[{"embeddable":true,"href":"https:\/\/gsmulsum-kutenholz.de\/index.php?rest_route=\/wp\/v2\/pages\/95"}],"wp:attachment":[{"href":"https:\/\/gsmulsum-kutenholz.de\/index.php?rest_route=%2Fwp%2Fv2%2Fmedia&parent=1607"}],"curies":[{"name":"wp","href":"https:\/\/api.w.org\/{rel}","templated":true}]}}