{"id":1614,"date":"2018-05-10T16:40:16","date_gmt":"2018-05-10T14:40:16","guid":{"rendered":"http:\/\/gsmulsum-kutenholz.de\/?page_id=1614"},"modified":"2018-05-10T20:21:01","modified_gmt":"2018-05-10T18:21:01","slug":"projektschule-niederdeutsch","status":"publish","type":"page","link":"https:\/\/gsmulsum-kutenholz.de\/?page_id=1614","title":{"rendered":"Projektschule Niederdeutsch"},"content":{"rendered":"<p style=\"text-align: center;\"><b>Projektschule<\/b> <b>Niederdeutsch<\/b><\/p>\n<hr>\n<p>Die Grundschule Mulsum-Kutenholz ist seit dem 1. Februar 2016 Projektschule Niederdeutsch. Eine S\u00e4ule in unserem Schulprogramm ist die Pflege und der Erhalt der plattdeutschen Sprache. Die fr\u00fche Mehrsprachigkeit beg\u00fcnstigt analytisches Denken und f\u00f6rdert den Intellekt. Durch den doppelten Wortschatz trainieren die Kinder das Ged\u00e4chtnis. Das Erlernen von Fremdsprachen wird ihnen erleichtert. Die Sch\u00fcler pflegen einen Bezug zu ihrer Heimat. Unsere Schule befindet sich in einer Region, in der noch viel Plattdeutsch gesprochen wird. Die Gro\u00dfelterngeneration unserer Sch\u00fcler spricht aktiv diese Regionalsprache. Viele unserer Sch\u00fcler k\u00f6nnen der Sprache folgen. In einigen Familien wird \u00fcberwiegend Plattdeutsch gesprochen. Die Pflege der plattdeutschen Sprache hat an unserer Schule eine lange Tradition. Diese Tradition soll an unserer Schule fortgef\u00fchrt und erweitert werden. Plattdeutsch als ein Kulturgut zu erhalten ist uns wichtig.<\/p>\n","protected":false},"excerpt":{"rendered":"<p>Projektschule Niederdeutsch Die Grundschule Mulsum-Kutenholz ist seit dem 1. Februar 2016 Projektschule Niederdeutsch. Eine S\u00e4ule in unserem Schulprogramm ist die Pflege und der Erhalt der plattdeutschen Sprache. Die fr\u00fche Mehrsprachigkeit beg\u00fcnstigt analytisches Denken und f\u00f6rdert den Intellekt. Durch den doppelten Wortschatz trainieren die Kinder das Ged\u00e4chtnis. Das Erlernen von Fremdsprachen wird ihnen erleichtert. Die Sch\u00fcler [&hellip;]<\/p>\n","protected":false},"author":2,"featured_media":0,"parent":97,"menu_order":0,"comment_status":"closed","ping_status":"closed","template":"","meta":{"ngg_post_thumbnail":0,"footnotes":""},"class_list":["post-1614","page","type-page","status-publish","hentry"],"yoast_head":"<!-- This site is optimized with the Yoast SEO plugin v27.4 - https:\/\/yoast.com\/product\/yoast-seo-wordpress\/ -->\n<title>Projektschule Niederdeutsch - Grundschule Mulsum - Kutenholz<\/title>\n<meta name=\"robots\" content=\"index, follow, max-snippet:-1, max-image-preview:large, max-video-preview:-1\" \/>\n<link rel=\"canonical\" href=\"https:\/\/gsmulsum-kutenholz.de\/?page_id=1614\" \/>\n<meta property=\"og:locale\" content=\"de_DE\" \/>\n<meta property=\"og:type\" content=\"article\" \/>\n<meta property=\"og:title\" content=\"Projektschule Niederdeutsch - Grundschule Mulsum - Kutenholz\" \/>\n<meta property=\"og:description\" content=\"Projektschule Niederdeutsch Die Grundschule Mulsum-Kutenholz ist seit dem 1. Februar 2016 Projektschule Niederdeutsch. Eine S\u00e4ule in unserem Schulprogramm ist die Pflege und der Erhalt der plattdeutschen Sprache. Die fr\u00fche Mehrsprachigkeit beg\u00fcnstigt analytisches Denken und f\u00f6rdert den Intellekt. Durch den doppelten Wortschatz trainieren die Kinder das Ged\u00e4chtnis. Das Erlernen von Fremdsprachen wird ihnen erleichtert. Die Sch\u00fcler [&hellip;]\" \/>\n<meta property=\"og:url\" content=\"https:\/\/gsmulsum-kutenholz.de\/?page_id=1614\" \/>\n<meta property=\"og:site_name\" content=\"Grundschule Mulsum - Kutenholz\" \/>\n<meta property=\"article:modified_time\" content=\"2018-05-10T18:21:01+00:00\" \/>\n<meta name=\"twitter:card\" content=\"summary_large_image\" \/>\n<meta name=\"twitter:label1\" content=\"Gesch\u00e4tzte Lesezeit\" \/>\n\t<meta name=\"twitter:data1\" content=\"1\u00a0Minute\" \/>\n<script type=\"application\/ld+json\" class=\"yoast-schema-graph\">{\"@context\":\"https:\\\/\\\/schema.org\",\"@graph\":[{\"@type\":\"WebPage\",\"@id\":\"https:\\\/\\\/gsmulsum-kutenholz.de\\\/?page_id=1614\",\"url\":\"https:\\\/\\\/gsmulsum-kutenholz.de\\\/?page_id=1614\",\"name\":\"Projektschule Niederdeutsch - Grundschule Mulsum - Kutenholz\",\"isPartOf\":{\"@id\":\"https:\\\/\\\/gsmulsum-kutenholz.de\\\/#website\"},\"datePublished\":\"2018-05-10T14:40:16+00:00\",\"dateModified\":\"2018-05-10T18:21:01+00:00\",\"breadcrumb\":{\"@id\":\"https:\\\/\\\/gsmulsum-kutenholz.de\\\/?page_id=1614#breadcrumb\"},\"inLanguage\":\"de\",\"potentialAction\":[{\"@type\":\"ReadAction\",\"target\":[\"https:\\\/\\\/gsmulsum-kutenholz.de\\\/?page_id=1614\"]}]},{\"@type\":\"BreadcrumbList\",\"@id\":\"https:\\\/\\\/gsmulsum-kutenholz.de\\\/?page_id=1614#breadcrumb\",\"itemListElement\":[{\"@type\":\"ListItem\",\"position\":1,\"name\":\"Start\",\"item\":\"https:\\\/\\\/gsmulsum-kutenholz.de\\\/\"},{\"@type\":\"ListItem\",\"position\":2,\"name\":\"Plattdeutsche Pilotschule\",\"item\":\"https:\\\/\\\/gsmulsum-kutenholz.de\\\/?page_id=97\"},{\"@type\":\"ListItem\",\"position\":3,\"name\":\"Projektschule Niederdeutsch\"}]},{\"@type\":\"WebSite\",\"@id\":\"https:\\\/\\\/gsmulsum-kutenholz.de\\\/#website\",\"url\":\"https:\\\/\\\/gsmulsum-kutenholz.de\\\/\",\"name\":\"Grundschule Mulsum - Kutenholz\",\"description\":\"\",\"potentialAction\":[{\"@type\":\"SearchAction\",\"target\":{\"@type\":\"EntryPoint\",\"urlTemplate\":\"https:\\\/\\\/gsmulsum-kutenholz.de\\\/?s={search_term_string}\"},\"query-input\":{\"@type\":\"PropertyValueSpecification\",\"valueRequired\":true,\"valueName\":\"search_term_string\"}}],\"inLanguage\":\"de\"}]}<\/script>\n<!-- \/ Yoast SEO plugin. -->","yoast_head_json":{"title":"Projektschule Niederdeutsch - Grundschule Mulsum - Kutenholz","robots":{"index":"index","follow":"follow","max-snippet":"max-snippet:-1","max-image-preview":"max-image-preview:large","max-video-preview":"max-video-preview:-1"},"canonical":"https:\/\/gsmulsum-kutenholz.de\/?page_id=1614","og_locale":"de_DE","og_type":"article","og_title":"Projektschule Niederdeutsch - Grundschule Mulsum - Kutenholz","og_description":"Projektschule Niederdeutsch Die Grundschule Mulsum-Kutenholz ist seit dem 1. Februar 2016 Projektschule Niederdeutsch. Eine S\u00e4ule in unserem Schulprogramm ist die Pflege und der Erhalt der plattdeutschen Sprache. Die fr\u00fche Mehrsprachigkeit beg\u00fcnstigt analytisches Denken und f\u00f6rdert den Intellekt. Durch den doppelten Wortschatz trainieren die Kinder das Ged\u00e4chtnis. Das Erlernen von Fremdsprachen wird ihnen erleichtert. Die Sch\u00fcler [&hellip;]","og_url":"https:\/\/gsmulsum-kutenholz.de\/?page_id=1614","og_site_name":"Grundschule Mulsum - Kutenholz","article_modified_time":"2018-05-10T18:21:01+00:00","twitter_card":"summary_large_image","twitter_misc":{"Gesch\u00e4tzte Lesezeit":"1\u00a0Minute"},"schema":{"@context":"https:\/\/schema.org","@graph":[{"@type":"WebPage","@id":"https:\/\/gsmulsum-kutenholz.de\/?page_id=1614","url":"https:\/\/gsmulsum-kutenholz.de\/?page_id=1614","name":"Projektschule Niederdeutsch - Grundschule Mulsum - Kutenholz","isPartOf":{"@id":"https:\/\/gsmulsum-kutenholz.de\/#website"},"datePublished":"2018-05-10T14:40:16+00:00","dateModified":"2018-05-10T18:21:01+00:00","breadcrumb":{"@id":"https:\/\/gsmulsum-kutenholz.de\/?page_id=1614#breadcrumb"},"inLanguage":"de","potentialAction":[{"@type":"ReadAction","target":["https:\/\/gsmulsum-kutenholz.de\/?page_id=1614"]}]},{"@type":"BreadcrumbList","@id":"https:\/\/gsmulsum-kutenholz.de\/?page_id=1614#breadcrumb","itemListElement":[{"@type":"ListItem","position":1,"name":"Start","item":"https:\/\/gsmulsum-kutenholz.de\/"},{"@type":"ListItem","position":2,"name":"Plattdeutsche Pilotschule","item":"https:\/\/gsmulsum-kutenholz.de\/?page_id=97"},{"@type":"ListItem","position":3,"name":"Projektschule Niederdeutsch"}]},{"@type":"WebSite","@id":"https:\/\/gsmulsum-kutenholz.de\/#website","url":"https:\/\/gsmulsum-kutenholz.de\/","name":"Grundschule Mulsum - Kutenholz","description":"","potentialAction":[{"@type":"SearchAction","target":{"@type":"EntryPoint","urlTemplate":"https:\/\/gsmulsum-kutenholz.de\/?s={search_term_string}"},"query-input":{"@type":"PropertyValueSpecification","valueRequired":true,"valueName":"search_term_string"}}],"inLanguage":"de"}]}},"_links":{"self":[{"href":"https:\/\/gsmulsum-kutenholz.de\/index.php?rest_route=\/wp\/v2\/pages\/1614","targetHints":{"allow":["GET"]}}],"collection":[{"href":"https:\/\/gsmulsum-kutenholz.de\/index.php?rest_route=\/wp\/v2\/pages"}],"about":[{"href":"https:\/\/gsmulsum-kutenholz.de\/index.php?rest_route=\/wp\/v2\/types\/page"}],"author":[{"embeddable":true,"href":"https:\/\/gsmulsum-kutenholz.de\/index.php?rest_route=\/wp\/v2\/users\/2"}],"replies":[{"embeddable":true,"href":"https:\/\/gsmulsum-kutenholz.de\/index.php?rest_route=%2Fwp%2Fv2%2Fcomments&post=1614"}],"version-history":[{"count":3,"href":"https:\/\/gsmulsum-kutenholz.de\/index.php?rest_route=\/wp\/v2\/pages\/1614\/revisions"}],"predecessor-version":[{"id":1676,"href":"https:\/\/gsmulsum-kutenholz.de\/index.php?rest_route=\/wp\/v2\/pages\/1614\/revisions\/1676"}],"up":[{"embeddable":true,"href":"https:\/\/gsmulsum-kutenholz.de\/index.php?rest_route=\/wp\/v2\/pages\/97"}],"wp:attachment":[{"href":"https:\/\/gsmulsum-kutenholz.de\/index.php?rest_route=%2Fwp%2Fv2%2Fmedia&parent=1614"}],"curies":[{"name":"wp","href":"https:\/\/api.w.org\/{rel}","templated":true}]}}