{"id":1616,"date":"2018-05-10T16:40:44","date_gmt":"2018-05-10T14:40:44","guid":{"rendered":"http:\/\/gsmulsum-kutenholz.de\/?page_id=1616"},"modified":"2018-05-10T20:24:03","modified_gmt":"2018-05-10T18:24:03","slug":"plattdeutsches-theater","status":"publish","type":"page","link":"https:\/\/gsmulsum-kutenholz.de\/?page_id=1616","title":{"rendered":"Plattdeutsches Theater"},"content":{"rendered":"<p style=\"text-align: center;\"><strong>Plattdeutsches Theater<\/strong><\/p>\n<hr>\n<p><strong>9. Plattd\u00fc\u00fctsche Schooltheaterdag<\/strong><\/p>\n<p>Am 1. Juni 2016 fand der 9. Plattdeutsche Schultheatertag in Verden statt. Insgesamt nahmen 29 Gruppen aus 21 Schulen mit \u00fcber 200 Sch\u00fclern teil. Die Grundschule Mulsum-Kutenholz war mit 8 Sch\u00fclern der Arbeitsgemeinschaft \u201ePlattdeutsches Theater\u201c vertreten. Sie spielten das Theaterst\u00fcck \u201eDe Wulf un de s\u00f6ben Zeegen\u201c. Sie durften, wie vier andere Spielgruppen, ihr St\u00fcck ein zweites Mal auf der Abschlussveranstaltung vor gro\u00dfem Publikum pr\u00e4sentieren.<\/p>\n","protected":false},"excerpt":{"rendered":"<p>Plattdeutsches Theater 9. Plattd\u00fc\u00fctsche Schooltheaterdag Am 1. Juni 2016 fand der 9. Plattdeutsche Schultheatertag in Verden statt. Insgesamt nahmen 29 Gruppen aus 21 Schulen mit \u00fcber 200 Sch\u00fclern teil. Die Grundschule Mulsum-Kutenholz war mit 8 Sch\u00fclern der Arbeitsgemeinschaft \u201ePlattdeutsches Theater\u201c vertreten. Sie spielten das Theaterst\u00fcck \u201eDe Wulf un de s\u00f6ben Zeegen\u201c. Sie durften, wie vier [&hellip;]<\/p>\n","protected":false},"author":2,"featured_media":0,"parent":97,"menu_order":0,"comment_status":"closed","ping_status":"closed","template":"","meta":{"ngg_post_thumbnail":0,"footnotes":""},"class_list":["post-1616","page","type-page","status-publish","hentry"],"yoast_head":"<!-- This site is optimized with the Yoast SEO plugin v27.4 - https:\/\/yoast.com\/product\/yoast-seo-wordpress\/ -->\n<title>Plattdeutsches Theater - Grundschule Mulsum - Kutenholz<\/title>\n<meta name=\"robots\" content=\"index, follow, max-snippet:-1, max-image-preview:large, max-video-preview:-1\" \/>\n<link rel=\"canonical\" href=\"https:\/\/gsmulsum-kutenholz.de\/?page_id=1616\" \/>\n<meta property=\"og:locale\" content=\"de_DE\" \/>\n<meta property=\"og:type\" content=\"article\" \/>\n<meta property=\"og:title\" content=\"Plattdeutsches Theater - Grundschule Mulsum - Kutenholz\" \/>\n<meta property=\"og:description\" content=\"Plattdeutsches Theater 9. Plattd\u00fc\u00fctsche Schooltheaterdag Am 1. Juni 2016 fand der 9. Plattdeutsche Schultheatertag in Verden statt. Insgesamt nahmen 29 Gruppen aus 21 Schulen mit \u00fcber 200 Sch\u00fclern teil. Die Grundschule Mulsum-Kutenholz war mit 8 Sch\u00fclern der Arbeitsgemeinschaft \u201ePlattdeutsches Theater\u201c vertreten. Sie spielten das Theaterst\u00fcck \u201eDe Wulf un de s\u00f6ben Zeegen\u201c. Sie durften, wie vier [&hellip;]\" \/>\n<meta property=\"og:url\" content=\"https:\/\/gsmulsum-kutenholz.de\/?page_id=1616\" \/>\n<meta property=\"og:site_name\" content=\"Grundschule Mulsum - Kutenholz\" \/>\n<meta property=\"article:modified_time\" content=\"2018-05-10T18:24:03+00:00\" \/>\n<meta name=\"twitter:card\" content=\"summary_large_image\" \/>\n<script type=\"application\/ld+json\" class=\"yoast-schema-graph\">{\"@context\":\"https:\\\/\\\/schema.org\",\"@graph\":[{\"@type\":\"WebPage\",\"@id\":\"https:\\\/\\\/gsmulsum-kutenholz.de\\\/?page_id=1616\",\"url\":\"https:\\\/\\\/gsmulsum-kutenholz.de\\\/?page_id=1616\",\"name\":\"Plattdeutsches Theater - Grundschule Mulsum - Kutenholz\",\"isPartOf\":{\"@id\":\"https:\\\/\\\/gsmulsum-kutenholz.de\\\/#website\"},\"datePublished\":\"2018-05-10T14:40:44+00:00\",\"dateModified\":\"2018-05-10T18:24:03+00:00\",\"breadcrumb\":{\"@id\":\"https:\\\/\\\/gsmulsum-kutenholz.de\\\/?page_id=1616#breadcrumb\"},\"inLanguage\":\"de\",\"potentialAction\":[{\"@type\":\"ReadAction\",\"target\":[\"https:\\\/\\\/gsmulsum-kutenholz.de\\\/?page_id=1616\"]}]},{\"@type\":\"BreadcrumbList\",\"@id\":\"https:\\\/\\\/gsmulsum-kutenholz.de\\\/?page_id=1616#breadcrumb\",\"itemListElement\":[{\"@type\":\"ListItem\",\"position\":1,\"name\":\"Start\",\"item\":\"https:\\\/\\\/gsmulsum-kutenholz.de\\\/\"},{\"@type\":\"ListItem\",\"position\":2,\"name\":\"Plattdeutsche Pilotschule\",\"item\":\"https:\\\/\\\/gsmulsum-kutenholz.de\\\/?page_id=97\"},{\"@type\":\"ListItem\",\"position\":3,\"name\":\"Plattdeutsches Theater\"}]},{\"@type\":\"WebSite\",\"@id\":\"https:\\\/\\\/gsmulsum-kutenholz.de\\\/#website\",\"url\":\"https:\\\/\\\/gsmulsum-kutenholz.de\\\/\",\"name\":\"Grundschule Mulsum - Kutenholz\",\"description\":\"\",\"potentialAction\":[{\"@type\":\"SearchAction\",\"target\":{\"@type\":\"EntryPoint\",\"urlTemplate\":\"https:\\\/\\\/gsmulsum-kutenholz.de\\\/?s={search_term_string}\"},\"query-input\":{\"@type\":\"PropertyValueSpecification\",\"valueRequired\":true,\"valueName\":\"search_term_string\"}}],\"inLanguage\":\"de\"}]}<\/script>\n<!-- \/ Yoast SEO plugin. -->","yoast_head_json":{"title":"Plattdeutsches Theater - Grundschule Mulsum - Kutenholz","robots":{"index":"index","follow":"follow","max-snippet":"max-snippet:-1","max-image-preview":"max-image-preview:large","max-video-preview":"max-video-preview:-1"},"canonical":"https:\/\/gsmulsum-kutenholz.de\/?page_id=1616","og_locale":"de_DE","og_type":"article","og_title":"Plattdeutsches Theater - Grundschule Mulsum - Kutenholz","og_description":"Plattdeutsches Theater 9. Plattd\u00fc\u00fctsche Schooltheaterdag Am 1. Juni 2016 fand der 9. Plattdeutsche Schultheatertag in Verden statt. Insgesamt nahmen 29 Gruppen aus 21 Schulen mit \u00fcber 200 Sch\u00fclern teil. Die Grundschule Mulsum-Kutenholz war mit 8 Sch\u00fclern der Arbeitsgemeinschaft \u201ePlattdeutsches Theater\u201c vertreten. Sie spielten das Theaterst\u00fcck \u201eDe Wulf un de s\u00f6ben Zeegen\u201c. Sie durften, wie vier [&hellip;]","og_url":"https:\/\/gsmulsum-kutenholz.de\/?page_id=1616","og_site_name":"Grundschule Mulsum - Kutenholz","article_modified_time":"2018-05-10T18:24:03+00:00","twitter_card":"summary_large_image","schema":{"@context":"https:\/\/schema.org","@graph":[{"@type":"WebPage","@id":"https:\/\/gsmulsum-kutenholz.de\/?page_id=1616","url":"https:\/\/gsmulsum-kutenholz.de\/?page_id=1616","name":"Plattdeutsches Theater - Grundschule Mulsum - Kutenholz","isPartOf":{"@id":"https:\/\/gsmulsum-kutenholz.de\/#website"},"datePublished":"2018-05-10T14:40:44+00:00","dateModified":"2018-05-10T18:24:03+00:00","breadcrumb":{"@id":"https:\/\/gsmulsum-kutenholz.de\/?page_id=1616#breadcrumb"},"inLanguage":"de","potentialAction":[{"@type":"ReadAction","target":["https:\/\/gsmulsum-kutenholz.de\/?page_id=1616"]}]},{"@type":"BreadcrumbList","@id":"https:\/\/gsmulsum-kutenholz.de\/?page_id=1616#breadcrumb","itemListElement":[{"@type":"ListItem","position":1,"name":"Start","item":"https:\/\/gsmulsum-kutenholz.de\/"},{"@type":"ListItem","position":2,"name":"Plattdeutsche Pilotschule","item":"https:\/\/gsmulsum-kutenholz.de\/?page_id=97"},{"@type":"ListItem","position":3,"name":"Plattdeutsches Theater"}]},{"@type":"WebSite","@id":"https:\/\/gsmulsum-kutenholz.de\/#website","url":"https:\/\/gsmulsum-kutenholz.de\/","name":"Grundschule Mulsum - Kutenholz","description":"","potentialAction":[{"@type":"SearchAction","target":{"@type":"EntryPoint","urlTemplate":"https:\/\/gsmulsum-kutenholz.de\/?s={search_term_string}"},"query-input":{"@type":"PropertyValueSpecification","valueRequired":true,"valueName":"search_term_string"}}],"inLanguage":"de"}]}},"_links":{"self":[{"href":"https:\/\/gsmulsum-kutenholz.de\/index.php?rest_route=\/wp\/v2\/pages\/1616","targetHints":{"allow":["GET"]}}],"collection":[{"href":"https:\/\/gsmulsum-kutenholz.de\/index.php?rest_route=\/wp\/v2\/pages"}],"about":[{"href":"https:\/\/gsmulsum-kutenholz.de\/index.php?rest_route=\/wp\/v2\/types\/page"}],"author":[{"embeddable":true,"href":"https:\/\/gsmulsum-kutenholz.de\/index.php?rest_route=\/wp\/v2\/users\/2"}],"replies":[{"embeddable":true,"href":"https:\/\/gsmulsum-kutenholz.de\/index.php?rest_route=%2Fwp%2Fv2%2Fcomments&post=1616"}],"version-history":[{"count":3,"href":"https:\/\/gsmulsum-kutenholz.de\/index.php?rest_route=\/wp\/v2\/pages\/1616\/revisions"}],"predecessor-version":[{"id":1678,"href":"https:\/\/gsmulsum-kutenholz.de\/index.php?rest_route=\/wp\/v2\/pages\/1616\/revisions\/1678"}],"up":[{"embeddable":true,"href":"https:\/\/gsmulsum-kutenholz.de\/index.php?rest_route=\/wp\/v2\/pages\/97"}],"wp:attachment":[{"href":"https:\/\/gsmulsum-kutenholz.de\/index.php?rest_route=%2Fwp%2Fv2%2Fmedia&parent=1616"}],"curies":[{"name":"wp","href":"https:\/\/api.w.org\/{rel}","templated":true}]}}