{"id":2,"date":"2018-04-20T17:48:21","date_gmt":"2018-04-20T17:48:21","guid":{"rendered":"http:\/\/gsmulsum-kutenholz.de\/?page_id=2"},"modified":"2026-01-22T12:47:29","modified_gmt":"2026-01-22T10:47:29","slug":"sample-page","status":"publish","type":"page","link":"https:\/\/gsmulsum-kutenholz.de\/?page_id=2","title":{"rendered":"Unsere Schule"},"content":{"rendered":"<h3><span style=\"color: #008000;\"><br \/>\nStand: Januar 2026<\/span><\/h3>\n<h3><span style=\"color: #008000;\"><br \/>\nDie Grundschule Mulsum-Kutenholz beschult aktuell gut 195 Kinder an zwei Standorten. Wir unterrichten die Kinder in 10 Schulklassen, am Standort Mulsum gibt es eine erste Klasse, zwei zweite Klassen, zwei dritte Klassen und eine vierte Klasse und am Standort Kutenholz gibt es eine <\/span><span style=\"color: #008000;\">erste Klasse, eine zweite Klasse, eine dritte Klasse und eine vierte Klasse.<\/span><\/h3>\n<h3><span style=\"color: #008000;\">Das Kollegium umfasst 13 Lehrkr\u00e4fte. Unterst\u00fctzt wird das Kollegium durch 3 P\u00e4dagogische Mitarbeiterinnen und zwei Bufdi.<\/span><\/h3>\n<h3><span style=\"color: #008000;\"><br \/>\nIch m\u00f6chte an dieser Stelle auf unseren F\u00f6rderverein hinweisen, ohne dessen Unterst\u00fctzung ein breit gef\u00e4chertes Lernangebot in einem ansprechenden Umfeld nicht m\u00f6glich w\u00e4re. So konnten z.B. Musikinstrumente gekauft oder Projekte finanziell unterst\u00fctzt werden.<br \/>\nWir bedanken uns f\u00fcr die Eltern-Unterst\u00fctzung in vielf\u00e4ltiger Weise und freuen uns \u00fcber Anregungen und Ideen von allen Seiten.<\/span><\/h3>\n<h3><span style=\"color: #008000;\"><br \/>\nIhnen und Ihren Kindern eine interessante, lernreiche Grundschulzeit.<br \/>\nIch gr\u00fc\u00dfe Sie herzlich, Ilka Rauch<\/span><\/h3>\n<p><img loading=\"lazy\" decoding=\"async\" class=\"alignnone size-medium wp-image-265\" src=\"https:\/\/gsmulsum-kutenholz.de\/wp-content\/uploads\/2018\/04\/Schule-300x244.jpg\" alt=\"\" width=\"300\" height=\"244\" srcset=\"https:\/\/gsmulsum-kutenholz.de\/wp-content\/uploads\/2018\/04\/Schule-300x244.jpg 300w, https:\/\/gsmulsum-kutenholz.de\/wp-content\/uploads\/2018\/04\/Schule-768x625.jpg 768w, https:\/\/gsmulsum-kutenholz.de\/wp-content\/uploads\/2018\/04\/Schule-1024x833.jpg 1024w, https:\/\/gsmulsum-kutenholz.de\/wp-content\/uploads\/2018\/04\/Schule.jpg 1036w\" sizes=\"auto, (max-width: 300px) 100vw, 300px\" \/><\/p>\n","protected":false},"excerpt":{"rendered":"<p>Stand: Januar 2026 Die Grundschule Mulsum-Kutenholz beschult aktuell gut 195 Kinder an zwei Standorten. Wir unterrichten die Kinder in 10 Schulklassen, am Standort Mulsum gibt es eine erste Klasse, zwei zweite Klassen, zwei dritte Klassen und eine vierte Klasse und am Standort Kutenholz gibt es eine erste Klasse, eine zweite Klasse, eine dritte Klasse und [&hellip;]<\/p>\n","protected":false},"author":1,"featured_media":0,"parent":0,"menu_order":0,"comment_status":"closed","ping_status":"open","template":"","meta":{"ngg_post_thumbnail":0,"footnotes":""},"class_list":["post-2","page","type-page","status-publish","hentry"],"yoast_head":"<!-- This site is optimized with the Yoast SEO plugin v27.4 - https:\/\/yoast.com\/product\/yoast-seo-wordpress\/ -->\n<title>Unsere Schule - Grundschule Mulsum - Kutenholz<\/title>\n<meta name=\"robots\" content=\"index, follow, max-snippet:-1, max-image-preview:large, max-video-preview:-1\" \/>\n<link rel=\"canonical\" href=\"https:\/\/gsmulsum-kutenholz.de\/?page_id=2\" \/>\n<meta property=\"og:locale\" content=\"de_DE\" \/>\n<meta property=\"og:type\" content=\"article\" \/>\n<meta property=\"og:title\" content=\"Unsere Schule - Grundschule Mulsum - Kutenholz\" \/>\n<meta property=\"og:description\" content=\"Stand: Januar 2026 Die Grundschule Mulsum-Kutenholz beschult aktuell gut 195 Kinder an zwei Standorten. Wir unterrichten die Kinder in 10 Schulklassen, am Standort Mulsum gibt es eine erste Klasse, zwei zweite Klassen, zwei dritte Klassen und eine vierte Klasse und am Standort Kutenholz gibt es eine erste Klasse, eine zweite Klasse, eine dritte Klasse und [&hellip;]\" \/>\n<meta property=\"og:url\" content=\"https:\/\/gsmulsum-kutenholz.de\/?page_id=2\" \/>\n<meta property=\"og:site_name\" content=\"Grundschule Mulsum - Kutenholz\" \/>\n<meta property=\"article:modified_time\" content=\"2026-01-22T10:47:29+00:00\" \/>\n<meta property=\"og:image\" content=\"https:\/\/gsmulsum-kutenholz.de\/wp-content\/uploads\/2018\/04\/Schule.jpg\" \/>\n\t<meta property=\"og:image:width\" content=\"1036\" \/>\n\t<meta property=\"og:image:height\" content=\"843\" \/>\n\t<meta property=\"og:image:type\" content=\"image\/jpeg\" \/>\n<meta name=\"twitter:card\" content=\"summary_large_image\" \/>\n<meta name=\"twitter:label1\" content=\"Gesch\u00e4tzte Lesezeit\" \/>\n\t<meta name=\"twitter:data1\" content=\"1\u00a0Minute\" \/>\n<script type=\"application\/ld+json\" class=\"yoast-schema-graph\">{\"@context\":\"https:\\\/\\\/schema.org\",\"@graph\":[{\"@type\":\"WebPage\",\"@id\":\"https:\\\/\\\/gsmulsum-kutenholz.de\\\/?page_id=2\",\"url\":\"https:\\\/\\\/gsmulsum-kutenholz.de\\\/?page_id=2\",\"name\":\"Unsere Schule - Grundschule Mulsum - Kutenholz\",\"isPartOf\":{\"@id\":\"https:\\\/\\\/gsmulsum-kutenholz.de\\\/#website\"},\"primaryImageOfPage\":{\"@id\":\"https:\\\/\\\/gsmulsum-kutenholz.de\\\/?page_id=2#primaryimage\"},\"image\":{\"@id\":\"https:\\\/\\\/gsmulsum-kutenholz.de\\\/?page_id=2#primaryimage\"},\"thumbnailUrl\":\"https:\\\/\\\/gsmulsum-kutenholz.de\\\/wp-content\\\/uploads\\\/2018\\\/04\\\/Schule-300x244.jpg\",\"datePublished\":\"2018-04-20T17:48:21+00:00\",\"dateModified\":\"2026-01-22T10:47:29+00:00\",\"breadcrumb\":{\"@id\":\"https:\\\/\\\/gsmulsum-kutenholz.de\\\/?page_id=2#breadcrumb\"},\"inLanguage\":\"de\",\"potentialAction\":[{\"@type\":\"ReadAction\",\"target\":[\"https:\\\/\\\/gsmulsum-kutenholz.de\\\/?page_id=2\"]}]},{\"@type\":\"ImageObject\",\"inLanguage\":\"de\",\"@id\":\"https:\\\/\\\/gsmulsum-kutenholz.de\\\/?page_id=2#primaryimage\",\"url\":\"https:\\\/\\\/gsmulsum-kutenholz.de\\\/wp-content\\\/uploads\\\/2018\\\/04\\\/Schule.jpg\",\"contentUrl\":\"https:\\\/\\\/gsmulsum-kutenholz.de\\\/wp-content\\\/uploads\\\/2018\\\/04\\\/Schule.jpg\",\"width\":1036,\"height\":843},{\"@type\":\"BreadcrumbList\",\"@id\":\"https:\\\/\\\/gsmulsum-kutenholz.de\\\/?page_id=2#breadcrumb\",\"itemListElement\":[{\"@type\":\"ListItem\",\"position\":1,\"name\":\"Start\",\"item\":\"https:\\\/\\\/gsmulsum-kutenholz.de\\\/\"},{\"@type\":\"ListItem\",\"position\":2,\"name\":\"Unsere Schule\"}]},{\"@type\":\"WebSite\",\"@id\":\"https:\\\/\\\/gsmulsum-kutenholz.de\\\/#website\",\"url\":\"https:\\\/\\\/gsmulsum-kutenholz.de\\\/\",\"name\":\"Grundschule Mulsum - Kutenholz\",\"description\":\"\",\"potentialAction\":[{\"@type\":\"SearchAction\",\"target\":{\"@type\":\"EntryPoint\",\"urlTemplate\":\"https:\\\/\\\/gsmulsum-kutenholz.de\\\/?s={search_term_string}\"},\"query-input\":{\"@type\":\"PropertyValueSpecification\",\"valueRequired\":true,\"valueName\":\"search_term_string\"}}],\"inLanguage\":\"de\"}]}<\/script>\n<!-- \/ Yoast SEO plugin. -->","yoast_head_json":{"title":"Unsere Schule - Grundschule Mulsum - Kutenholz","robots":{"index":"index","follow":"follow","max-snippet":"max-snippet:-1","max-image-preview":"max-image-preview:large","max-video-preview":"max-video-preview:-1"},"canonical":"https:\/\/gsmulsum-kutenholz.de\/?page_id=2","og_locale":"de_DE","og_type":"article","og_title":"Unsere Schule - Grundschule Mulsum - Kutenholz","og_description":"Stand: Januar 2026 Die Grundschule Mulsum-Kutenholz beschult aktuell gut 195 Kinder an zwei Standorten. Wir unterrichten die Kinder in 10 Schulklassen, am Standort Mulsum gibt es eine erste Klasse, zwei zweite Klassen, zwei dritte Klassen und eine vierte Klasse und am Standort Kutenholz gibt es eine erste Klasse, eine zweite Klasse, eine dritte Klasse und [&hellip;]","og_url":"https:\/\/gsmulsum-kutenholz.de\/?page_id=2","og_site_name":"Grundschule Mulsum - Kutenholz","article_modified_time":"2026-01-22T10:47:29+00:00","og_image":[{"width":1036,"height":843,"url":"https:\/\/gsmulsum-kutenholz.de\/wp-content\/uploads\/2018\/04\/Schule.jpg","type":"image\/jpeg"}],"twitter_card":"summary_large_image","twitter_misc":{"Gesch\u00e4tzte Lesezeit":"1\u00a0Minute"},"schema":{"@context":"https:\/\/schema.org","@graph":[{"@type":"WebPage","@id":"https:\/\/gsmulsum-kutenholz.de\/?page_id=2","url":"https:\/\/gsmulsum-kutenholz.de\/?page_id=2","name":"Unsere Schule - Grundschule Mulsum - Kutenholz","isPartOf":{"@id":"https:\/\/gsmulsum-kutenholz.de\/#website"},"primaryImageOfPage":{"@id":"https:\/\/gsmulsum-kutenholz.de\/?page_id=2#primaryimage"},"image":{"@id":"https:\/\/gsmulsum-kutenholz.de\/?page_id=2#primaryimage"},"thumbnailUrl":"https:\/\/gsmulsum-kutenholz.de\/wp-content\/uploads\/2018\/04\/Schule-300x244.jpg","datePublished":"2018-04-20T17:48:21+00:00","dateModified":"2026-01-22T10:47:29+00:00","breadcrumb":{"@id":"https:\/\/gsmulsum-kutenholz.de\/?page_id=2#breadcrumb"},"inLanguage":"de","potentialAction":[{"@type":"ReadAction","target":["https:\/\/gsmulsum-kutenholz.de\/?page_id=2"]}]},{"@type":"ImageObject","inLanguage":"de","@id":"https:\/\/gsmulsum-kutenholz.de\/?page_id=2#primaryimage","url":"https:\/\/gsmulsum-kutenholz.de\/wp-content\/uploads\/2018\/04\/Schule.jpg","contentUrl":"https:\/\/gsmulsum-kutenholz.de\/wp-content\/uploads\/2018\/04\/Schule.jpg","width":1036,"height":843},{"@type":"BreadcrumbList","@id":"https:\/\/gsmulsum-kutenholz.de\/?page_id=2#breadcrumb","itemListElement":[{"@type":"ListItem","position":1,"name":"Start","item":"https:\/\/gsmulsum-kutenholz.de\/"},{"@type":"ListItem","position":2,"name":"Unsere Schule"}]},{"@type":"WebSite","@id":"https:\/\/gsmulsum-kutenholz.de\/#website","url":"https:\/\/gsmulsum-kutenholz.de\/","name":"Grundschule Mulsum - Kutenholz","description":"","potentialAction":[{"@type":"SearchAction","target":{"@type":"EntryPoint","urlTemplate":"https:\/\/gsmulsum-kutenholz.de\/?s={search_term_string}"},"query-input":{"@type":"PropertyValueSpecification","valueRequired":true,"valueName":"search_term_string"}}],"inLanguage":"de"}]}},"_links":{"self":[{"href":"https:\/\/gsmulsum-kutenholz.de\/index.php?rest_route=\/wp\/v2\/pages\/2","targetHints":{"allow":["GET"]}}],"collection":[{"href":"https:\/\/gsmulsum-kutenholz.de\/index.php?rest_route=\/wp\/v2\/pages"}],"about":[{"href":"https:\/\/gsmulsum-kutenholz.de\/index.php?rest_route=\/wp\/v2\/types\/page"}],"author":[{"embeddable":true,"href":"https:\/\/gsmulsum-kutenholz.de\/index.php?rest_route=\/wp\/v2\/users\/1"}],"replies":[{"embeddable":true,"href":"https:\/\/gsmulsum-kutenholz.de\/index.php?rest_route=%2Fwp%2Fv2%2Fcomments&post=2"}],"version-history":[{"count":15,"href":"https:\/\/gsmulsum-kutenholz.de\/index.php?rest_route=\/wp\/v2\/pages\/2\/revisions"}],"predecessor-version":[{"id":5416,"href":"https:\/\/gsmulsum-kutenholz.de\/index.php?rest_route=\/wp\/v2\/pages\/2\/revisions\/5416"}],"wp:attachment":[{"href":"https:\/\/gsmulsum-kutenholz.de\/index.php?rest_route=%2Fwp%2Fv2%2Fmedia&parent=2"}],"curies":[{"name":"wp","href":"https:\/\/api.w.org\/{rel}","templated":true}]}}