{"id":3320,"date":"2020-04-16T12:50:23","date_gmt":"2020-04-16T10:50:23","guid":{"rendered":"https:\/\/gsmulsum-kutenholz.de\/?page_id=3320"},"modified":"2020-04-28T20:06:09","modified_gmt":"2020-04-28T18:06:09","slug":"iserv","status":"publish","type":"page","link":"https:\/\/gsmulsum-kutenholz.de\/?page_id=3320","title":{"rendered":"IServ"},"content":{"rendered":"\n<p class=\"has-text-color has-medium-font-size has-vivid-cyan-blue-color\">Bitte lesen Sie die Nutzungsbedingungen f\u00fcr das IServ-Portal der Grundschule Mulsum-Kutenholz aufmerksam durch! Mit Abgabe der vollst\u00e4ndig ausgef\u00fcllten und unterschriebenen Einverst\u00e4ndniserkl\u00e4rung akzeptieren Sie diese in der auf der Website immer aktuell vorliegenden Form!<\/p>\n\n\n\n<div class=\"wp-block-file\"><a href=\"https:\/\/gsmulsum-kutenholz.de\/wp-content\/uploads\/2020\/04\/Nutzungsordnung-Einwilligungserkl\u00e4rung.pdf\">Nutzungsordnung Einwilligungserkl\u00e4rung<\/a><a href=\"https:\/\/gsmulsum-kutenholz.de\/wp-content\/uploads\/2020\/04\/Nutzungsordnung-Einwilligungserkl\u00e4rung.pdf\" class=\"wp-block-file__button\" download>Herunterladen<\/a><\/div>\n\n\n\n<p class=\"has-text-color has-medium-font-size has-vivid-red-color\"><strong>Die Erstanmeldung bei IServ und die anf\u00e4ngliche Nutzung k\u00f6nnen Sie mit wenigen Klicks direkt \u00fcber diese Website vornehmen. Sp\u00e4ter wird dieser Umweg nicht mehr notwendig sein!<\/strong> <strong>Die Zugangsdaten erhalten Sie von der Klassenlehrerin \/ vom Klassenlehrer!<\/strong><\/p>\n\n\n\n<figure class=\"wp-block-image size-large\"><img loading=\"lazy\" decoding=\"async\" width=\"769\" height=\"569\" src=\"https:\/\/gsmulsum-kutenholz.de\/wp-content\/uploads\/2020\/04\/IServ-Login-ueber-Schulwebsite.png\" alt=\"\" class=\"wp-image-3391\" srcset=\"https:\/\/gsmulsum-kutenholz.de\/wp-content\/uploads\/2020\/04\/IServ-Login-ueber-Schulwebsite.png 769w, https:\/\/gsmulsum-kutenholz.de\/wp-content\/uploads\/2020\/04\/IServ-Login-ueber-Schulwebsite-300x222.png 300w\" sizes=\"auto, (max-width: 769px) 100vw, 769px\" \/><\/figure>\n\n\n\n<p class=\"has-text-color has-medium-font-size has-vivid-red-color\"><strong>Alle wichtigen Informationen zur Erstanmeldung, Login und zur weiteren Nutzung sowie alle notwendigen Links finden Sie auch in der folgenden PDF-Datei. <\/strong><\/p>\n\n\n\n<div class=\"wp-block-file\"><a href=\"https:\/\/gsmulsum-kutenholz.de\/wp-content\/uploads\/2020\/04\/Elternbrief-IServ-Erstnutzung.pdf\">Elternbrief IServ Erstnutzung<\/a><a href=\"https:\/\/gsmulsum-kutenholz.de\/wp-content\/uploads\/2020\/04\/Elternbrief-IServ-Erstnutzung.pdf\" class=\"wp-block-file__button\" download>Herunterladen<\/a><\/div>\n\n\n\n<p class=\"has-text-color has-medium-font-size has-vivid-red-color\"><strong>IServ hat eine hervorragende Dokumentation (Hilfedatei), die sie sp\u00e4ter direkt vom Account ihres Kindes oder unter dem folgenden Link erreichen k\u00f6nnen. Auch diese Infos finden Sie ebenfalls noch einmal im Elternbrief zur Erstnutzung!<\/strong><\/p>\n\n\n\n<p><a href=\"https:\/\/iserv.eu\/doc\" target=\"_blank\" rel=\"noreferrer noopener\">https:\/\/iserv.eu\/doc<\/a><\/p>\n","protected":false},"excerpt":{"rendered":"<p>Bitte lesen Sie die Nutzungsbedingungen f\u00fcr das IServ-Portal der Grundschule Mulsum-Kutenholz aufmerksam durch! Mit Abgabe der vollst\u00e4ndig ausgef\u00fcllten und unterschriebenen Einverst\u00e4ndniserkl\u00e4rung akzeptieren Sie diese in der auf der Website immer aktuell vorliegenden Form! Die Erstanmeldung bei IServ und die anf\u00e4ngliche Nutzung k\u00f6nnen Sie mit wenigen Klicks direkt \u00fcber diese Website vornehmen. Sp\u00e4ter wird dieser Umweg [&hellip;]<\/p>\n","protected":false},"author":2,"featured_media":3327,"parent":100,"menu_order":0,"comment_status":"closed","ping_status":"closed","template":"","meta":{"ngg_post_thumbnail":0,"footnotes":""},"class_list":["post-3320","page","type-page","status-publish","has-post-thumbnail","hentry"],"yoast_head":"<!-- This site is optimized with the Yoast SEO plugin v27.4 - https:\/\/yoast.com\/product\/yoast-seo-wordpress\/ -->\n<title>IServ - Grundschule Mulsum - Kutenholz<\/title>\n<meta name=\"robots\" content=\"index, follow, max-snippet:-1, max-image-preview:large, max-video-preview:-1\" \/>\n<link rel=\"canonical\" href=\"https:\/\/gsmulsum-kutenholz.de\/?page_id=3320\" \/>\n<meta property=\"og:locale\" content=\"de_DE\" \/>\n<meta property=\"og:type\" content=\"article\" \/>\n<meta property=\"og:title\" content=\"IServ - Grundschule Mulsum - Kutenholz\" \/>\n<meta property=\"og:description\" content=\"Bitte lesen Sie die Nutzungsbedingungen f\u00fcr das IServ-Portal der Grundschule Mulsum-Kutenholz aufmerksam durch! Mit Abgabe der vollst\u00e4ndig ausgef\u00fcllten und unterschriebenen Einverst\u00e4ndniserkl\u00e4rung akzeptieren Sie diese in der auf der Website immer aktuell vorliegenden Form! Die Erstanmeldung bei IServ und die anf\u00e4ngliche Nutzung k\u00f6nnen Sie mit wenigen Klicks direkt \u00fcber diese Website vornehmen. Sp\u00e4ter wird dieser Umweg [&hellip;]\" \/>\n<meta property=\"og:url\" content=\"https:\/\/gsmulsum-kutenholz.de\/?page_id=3320\" \/>\n<meta property=\"og:site_name\" content=\"Grundschule Mulsum - Kutenholz\" \/>\n<meta property=\"article:modified_time\" content=\"2020-04-28T18:06:09+00:00\" \/>\n<meta property=\"og:image\" content=\"https:\/\/gsmulsum-kutenholz.de\/wp-content\/uploads\/2020\/04\/IServ.png\" \/>\n\t<meta property=\"og:image:width\" content=\"736\" \/>\n\t<meta property=\"og:image:height\" content=\"688\" \/>\n\t<meta property=\"og:image:type\" content=\"image\/png\" \/>\n<meta name=\"twitter:card\" content=\"summary_large_image\" \/>\n<meta name=\"twitter:label1\" content=\"Gesch\u00e4tzte Lesezeit\" \/>\n\t<meta name=\"twitter:data1\" content=\"1\u00a0Minute\" \/>\n<script type=\"application\/ld+json\" class=\"yoast-schema-graph\">{\"@context\":\"https:\\\/\\\/schema.org\",\"@graph\":[{\"@type\":\"WebPage\",\"@id\":\"https:\\\/\\\/gsmulsum-kutenholz.de\\\/?page_id=3320\",\"url\":\"https:\\\/\\\/gsmulsum-kutenholz.de\\\/?page_id=3320\",\"name\":\"IServ - Grundschule Mulsum - Kutenholz\",\"isPartOf\":{\"@id\":\"https:\\\/\\\/gsmulsum-kutenholz.de\\\/#website\"},\"primaryImageOfPage\":{\"@id\":\"https:\\\/\\\/gsmulsum-kutenholz.de\\\/?page_id=3320#primaryimage\"},\"image\":{\"@id\":\"https:\\\/\\\/gsmulsum-kutenholz.de\\\/?page_id=3320#primaryimage\"},\"thumbnailUrl\":\"https:\\\/\\\/gsmulsum-kutenholz.de\\\/wp-content\\\/uploads\\\/2020\\\/04\\\/IServ.png\",\"datePublished\":\"2020-04-16T10:50:23+00:00\",\"dateModified\":\"2020-04-28T18:06:09+00:00\",\"breadcrumb\":{\"@id\":\"https:\\\/\\\/gsmulsum-kutenholz.de\\\/?page_id=3320#breadcrumb\"},\"inLanguage\":\"de\",\"potentialAction\":[{\"@type\":\"ReadAction\",\"target\":[\"https:\\\/\\\/gsmulsum-kutenholz.de\\\/?page_id=3320\"]}]},{\"@type\":\"ImageObject\",\"inLanguage\":\"de\",\"@id\":\"https:\\\/\\\/gsmulsum-kutenholz.de\\\/?page_id=3320#primaryimage\",\"url\":\"https:\\\/\\\/gsmulsum-kutenholz.de\\\/wp-content\\\/uploads\\\/2020\\\/04\\\/IServ.png\",\"contentUrl\":\"https:\\\/\\\/gsmulsum-kutenholz.de\\\/wp-content\\\/uploads\\\/2020\\\/04\\\/IServ.png\",\"width\":736,\"height\":688},{\"@type\":\"BreadcrumbList\",\"@id\":\"https:\\\/\\\/gsmulsum-kutenholz.de\\\/?page_id=3320#breadcrumb\",\"itemListElement\":[{\"@type\":\"ListItem\",\"position\":1,\"name\":\"Start\",\"item\":\"https:\\\/\\\/gsmulsum-kutenholz.de\\\/\"},{\"@type\":\"ListItem\",\"position\":2,\"name\":\"Schulleben\",\"item\":\"https:\\\/\\\/gsmulsum-kutenholz.de\\\/?page_id=100\"},{\"@type\":\"ListItem\",\"position\":3,\"name\":\"IServ\"}]},{\"@type\":\"WebSite\",\"@id\":\"https:\\\/\\\/gsmulsum-kutenholz.de\\\/#website\",\"url\":\"https:\\\/\\\/gsmulsum-kutenholz.de\\\/\",\"name\":\"Grundschule Mulsum - Kutenholz\",\"description\":\"\",\"potentialAction\":[{\"@type\":\"SearchAction\",\"target\":{\"@type\":\"EntryPoint\",\"urlTemplate\":\"https:\\\/\\\/gsmulsum-kutenholz.de\\\/?s={search_term_string}\"},\"query-input\":{\"@type\":\"PropertyValueSpecification\",\"valueRequired\":true,\"valueName\":\"search_term_string\"}}],\"inLanguage\":\"de\"}]}<\/script>\n<!-- \/ Yoast SEO plugin. -->","yoast_head_json":{"title":"IServ - Grundschule Mulsum - Kutenholz","robots":{"index":"index","follow":"follow","max-snippet":"max-snippet:-1","max-image-preview":"max-image-preview:large","max-video-preview":"max-video-preview:-1"},"canonical":"https:\/\/gsmulsum-kutenholz.de\/?page_id=3320","og_locale":"de_DE","og_type":"article","og_title":"IServ - Grundschule Mulsum - Kutenholz","og_description":"Bitte lesen Sie die Nutzungsbedingungen f\u00fcr das IServ-Portal der Grundschule Mulsum-Kutenholz aufmerksam durch! Mit Abgabe der vollst\u00e4ndig ausgef\u00fcllten und unterschriebenen Einverst\u00e4ndniserkl\u00e4rung akzeptieren Sie diese in der auf der Website immer aktuell vorliegenden Form! Die Erstanmeldung bei IServ und die anf\u00e4ngliche Nutzung k\u00f6nnen Sie mit wenigen Klicks direkt \u00fcber diese Website vornehmen. Sp\u00e4ter wird dieser Umweg [&hellip;]","og_url":"https:\/\/gsmulsum-kutenholz.de\/?page_id=3320","og_site_name":"Grundschule Mulsum - Kutenholz","article_modified_time":"2020-04-28T18:06:09+00:00","og_image":[{"width":736,"height":688,"url":"https:\/\/gsmulsum-kutenholz.de\/wp-content\/uploads\/2020\/04\/IServ.png","type":"image\/png"}],"twitter_card":"summary_large_image","twitter_misc":{"Gesch\u00e4tzte Lesezeit":"1\u00a0Minute"},"schema":{"@context":"https:\/\/schema.org","@graph":[{"@type":"WebPage","@id":"https:\/\/gsmulsum-kutenholz.de\/?page_id=3320","url":"https:\/\/gsmulsum-kutenholz.de\/?page_id=3320","name":"IServ - Grundschule Mulsum - Kutenholz","isPartOf":{"@id":"https:\/\/gsmulsum-kutenholz.de\/#website"},"primaryImageOfPage":{"@id":"https:\/\/gsmulsum-kutenholz.de\/?page_id=3320#primaryimage"},"image":{"@id":"https:\/\/gsmulsum-kutenholz.de\/?page_id=3320#primaryimage"},"thumbnailUrl":"https:\/\/gsmulsum-kutenholz.de\/wp-content\/uploads\/2020\/04\/IServ.png","datePublished":"2020-04-16T10:50:23+00:00","dateModified":"2020-04-28T18:06:09+00:00","breadcrumb":{"@id":"https:\/\/gsmulsum-kutenholz.de\/?page_id=3320#breadcrumb"},"inLanguage":"de","potentialAction":[{"@type":"ReadAction","target":["https:\/\/gsmulsum-kutenholz.de\/?page_id=3320"]}]},{"@type":"ImageObject","inLanguage":"de","@id":"https:\/\/gsmulsum-kutenholz.de\/?page_id=3320#primaryimage","url":"https:\/\/gsmulsum-kutenholz.de\/wp-content\/uploads\/2020\/04\/IServ.png","contentUrl":"https:\/\/gsmulsum-kutenholz.de\/wp-content\/uploads\/2020\/04\/IServ.png","width":736,"height":688},{"@type":"BreadcrumbList","@id":"https:\/\/gsmulsum-kutenholz.de\/?page_id=3320#breadcrumb","itemListElement":[{"@type":"ListItem","position":1,"name":"Start","item":"https:\/\/gsmulsum-kutenholz.de\/"},{"@type":"ListItem","position":2,"name":"Schulleben","item":"https:\/\/gsmulsum-kutenholz.de\/?page_id=100"},{"@type":"ListItem","position":3,"name":"IServ"}]},{"@type":"WebSite","@id":"https:\/\/gsmulsum-kutenholz.de\/#website","url":"https:\/\/gsmulsum-kutenholz.de\/","name":"Grundschule Mulsum - Kutenholz","description":"","potentialAction":[{"@type":"SearchAction","target":{"@type":"EntryPoint","urlTemplate":"https:\/\/gsmulsum-kutenholz.de\/?s={search_term_string}"},"query-input":{"@type":"PropertyValueSpecification","valueRequired":true,"valueName":"search_term_string"}}],"inLanguage":"de"}]}},"_links":{"self":[{"href":"https:\/\/gsmulsum-kutenholz.de\/index.php?rest_route=\/wp\/v2\/pages\/3320","targetHints":{"allow":["GET"]}}],"collection":[{"href":"https:\/\/gsmulsum-kutenholz.de\/index.php?rest_route=\/wp\/v2\/pages"}],"about":[{"href":"https:\/\/gsmulsum-kutenholz.de\/index.php?rest_route=\/wp\/v2\/types\/page"}],"author":[{"embeddable":true,"href":"https:\/\/gsmulsum-kutenholz.de\/index.php?rest_route=\/wp\/v2\/users\/2"}],"replies":[{"embeddable":true,"href":"https:\/\/gsmulsum-kutenholz.de\/index.php?rest_route=%2Fwp%2Fv2%2Fcomments&post=3320"}],"version-history":[{"count":13,"href":"https:\/\/gsmulsum-kutenholz.de\/index.php?rest_route=\/wp\/v2\/pages\/3320\/revisions"}],"predecessor-version":[{"id":3406,"href":"https:\/\/gsmulsum-kutenholz.de\/index.php?rest_route=\/wp\/v2\/pages\/3320\/revisions\/3406"}],"up":[{"embeddable":true,"href":"https:\/\/gsmulsum-kutenholz.de\/index.php?rest_route=\/wp\/v2\/pages\/100"}],"wp:featuredmedia":[{"embeddable":true,"href":"https:\/\/gsmulsum-kutenholz.de\/index.php?rest_route=\/wp\/v2\/media\/3327"}],"wp:attachment":[{"href":"https:\/\/gsmulsum-kutenholz.de\/index.php?rest_route=%2Fwp%2Fv2%2Fmedia&parent=3320"}],"curies":[{"name":"wp","href":"https:\/\/api.w.org\/{rel}","templated":true}]}}