{"id":362,"date":"2018-04-23T19:10:41","date_gmt":"2018-04-23T19:10:41","guid":{"rendered":"http:\/\/gsmulsum-kutenholz.de\/?page_id=362"},"modified":"2026-01-22T12:53:41","modified_gmt":"2026-01-22T10:53:41","slug":"standort-mulsum","status":"publish","type":"page","link":"https:\/\/gsmulsum-kutenholz.de\/?page_id=362","title":{"rendered":"Standort Mulsum"},"content":{"rendered":"<p>Am Standort Mulsum befindet sich das B\u00fcro der Schulleitung sowie das Sekretariat.<br \/>\nEs gibt eine erste Klasse, zwei zweite Klassen, zwei dritte Klassen und eine vierte Klasse. Hier unterrichten 6 Lehrkr\u00e4fte. Unterst\u00fctzt wird das Kollegium durch 3 P\u00e4dagogische Mitarbeiterinnen und zur Zeit zwei Bufdi, die an beiden Standorten eingesetzt werden.<\/p>\n<p>Der Standort in Mulsum ist unter folgender Telefonnummer erreichbar: 04762 921240<\/p>\n","protected":false},"excerpt":{"rendered":"<p>Am Standort Mulsum befindet sich das B\u00fcro der Schulleitung sowie das Sekretariat. Es gibt eine erste Klasse, zwei zweite Klassen, zwei dritte Klassen und eine vierte Klasse. Hier unterrichten 6 Lehrkr\u00e4fte. Unterst\u00fctzt wird das Kollegium durch 3 P\u00e4dagogische Mitarbeiterinnen und zur Zeit zwei Bufdi, die an beiden Standorten eingesetzt werden. Der Standort in Mulsum ist [&hellip;]<\/p>\n","protected":false},"author":2,"featured_media":0,"parent":1587,"menu_order":1,"comment_status":"closed","ping_status":"closed","template":"","meta":{"ngg_post_thumbnail":0,"footnotes":""},"class_list":["post-362","page","type-page","status-publish","hentry"],"yoast_head":"<!-- This site is optimized with the Yoast SEO plugin v27.4 - https:\/\/yoast.com\/product\/yoast-seo-wordpress\/ -->\n<title>Standort Mulsum - Grundschule Mulsum - Kutenholz<\/title>\n<meta name=\"robots\" content=\"index, follow, max-snippet:-1, max-image-preview:large, max-video-preview:-1\" \/>\n<link rel=\"canonical\" href=\"https:\/\/gsmulsum-kutenholz.de\/?page_id=362\" \/>\n<meta property=\"og:locale\" content=\"de_DE\" \/>\n<meta property=\"og:type\" content=\"article\" \/>\n<meta property=\"og:title\" content=\"Standort Mulsum - Grundschule Mulsum - Kutenholz\" \/>\n<meta property=\"og:description\" content=\"Am Standort Mulsum befindet sich das B\u00fcro der Schulleitung sowie das Sekretariat. Es gibt eine erste Klasse, zwei zweite Klassen, zwei dritte Klassen und eine vierte Klasse. Hier unterrichten 6 Lehrkr\u00e4fte. Unterst\u00fctzt wird das Kollegium durch 3 P\u00e4dagogische Mitarbeiterinnen und zur Zeit zwei Bufdi, die an beiden Standorten eingesetzt werden. Der Standort in Mulsum ist [&hellip;]\" \/>\n<meta property=\"og:url\" content=\"https:\/\/gsmulsum-kutenholz.de\/?page_id=362\" \/>\n<meta property=\"og:site_name\" content=\"Grundschule Mulsum - Kutenholz\" \/>\n<meta property=\"article:modified_time\" content=\"2026-01-22T10:53:41+00:00\" \/>\n<meta name=\"twitter:card\" content=\"summary_large_image\" \/>\n<script type=\"application\/ld+json\" class=\"yoast-schema-graph\">{\"@context\":\"https:\\\/\\\/schema.org\",\"@graph\":[{\"@type\":\"WebPage\",\"@id\":\"https:\\\/\\\/gsmulsum-kutenholz.de\\\/?page_id=362\",\"url\":\"https:\\\/\\\/gsmulsum-kutenholz.de\\\/?page_id=362\",\"name\":\"Standort Mulsum - Grundschule Mulsum - Kutenholz\",\"isPartOf\":{\"@id\":\"https:\\\/\\\/gsmulsum-kutenholz.de\\\/#website\"},\"datePublished\":\"2018-04-23T19:10:41+00:00\",\"dateModified\":\"2026-01-22T10:53:41+00:00\",\"breadcrumb\":{\"@id\":\"https:\\\/\\\/gsmulsum-kutenholz.de\\\/?page_id=362#breadcrumb\"},\"inLanguage\":\"de\",\"potentialAction\":[{\"@type\":\"ReadAction\",\"target\":[\"https:\\\/\\\/gsmulsum-kutenholz.de\\\/?page_id=362\"]}]},{\"@type\":\"BreadcrumbList\",\"@id\":\"https:\\\/\\\/gsmulsum-kutenholz.de\\\/?page_id=362#breadcrumb\",\"itemListElement\":[{\"@type\":\"ListItem\",\"position\":1,\"name\":\"Start\",\"item\":\"https:\\\/\\\/gsmulsum-kutenholz.de\\\/\"},{\"@type\":\"ListItem\",\"position\":2,\"name\":\"Unsere Schule\",\"item\":\"https:\\\/\\\/gsmulsum-kutenholz.de\\\/?page_id=2\"},{\"@type\":\"ListItem\",\"position\":3,\"name\":\"Schule mit zwei Standorten\",\"item\":\"https:\\\/\\\/gsmulsum-kutenholz.de\\\/?page_id=1587\"},{\"@type\":\"ListItem\",\"position\":4,\"name\":\"Standort Mulsum\"}]},{\"@type\":\"WebSite\",\"@id\":\"https:\\\/\\\/gsmulsum-kutenholz.de\\\/#website\",\"url\":\"https:\\\/\\\/gsmulsum-kutenholz.de\\\/\",\"name\":\"Grundschule Mulsum - Kutenholz\",\"description\":\"\",\"potentialAction\":[{\"@type\":\"SearchAction\",\"target\":{\"@type\":\"EntryPoint\",\"urlTemplate\":\"https:\\\/\\\/gsmulsum-kutenholz.de\\\/?s={search_term_string}\"},\"query-input\":{\"@type\":\"PropertyValueSpecification\",\"valueRequired\":true,\"valueName\":\"search_term_string\"}}],\"inLanguage\":\"de\"}]}<\/script>\n<!-- \/ Yoast SEO plugin. -->","yoast_head_json":{"title":"Standort Mulsum - Grundschule Mulsum - Kutenholz","robots":{"index":"index","follow":"follow","max-snippet":"max-snippet:-1","max-image-preview":"max-image-preview:large","max-video-preview":"max-video-preview:-1"},"canonical":"https:\/\/gsmulsum-kutenholz.de\/?page_id=362","og_locale":"de_DE","og_type":"article","og_title":"Standort Mulsum - Grundschule Mulsum - Kutenholz","og_description":"Am Standort Mulsum befindet sich das B\u00fcro der Schulleitung sowie das Sekretariat. Es gibt eine erste Klasse, zwei zweite Klassen, zwei dritte Klassen und eine vierte Klasse. Hier unterrichten 6 Lehrkr\u00e4fte. Unterst\u00fctzt wird das Kollegium durch 3 P\u00e4dagogische Mitarbeiterinnen und zur Zeit zwei Bufdi, die an beiden Standorten eingesetzt werden. Der Standort in Mulsum ist [&hellip;]","og_url":"https:\/\/gsmulsum-kutenholz.de\/?page_id=362","og_site_name":"Grundschule Mulsum - Kutenholz","article_modified_time":"2026-01-22T10:53:41+00:00","twitter_card":"summary_large_image","schema":{"@context":"https:\/\/schema.org","@graph":[{"@type":"WebPage","@id":"https:\/\/gsmulsum-kutenholz.de\/?page_id=362","url":"https:\/\/gsmulsum-kutenholz.de\/?page_id=362","name":"Standort Mulsum - Grundschule Mulsum - Kutenholz","isPartOf":{"@id":"https:\/\/gsmulsum-kutenholz.de\/#website"},"datePublished":"2018-04-23T19:10:41+00:00","dateModified":"2026-01-22T10:53:41+00:00","breadcrumb":{"@id":"https:\/\/gsmulsum-kutenholz.de\/?page_id=362#breadcrumb"},"inLanguage":"de","potentialAction":[{"@type":"ReadAction","target":["https:\/\/gsmulsum-kutenholz.de\/?page_id=362"]}]},{"@type":"BreadcrumbList","@id":"https:\/\/gsmulsum-kutenholz.de\/?page_id=362#breadcrumb","itemListElement":[{"@type":"ListItem","position":1,"name":"Start","item":"https:\/\/gsmulsum-kutenholz.de\/"},{"@type":"ListItem","position":2,"name":"Unsere Schule","item":"https:\/\/gsmulsum-kutenholz.de\/?page_id=2"},{"@type":"ListItem","position":3,"name":"Schule mit zwei Standorten","item":"https:\/\/gsmulsum-kutenholz.de\/?page_id=1587"},{"@type":"ListItem","position":4,"name":"Standort Mulsum"}]},{"@type":"WebSite","@id":"https:\/\/gsmulsum-kutenholz.de\/#website","url":"https:\/\/gsmulsum-kutenholz.de\/","name":"Grundschule Mulsum - Kutenholz","description":"","potentialAction":[{"@type":"SearchAction","target":{"@type":"EntryPoint","urlTemplate":"https:\/\/gsmulsum-kutenholz.de\/?s={search_term_string}"},"query-input":{"@type":"PropertyValueSpecification","valueRequired":true,"valueName":"search_term_string"}}],"inLanguage":"de"}]}},"_links":{"self":[{"href":"https:\/\/gsmulsum-kutenholz.de\/index.php?rest_route=\/wp\/v2\/pages\/362","targetHints":{"allow":["GET"]}}],"collection":[{"href":"https:\/\/gsmulsum-kutenholz.de\/index.php?rest_route=\/wp\/v2\/pages"}],"about":[{"href":"https:\/\/gsmulsum-kutenholz.de\/index.php?rest_route=\/wp\/v2\/types\/page"}],"author":[{"embeddable":true,"href":"https:\/\/gsmulsum-kutenholz.de\/index.php?rest_route=\/wp\/v2\/users\/2"}],"replies":[{"embeddable":true,"href":"https:\/\/gsmulsum-kutenholz.de\/index.php?rest_route=%2Fwp%2Fv2%2Fcomments&post=362"}],"version-history":[{"count":7,"href":"https:\/\/gsmulsum-kutenholz.de\/index.php?rest_route=\/wp\/v2\/pages\/362\/revisions"}],"predecessor-version":[{"id":5420,"href":"https:\/\/gsmulsum-kutenholz.de\/index.php?rest_route=\/wp\/v2\/pages\/362\/revisions\/5420"}],"up":[{"embeddable":true,"href":"https:\/\/gsmulsum-kutenholz.de\/index.php?rest_route=\/wp\/v2\/pages\/1587"}],"wp:attachment":[{"href":"https:\/\/gsmulsum-kutenholz.de\/index.php?rest_route=%2Fwp%2Fv2%2Fmedia&parent=362"}],"curies":[{"name":"wp","href":"https:\/\/api.w.org\/{rel}","templated":true}]}}