{"id":378,"date":"2018-04-23T19:42:09","date_gmt":"2018-04-23T19:42:09","guid":{"rendered":"http:\/\/gsmulsum-kutenholz.de\/?page_id=378"},"modified":"2019-12-04T21:53:48","modified_gmt":"2019-12-04T19:53:48","slug":"verein-zur-foerderung-der-schuljugend","status":"publish","type":"page","link":"https:\/\/gsmulsum-kutenholz.de\/?page_id=378","title":{"rendered":"Verein zur F\u00f6rderung der Schuljugend"},"content":{"rendered":"\n<figure class=\"wp-block-image\"><img loading=\"lazy\" decoding=\"async\" width=\"885\" height=\"833\" src=\"https:\/\/gsmulsum-kutenholz.de\/wp-content\/uploads\/2019\/12\/foe-start.png\" alt=\"\" class=\"wp-image-2869\" srcset=\"https:\/\/gsmulsum-kutenholz.de\/wp-content\/uploads\/2019\/12\/foe-start.png 885w, https:\/\/gsmulsum-kutenholz.de\/wp-content\/uploads\/2019\/12\/foe-start-300x282.png 300w, https:\/\/gsmulsum-kutenholz.de\/wp-content\/uploads\/2019\/12\/foe-start-768x723.png 768w\" sizes=\"auto, (max-width: 885px) 100vw, 885px\" \/><\/figure>\n\n\n\n<p style=\"color:#2c6540;font-size:24px;text-align:center\" class=\"has-text-color\"><strong>Verein zur F\u00f6rderung der Schuljugend e.V.<\/strong><\/p>\n\n\n\n<p style=\"color:#2c6540;text-align:center\" class=\"has-text-color has-medium-font-size\"><em><strong>&#8222;Es gibt nur eins, was auf Dauer teurer ist als Bildung &#8211; keine Bildung.&#8220;<br><\/strong><\/em><\/p>\n\n\n\n<p style=\"color:#2c6540;text-align:center\" class=\"has-text-color has-medium-font-size\"><em><strong>\u2013 John F. Kennedy &#8211;<\/strong><\/em><\/p>\n\n\n\n<hr class=\"wp-block-separator\"\/>\n\n\n\n<p>Gemeinsam mit Ihnen wollen wir auch in Zukunft die Schulausbildung und pers\u00f6nliche Entwicklung Ihres Kindes begleiten und so positiv wie m\u00f6glich gestalten. Schon ab 12 \u20ac Mindestbeitrag pro Jahr k\u00f6nnen Sie als F\u00f6rdermitglied im \u201eVerein zur F\u00f6rderung der Schuljugend e.V.\u201c einen wichtigen Beitrag hierzu leisten. Unser Verein ist gemeinn\u00fctzig. Sie haben die M\u00f6glichkeit, die Arbeit des F\u00f6rdervereins allgemein oder projektgebunden mit einer in der H\u00f6he nicht festgelegten Summe zu unterst\u00fctzen. Dankbar sind wir auch f\u00fcr aktive Mitarbeit. Einen Antrag auf F\u00f6rderung von Anschaffungen oder Projektvorhaben kann \u00fcbrigens jedes Mitglied der Schulgemeinschaft stellen. Damit ist ein aktives Mitgestaltungsrecht gesichert. Auf Wunsch stellen wir auch Spendenbescheinigungen aus, die beim Finanzamt geltend gemacht werden k\u00f6nnen. Unser Verein setzt sich f\u00fcr eine lebendige und anregende Ausbildung unserer Kinder ein!<\/p>\n\n\n\n<figure class=\"wp-block-image\"><img loading=\"lazy\" decoding=\"async\" width=\"809\" height=\"284\" src=\"https:\/\/gsmulsum-kutenholz.de\/wp-content\/uploads\/2019\/12\/foe-zitat.png\" alt=\"\" class=\"wp-image-2870\" srcset=\"https:\/\/gsmulsum-kutenholz.de\/wp-content\/uploads\/2019\/12\/foe-zitat.png 809w, https:\/\/gsmulsum-kutenholz.de\/wp-content\/uploads\/2019\/12\/foe-zitat-300x105.png 300w, https:\/\/gsmulsum-kutenholz.de\/wp-content\/uploads\/2019\/12\/foe-zitat-768x270.png 768w\" sizes=\"auto, (max-width: 809px) 100vw, 809px\" \/><\/figure>\n\n\n\n<p>Wir w\u00fcrden uns freuen, Sie schon bald als engagiertes Mitglied im Verein zur F\u00f6rderung der Schuljugend e.V. begr\u00fc\u00dfen zu d\u00fcrfen.<\/p>\n\n\n\n<p><strong>Beitritt:<\/strong><\/p>\n\n\n\n<p>Haben wir Sie \u00fcberzeugt und Sie m\u00f6chten gerne dem F\u00f6rderverein beitreten, erhalten Sie eine Beitrittserkl\u00e4rung im Sekretariat oder bei\/m&nbsp; der\/m jeweiligen Klassenlehrer\/in.<\/p>\n\n\n\n<figure class=\"wp-block-image\"><img loading=\"lazy\" decoding=\"async\" width=\"640\" height=\"1024\" src=\"https:\/\/gsmulsum-kutenholz.de\/wp-content\/uploads\/2019\/12\/foe-beitritt-640x1024.png\" alt=\"\" class=\"wp-image-2875\" srcset=\"https:\/\/gsmulsum-kutenholz.de\/wp-content\/uploads\/2019\/12\/foe-beitritt-640x1024.png 640w, https:\/\/gsmulsum-kutenholz.de\/wp-content\/uploads\/2019\/12\/foe-beitritt-188x300.png 188w, https:\/\/gsmulsum-kutenholz.de\/wp-content\/uploads\/2019\/12\/foe-beitritt-768x1228.png 768w, https:\/\/gsmulsum-kutenholz.de\/wp-content\/uploads\/2019\/12\/foe-beitritt.png 913w\" sizes=\"auto, (max-width: 640px) 100vw, 640px\" \/><\/figure>\n\n\n\n<p><strong>Dank den F\u00f6rderern:<\/strong><\/p>\n\n\n\n<p>An dieser Stelle m\u00f6chten wir, das gesamte Kollegium als auch alle Kinder der Grundschule Mulsum \u2013 Kutenholz, uns recht herzlich f\u00fcr die Unterst\u00fctzung bedanken!!!<\/p>\n\n\n\n<p><strong>Ansprechpartner und Kontakt:<\/strong><\/p>\n\n\n\n<p><em>Grundschule Mulsum \u2013 Kutenholz:<\/em><br>Schulleiterin Ilka Rauch<\/p>\n\n\n\n<p><em>Vorstand des Schulf\u00f6rdervereins:<\/em><\/p>\n\n\n\n<p>Vorsitzender: Stefan Meyer<\/p>\n\n\n\n<p>Wiesenstra\u00dfe 39<br>27449 Kutenholz<\/p>\n\n\n\n<p>Stellvertreter: Sascha Holst<\/p>\n\n\n\n<p>Kassenwartin: Sabrina Brand<\/p>\n\n\n\n<p>Schriftf\u00fchrerin: Sabine Koch<\/p>\n\n\n\n<figure class=\"wp-block-image\"><img loading=\"lazy\" decoding=\"async\" width=\"730\" height=\"1024\" src=\"https:\/\/gsmulsum-kutenholz.de\/wp-content\/uploads\/2019\/12\/foe1-730x1024.png\" alt=\"\" class=\"wp-image-2867\" srcset=\"https:\/\/gsmulsum-kutenholz.de\/wp-content\/uploads\/2019\/12\/foe1-730x1024.png 730w, https:\/\/gsmulsum-kutenholz.de\/wp-content\/uploads\/2019\/12\/foe1-214x300.png 214w, https:\/\/gsmulsum-kutenholz.de\/wp-content\/uploads\/2019\/12\/foe1-768x1078.png 768w, https:\/\/gsmulsum-kutenholz.de\/wp-content\/uploads\/2019\/12\/foe1.png 1006w\" sizes=\"auto, (max-width: 730px) 100vw, 730px\" \/><figcaption><br><\/figcaption><\/figure>\n\n\n\n<figure class=\"wp-block-image\"><img loading=\"lazy\" decoding=\"async\" width=\"725\" height=\"1024\" src=\"https:\/\/gsmulsum-kutenholz.de\/wp-content\/uploads\/2019\/12\/foe2-725x1024.png\" alt=\"\" class=\"wp-image-2868\" srcset=\"https:\/\/gsmulsum-kutenholz.de\/wp-content\/uploads\/2019\/12\/foe2-725x1024.png 725w, https:\/\/gsmulsum-kutenholz.de\/wp-content\/uploads\/2019\/12\/foe2-212x300.png 212w, https:\/\/gsmulsum-kutenholz.de\/wp-content\/uploads\/2019\/12\/foe2-768x1085.png 768w, https:\/\/gsmulsum-kutenholz.de\/wp-content\/uploads\/2019\/12\/foe2.png 1021w\" sizes=\"auto, (max-width: 725px) 100vw, 725px\" \/><\/figure>\n\n\n\n<figure class=\"wp-block-image\"><img loading=\"lazy\" decoding=\"async\" width=\"844\" height=\"1024\" src=\"https:\/\/gsmulsum-kutenholz.de\/wp-content\/uploads\/2019\/12\/foe3-844x1024.png\" alt=\"\" class=\"wp-image-2863\" srcset=\"https:\/\/gsmulsum-kutenholz.de\/wp-content\/uploads\/2019\/12\/foe3-844x1024.png 844w, https:\/\/gsmulsum-kutenholz.de\/wp-content\/uploads\/2019\/12\/foe3-247x300.png 247w, https:\/\/gsmulsum-kutenholz.de\/wp-content\/uploads\/2019\/12\/foe3-768x932.png 768w, https:\/\/gsmulsum-kutenholz.de\/wp-content\/uploads\/2019\/12\/foe3.png 958w\" sizes=\"auto, (max-width: 844px) 100vw, 844px\" \/><\/figure>\n\n\n\n<figure class=\"wp-block-image\"><img loading=\"lazy\" decoding=\"async\" width=\"739\" height=\"1024\" src=\"https:\/\/gsmulsum-kutenholz.de\/wp-content\/uploads\/2019\/12\/foe6-739x1024.png\" alt=\"\" class=\"wp-image-2865\" srcset=\"https:\/\/gsmulsum-kutenholz.de\/wp-content\/uploads\/2019\/12\/foe6-739x1024.png 739w, https:\/\/gsmulsum-kutenholz.de\/wp-content\/uploads\/2019\/12\/foe6-217x300.png 217w, https:\/\/gsmulsum-kutenholz.de\/wp-content\/uploads\/2019\/12\/foe6-768x1063.png 768w, https:\/\/gsmulsum-kutenholz.de\/wp-content\/uploads\/2019\/12\/foe6.png 1037w\" sizes=\"auto, (max-width: 739px) 100vw, 739px\" \/><\/figure>\n","protected":false},"excerpt":{"rendered":"<p>Verein zur F\u00f6rderung der Schuljugend e.V. &#8222;Es gibt nur eins, was auf Dauer teurer ist als Bildung &#8211; keine Bildung.&#8220; \u2013 John F. Kennedy &#8211; Gemeinsam mit Ihnen wollen wir auch in Zukunft die Schulausbildung und pers\u00f6nliche Entwicklung Ihres Kindes begleiten und so positiv wie m\u00f6glich gestalten. Schon ab 12 \u20ac Mindestbeitrag pro Jahr k\u00f6nnen [&hellip;]<\/p>\n","protected":false},"author":2,"featured_media":1353,"parent":76,"menu_order":0,"comment_status":"closed","ping_status":"closed","template":"","meta":{"ngg_post_thumbnail":0,"footnotes":""},"class_list":["post-378","page","type-page","status-publish","has-post-thumbnail","hentry"],"yoast_head":"<!-- This site is optimized with the Yoast SEO plugin v27.4 - https:\/\/yoast.com\/product\/yoast-seo-wordpress\/ -->\n<title>Verein zur F\u00f6rderung der Schuljugend - Grundschule Mulsum - Kutenholz<\/title>\n<meta name=\"robots\" content=\"index, follow, max-snippet:-1, max-image-preview:large, max-video-preview:-1\" \/>\n<link rel=\"canonical\" href=\"https:\/\/gsmulsum-kutenholz.de\/?page_id=378\" \/>\n<meta property=\"og:locale\" content=\"de_DE\" \/>\n<meta property=\"og:type\" content=\"article\" \/>\n<meta property=\"og:title\" content=\"Verein zur F\u00f6rderung der Schuljugend - Grundschule Mulsum - Kutenholz\" \/>\n<meta property=\"og:description\" content=\"Verein zur F\u00f6rderung der Schuljugend e.V. &#8222;Es gibt nur eins, was auf Dauer teurer ist als Bildung &#8211; keine Bildung.&#8220; \u2013 John F. Kennedy &#8211; Gemeinsam mit Ihnen wollen wir auch in Zukunft die Schulausbildung und pers\u00f6nliche Entwicklung Ihres Kindes begleiten und so positiv wie m\u00f6glich gestalten. Schon ab 12 \u20ac Mindestbeitrag pro Jahr k\u00f6nnen [&hellip;]\" \/>\n<meta property=\"og:url\" content=\"https:\/\/gsmulsum-kutenholz.de\/?page_id=378\" \/>\n<meta property=\"og:site_name\" content=\"Grundschule Mulsum - Kutenholz\" \/>\n<meta property=\"article:modified_time\" content=\"2019-12-04T19:53:48+00:00\" \/>\n<meta property=\"og:image\" content=\"https:\/\/gsmulsum-kutenholz.de\/wp-content\/uploads\/2018\/04\/foerderverein-Logo.jpg\" \/>\n\t<meta property=\"og:image:width\" content=\"2199\" \/>\n\t<meta property=\"og:image:height\" content=\"932\" \/>\n\t<meta property=\"og:image:type\" content=\"image\/jpeg\" \/>\n<meta name=\"twitter:card\" content=\"summary_large_image\" \/>\n<meta name=\"twitter:label1\" content=\"Gesch\u00e4tzte Lesezeit\" \/>\n\t<meta name=\"twitter:data1\" content=\"1\u00a0Minute\" \/>\n<script type=\"application\/ld+json\" class=\"yoast-schema-graph\">{\"@context\":\"https:\\\/\\\/schema.org\",\"@graph\":[{\"@type\":\"WebPage\",\"@id\":\"https:\\\/\\\/gsmulsum-kutenholz.de\\\/?page_id=378\",\"url\":\"https:\\\/\\\/gsmulsum-kutenholz.de\\\/?page_id=378\",\"name\":\"Verein zur F\u00f6rderung der Schuljugend - Grundschule Mulsum - Kutenholz\",\"isPartOf\":{\"@id\":\"https:\\\/\\\/gsmulsum-kutenholz.de\\\/#website\"},\"primaryImageOfPage\":{\"@id\":\"https:\\\/\\\/gsmulsum-kutenholz.de\\\/?page_id=378#primaryimage\"},\"image\":{\"@id\":\"https:\\\/\\\/gsmulsum-kutenholz.de\\\/?page_id=378#primaryimage\"},\"thumbnailUrl\":\"https:\\\/\\\/gsmulsum-kutenholz.de\\\/wp-content\\\/uploads\\\/2018\\\/04\\\/foerderverein-Logo.jpg\",\"datePublished\":\"2018-04-23T19:42:09+00:00\",\"dateModified\":\"2019-12-04T19:53:48+00:00\",\"breadcrumb\":{\"@id\":\"https:\\\/\\\/gsmulsum-kutenholz.de\\\/?page_id=378#breadcrumb\"},\"inLanguage\":\"de\",\"potentialAction\":[{\"@type\":\"ReadAction\",\"target\":[\"https:\\\/\\\/gsmulsum-kutenholz.de\\\/?page_id=378\"]}]},{\"@type\":\"ImageObject\",\"inLanguage\":\"de\",\"@id\":\"https:\\\/\\\/gsmulsum-kutenholz.de\\\/?page_id=378#primaryimage\",\"url\":\"https:\\\/\\\/gsmulsum-kutenholz.de\\\/wp-content\\\/uploads\\\/2018\\\/04\\\/foerderverein-Logo.jpg\",\"contentUrl\":\"https:\\\/\\\/gsmulsum-kutenholz.de\\\/wp-content\\\/uploads\\\/2018\\\/04\\\/foerderverein-Logo.jpg\",\"width\":2199,\"height\":932},{\"@type\":\"BreadcrumbList\",\"@id\":\"https:\\\/\\\/gsmulsum-kutenholz.de\\\/?page_id=378#breadcrumb\",\"itemListElement\":[{\"@type\":\"ListItem\",\"position\":1,\"name\":\"Start\",\"item\":\"https:\\\/\\\/gsmulsum-kutenholz.de\\\/\"},{\"@type\":\"ListItem\",\"position\":2,\"name\":\"Elternmitarbeit\",\"item\":\"https:\\\/\\\/gsmulsum-kutenholz.de\\\/?page_id=76\"},{\"@type\":\"ListItem\",\"position\":3,\"name\":\"Verein zur F\u00f6rderung der Schuljugend\"}]},{\"@type\":\"WebSite\",\"@id\":\"https:\\\/\\\/gsmulsum-kutenholz.de\\\/#website\",\"url\":\"https:\\\/\\\/gsmulsum-kutenholz.de\\\/\",\"name\":\"Grundschule Mulsum - Kutenholz\",\"description\":\"\",\"potentialAction\":[{\"@type\":\"SearchAction\",\"target\":{\"@type\":\"EntryPoint\",\"urlTemplate\":\"https:\\\/\\\/gsmulsum-kutenholz.de\\\/?s={search_term_string}\"},\"query-input\":{\"@type\":\"PropertyValueSpecification\",\"valueRequired\":true,\"valueName\":\"search_term_string\"}}],\"inLanguage\":\"de\"}]}<\/script>\n<!-- \/ Yoast SEO plugin. -->","yoast_head_json":{"title":"Verein zur F\u00f6rderung der Schuljugend - Grundschule Mulsum - Kutenholz","robots":{"index":"index","follow":"follow","max-snippet":"max-snippet:-1","max-image-preview":"max-image-preview:large","max-video-preview":"max-video-preview:-1"},"canonical":"https:\/\/gsmulsum-kutenholz.de\/?page_id=378","og_locale":"de_DE","og_type":"article","og_title":"Verein zur F\u00f6rderung der Schuljugend - Grundschule Mulsum - Kutenholz","og_description":"Verein zur F\u00f6rderung der Schuljugend e.V. &#8222;Es gibt nur eins, was auf Dauer teurer ist als Bildung &#8211; keine Bildung.&#8220; \u2013 John F. Kennedy &#8211; Gemeinsam mit Ihnen wollen wir auch in Zukunft die Schulausbildung und pers\u00f6nliche Entwicklung Ihres Kindes begleiten und so positiv wie m\u00f6glich gestalten. Schon ab 12 \u20ac Mindestbeitrag pro Jahr k\u00f6nnen [&hellip;]","og_url":"https:\/\/gsmulsum-kutenholz.de\/?page_id=378","og_site_name":"Grundschule Mulsum - Kutenholz","article_modified_time":"2019-12-04T19:53:48+00:00","og_image":[{"width":2199,"height":932,"url":"https:\/\/gsmulsum-kutenholz.de\/wp-content\/uploads\/2018\/04\/foerderverein-Logo.jpg","type":"image\/jpeg"}],"twitter_card":"summary_large_image","twitter_misc":{"Gesch\u00e4tzte Lesezeit":"1\u00a0Minute"},"schema":{"@context":"https:\/\/schema.org","@graph":[{"@type":"WebPage","@id":"https:\/\/gsmulsum-kutenholz.de\/?page_id=378","url":"https:\/\/gsmulsum-kutenholz.de\/?page_id=378","name":"Verein zur F\u00f6rderung der Schuljugend - Grundschule Mulsum - Kutenholz","isPartOf":{"@id":"https:\/\/gsmulsum-kutenholz.de\/#website"},"primaryImageOfPage":{"@id":"https:\/\/gsmulsum-kutenholz.de\/?page_id=378#primaryimage"},"image":{"@id":"https:\/\/gsmulsum-kutenholz.de\/?page_id=378#primaryimage"},"thumbnailUrl":"https:\/\/gsmulsum-kutenholz.de\/wp-content\/uploads\/2018\/04\/foerderverein-Logo.jpg","datePublished":"2018-04-23T19:42:09+00:00","dateModified":"2019-12-04T19:53:48+00:00","breadcrumb":{"@id":"https:\/\/gsmulsum-kutenholz.de\/?page_id=378#breadcrumb"},"inLanguage":"de","potentialAction":[{"@type":"ReadAction","target":["https:\/\/gsmulsum-kutenholz.de\/?page_id=378"]}]},{"@type":"ImageObject","inLanguage":"de","@id":"https:\/\/gsmulsum-kutenholz.de\/?page_id=378#primaryimage","url":"https:\/\/gsmulsum-kutenholz.de\/wp-content\/uploads\/2018\/04\/foerderverein-Logo.jpg","contentUrl":"https:\/\/gsmulsum-kutenholz.de\/wp-content\/uploads\/2018\/04\/foerderverein-Logo.jpg","width":2199,"height":932},{"@type":"BreadcrumbList","@id":"https:\/\/gsmulsum-kutenholz.de\/?page_id=378#breadcrumb","itemListElement":[{"@type":"ListItem","position":1,"name":"Start","item":"https:\/\/gsmulsum-kutenholz.de\/"},{"@type":"ListItem","position":2,"name":"Elternmitarbeit","item":"https:\/\/gsmulsum-kutenholz.de\/?page_id=76"},{"@type":"ListItem","position":3,"name":"Verein zur F\u00f6rderung der Schuljugend"}]},{"@type":"WebSite","@id":"https:\/\/gsmulsum-kutenholz.de\/#website","url":"https:\/\/gsmulsum-kutenholz.de\/","name":"Grundschule Mulsum - Kutenholz","description":"","potentialAction":[{"@type":"SearchAction","target":{"@type":"EntryPoint","urlTemplate":"https:\/\/gsmulsum-kutenholz.de\/?s={search_term_string}"},"query-input":{"@type":"PropertyValueSpecification","valueRequired":true,"valueName":"search_term_string"}}],"inLanguage":"de"}]}},"_links":{"self":[{"href":"https:\/\/gsmulsum-kutenholz.de\/index.php?rest_route=\/wp\/v2\/pages\/378","targetHints":{"allow":["GET"]}}],"collection":[{"href":"https:\/\/gsmulsum-kutenholz.de\/index.php?rest_route=\/wp\/v2\/pages"}],"about":[{"href":"https:\/\/gsmulsum-kutenholz.de\/index.php?rest_route=\/wp\/v2\/types\/page"}],"author":[{"embeddable":true,"href":"https:\/\/gsmulsum-kutenholz.de\/index.php?rest_route=\/wp\/v2\/users\/2"}],"replies":[{"embeddable":true,"href":"https:\/\/gsmulsum-kutenholz.de\/index.php?rest_route=%2Fwp%2Fv2%2Fcomments&post=378"}],"version-history":[{"count":26,"href":"https:\/\/gsmulsum-kutenholz.de\/index.php?rest_route=\/wp\/v2\/pages\/378\/revisions"}],"predecessor-version":[{"id":2883,"href":"https:\/\/gsmulsum-kutenholz.de\/index.php?rest_route=\/wp\/v2\/pages\/378\/revisions\/2883"}],"up":[{"embeddable":true,"href":"https:\/\/gsmulsum-kutenholz.de\/index.php?rest_route=\/wp\/v2\/pages\/76"}],"wp:featuredmedia":[{"embeddable":true,"href":"https:\/\/gsmulsum-kutenholz.de\/index.php?rest_route=\/wp\/v2\/media\/1353"}],"wp:attachment":[{"href":"https:\/\/gsmulsum-kutenholz.de\/index.php?rest_route=%2Fwp%2Fv2%2Fmedia&parent=378"}],"curies":[{"name":"wp","href":"https:\/\/api.w.org\/{rel}","templated":true}]}}