{"id":384,"date":"2018-04-23T19:47:58","date_gmt":"2018-04-23T19:47:58","guid":{"rendered":"http:\/\/gsmulsum-kutenholz.de\/?page_id=384"},"modified":"2026-01-23T13:23:04","modified_gmt":"2026-01-23T11:23:04","slug":"schulelternvertretung","status":"publish","type":"page","link":"https:\/\/gsmulsum-kutenholz.de\/?page_id=384","title":{"rendered":"Schulelternvertretung"},"content":{"rendered":"\n<p><strong>Schulelternrat<\/strong><\/p>\n\n\n\n<p>Der Schulelternrat (SER) ist ein zentrales Organ der Elternvertretung auch in unserer Grundschule. Er setzt sich aus gew\u00e4hlten Elternvertretern aus jeder Klasse zusammen und hat die Aufgabe, die Interessen der Elternschaft gegen\u00fcber der Schule zu vertreten. Der SER tagt mindestens einmal im Schuljahr und informiert \u00fcber wichtige Entscheidungen und Neuigkeiten. Die Mitglieder des SER sind f\u00fcr die Organisation von Elternabenden, Klassenfesten und anderen wichtigen Veranstaltungen verantwortlich. Sie sind auch Ansprechpartner f\u00fcr Eltern und Lehrer und tragen zur Gestaltung und Verbesserung der Schule bei.<\/p>\n\n\n\n<p>Die Vorsitzende unseres Schulelternrates ist Frau Gerloff.<\/p>\n\n\n\n<p><\/p>\n","protected":false},"excerpt":{"rendered":"<p>Schulelternrat Der Schulelternrat (SER) ist ein zentrales Organ der Elternvertretung auch in unserer Grundschule. Er setzt sich aus gew\u00e4hlten Elternvertretern aus jeder Klasse zusammen und hat die Aufgabe, die Interessen der Elternschaft gegen\u00fcber der Schule zu vertreten. Der SER tagt mindestens einmal im Schuljahr und informiert \u00fcber wichtige Entscheidungen und Neuigkeiten. Die Mitglieder des SER [&hellip;]<\/p>\n","protected":false},"author":2,"featured_media":0,"parent":76,"menu_order":0,"comment_status":"closed","ping_status":"closed","template":"","meta":{"ngg_post_thumbnail":0,"footnotes":""},"class_list":["post-384","page","type-page","status-publish","hentry"],"yoast_head":"<!-- This site is optimized with the Yoast SEO plugin v27.4 - https:\/\/yoast.com\/product\/yoast-seo-wordpress\/ -->\n<title>Schulelternvertretung - Grundschule Mulsum - Kutenholz<\/title>\n<meta name=\"robots\" content=\"index, follow, max-snippet:-1, max-image-preview:large, max-video-preview:-1\" \/>\n<link rel=\"canonical\" href=\"https:\/\/gsmulsum-kutenholz.de\/?page_id=384\" \/>\n<meta property=\"og:locale\" content=\"de_DE\" \/>\n<meta property=\"og:type\" content=\"article\" \/>\n<meta property=\"og:title\" content=\"Schulelternvertretung - Grundschule Mulsum - Kutenholz\" \/>\n<meta property=\"og:description\" content=\"Schulelternrat Der Schulelternrat (SER) ist ein zentrales Organ der Elternvertretung auch in unserer Grundschule. Er setzt sich aus gew\u00e4hlten Elternvertretern aus jeder Klasse zusammen und hat die Aufgabe, die Interessen der Elternschaft gegen\u00fcber der Schule zu vertreten. Der SER tagt mindestens einmal im Schuljahr und informiert \u00fcber wichtige Entscheidungen und Neuigkeiten. Die Mitglieder des SER [&hellip;]\" \/>\n<meta property=\"og:url\" content=\"https:\/\/gsmulsum-kutenholz.de\/?page_id=384\" \/>\n<meta property=\"og:site_name\" content=\"Grundschule Mulsum - Kutenholz\" \/>\n<meta property=\"article:modified_time\" content=\"2026-01-23T11:23:04+00:00\" \/>\n<meta name=\"twitter:card\" content=\"summary_large_image\" \/>\n<script type=\"application\/ld+json\" class=\"yoast-schema-graph\">{\"@context\":\"https:\\\/\\\/schema.org\",\"@graph\":[{\"@type\":\"WebPage\",\"@id\":\"https:\\\/\\\/gsmulsum-kutenholz.de\\\/?page_id=384\",\"url\":\"https:\\\/\\\/gsmulsum-kutenholz.de\\\/?page_id=384\",\"name\":\"Schulelternvertretung - Grundschule Mulsum - Kutenholz\",\"isPartOf\":{\"@id\":\"https:\\\/\\\/gsmulsum-kutenholz.de\\\/#website\"},\"datePublished\":\"2018-04-23T19:47:58+00:00\",\"dateModified\":\"2026-01-23T11:23:04+00:00\",\"breadcrumb\":{\"@id\":\"https:\\\/\\\/gsmulsum-kutenholz.de\\\/?page_id=384#breadcrumb\"},\"inLanguage\":\"de\",\"potentialAction\":[{\"@type\":\"ReadAction\",\"target\":[\"https:\\\/\\\/gsmulsum-kutenholz.de\\\/?page_id=384\"]}]},{\"@type\":\"BreadcrumbList\",\"@id\":\"https:\\\/\\\/gsmulsum-kutenholz.de\\\/?page_id=384#breadcrumb\",\"itemListElement\":[{\"@type\":\"ListItem\",\"position\":1,\"name\":\"Start\",\"item\":\"https:\\\/\\\/gsmulsum-kutenholz.de\\\/\"},{\"@type\":\"ListItem\",\"position\":2,\"name\":\"Elternmitarbeit\",\"item\":\"https:\\\/\\\/gsmulsum-kutenholz.de\\\/?page_id=76\"},{\"@type\":\"ListItem\",\"position\":3,\"name\":\"Schulelternvertretung\"}]},{\"@type\":\"WebSite\",\"@id\":\"https:\\\/\\\/gsmulsum-kutenholz.de\\\/#website\",\"url\":\"https:\\\/\\\/gsmulsum-kutenholz.de\\\/\",\"name\":\"Grundschule Mulsum - Kutenholz\",\"description\":\"\",\"potentialAction\":[{\"@type\":\"SearchAction\",\"target\":{\"@type\":\"EntryPoint\",\"urlTemplate\":\"https:\\\/\\\/gsmulsum-kutenholz.de\\\/?s={search_term_string}\"},\"query-input\":{\"@type\":\"PropertyValueSpecification\",\"valueRequired\":true,\"valueName\":\"search_term_string\"}}],\"inLanguage\":\"de\"}]}<\/script>\n<!-- \/ Yoast SEO plugin. -->","yoast_head_json":{"title":"Schulelternvertretung - Grundschule Mulsum - Kutenholz","robots":{"index":"index","follow":"follow","max-snippet":"max-snippet:-1","max-image-preview":"max-image-preview:large","max-video-preview":"max-video-preview:-1"},"canonical":"https:\/\/gsmulsum-kutenholz.de\/?page_id=384","og_locale":"de_DE","og_type":"article","og_title":"Schulelternvertretung - Grundschule Mulsum - Kutenholz","og_description":"Schulelternrat Der Schulelternrat (SER) ist ein zentrales Organ der Elternvertretung auch in unserer Grundschule. Er setzt sich aus gew\u00e4hlten Elternvertretern aus jeder Klasse zusammen und hat die Aufgabe, die Interessen der Elternschaft gegen\u00fcber der Schule zu vertreten. Der SER tagt mindestens einmal im Schuljahr und informiert \u00fcber wichtige Entscheidungen und Neuigkeiten. Die Mitglieder des SER [&hellip;]","og_url":"https:\/\/gsmulsum-kutenholz.de\/?page_id=384","og_site_name":"Grundschule Mulsum - Kutenholz","article_modified_time":"2026-01-23T11:23:04+00:00","twitter_card":"summary_large_image","schema":{"@context":"https:\/\/schema.org","@graph":[{"@type":"WebPage","@id":"https:\/\/gsmulsum-kutenholz.de\/?page_id=384","url":"https:\/\/gsmulsum-kutenholz.de\/?page_id=384","name":"Schulelternvertretung - Grundschule Mulsum - Kutenholz","isPartOf":{"@id":"https:\/\/gsmulsum-kutenholz.de\/#website"},"datePublished":"2018-04-23T19:47:58+00:00","dateModified":"2026-01-23T11:23:04+00:00","breadcrumb":{"@id":"https:\/\/gsmulsum-kutenholz.de\/?page_id=384#breadcrumb"},"inLanguage":"de","potentialAction":[{"@type":"ReadAction","target":["https:\/\/gsmulsum-kutenholz.de\/?page_id=384"]}]},{"@type":"BreadcrumbList","@id":"https:\/\/gsmulsum-kutenholz.de\/?page_id=384#breadcrumb","itemListElement":[{"@type":"ListItem","position":1,"name":"Start","item":"https:\/\/gsmulsum-kutenholz.de\/"},{"@type":"ListItem","position":2,"name":"Elternmitarbeit","item":"https:\/\/gsmulsum-kutenholz.de\/?page_id=76"},{"@type":"ListItem","position":3,"name":"Schulelternvertretung"}]},{"@type":"WebSite","@id":"https:\/\/gsmulsum-kutenholz.de\/#website","url":"https:\/\/gsmulsum-kutenholz.de\/","name":"Grundschule Mulsum - Kutenholz","description":"","potentialAction":[{"@type":"SearchAction","target":{"@type":"EntryPoint","urlTemplate":"https:\/\/gsmulsum-kutenholz.de\/?s={search_term_string}"},"query-input":{"@type":"PropertyValueSpecification","valueRequired":true,"valueName":"search_term_string"}}],"inLanguage":"de"}]}},"_links":{"self":[{"href":"https:\/\/gsmulsum-kutenholz.de\/index.php?rest_route=\/wp\/v2\/pages\/384","targetHints":{"allow":["GET"]}}],"collection":[{"href":"https:\/\/gsmulsum-kutenholz.de\/index.php?rest_route=\/wp\/v2\/pages"}],"about":[{"href":"https:\/\/gsmulsum-kutenholz.de\/index.php?rest_route=\/wp\/v2\/types\/page"}],"author":[{"embeddable":true,"href":"https:\/\/gsmulsum-kutenholz.de\/index.php?rest_route=\/wp\/v2\/users\/2"}],"replies":[{"embeddable":true,"href":"https:\/\/gsmulsum-kutenholz.de\/index.php?rest_route=%2Fwp%2Fv2%2Fcomments&post=384"}],"version-history":[{"count":2,"href":"https:\/\/gsmulsum-kutenholz.de\/index.php?rest_route=\/wp\/v2\/pages\/384\/revisions"}],"predecessor-version":[{"id":5462,"href":"https:\/\/gsmulsum-kutenholz.de\/index.php?rest_route=\/wp\/v2\/pages\/384\/revisions\/5462"}],"up":[{"embeddable":true,"href":"https:\/\/gsmulsum-kutenholz.de\/index.php?rest_route=\/wp\/v2\/pages\/76"}],"wp:attachment":[{"href":"https:\/\/gsmulsum-kutenholz.de\/index.php?rest_route=%2Fwp%2Fv2%2Fmedia&parent=384"}],"curies":[{"name":"wp","href":"https:\/\/api.w.org\/{rel}","templated":true}]}}