{"id":5039,"date":"2024-05-25T16:00:12","date_gmt":"2024-05-25T14:00:12","guid":{"rendered":"https:\/\/gsmulsum-kutenholz.de\/?page_id=5039"},"modified":"2025-03-30T14:00:19","modified_gmt":"2025-03-30T12:00:19","slug":"praktika-oder-bundesfreiwilligendienst","status":"publish","type":"page","link":"https:\/\/gsmulsum-kutenholz.de\/?page_id=5039","title":{"rendered":"Praktika oder Bundesfreiwilligendienst"},"content":{"rendered":"\n<p><a><\/a> <strong>Praktika oder Bundesfreiwilligendienst an unserer Schule mit zwei Standorten<\/strong><\/p>\n\n\n\n<p>Unser Kollegium wird seit Jahren durch Bundesfreiwilligendienstleistende unterst\u00fctzt, die ein Jahr in unserem Schulalltag mitarbeiten wollen. Sie nehmen am Unterricht teil, helfen Kindern bei Fragen, geben Hilfestellungen und unterst\u00fctzen die Lehrkr\u00e4fte in der Vor- und Nachbereitung des Unterrichts.<\/p>\n\n\n\n<p><strong>Hast du Interesse an einem Jahr im Bundesfreiwilligendienst oder einem freiwilligen sozialen Jahr an unserer Schule, dann informiere dich gerne bei der Samtgemeinde Fredenbeck.<\/strong><\/p>\n\n\n\n<p><a href=\"https:\/\/www.fredenbeck.de\/buerger-service\/\"><u><strong>https:\/\/www.fredenbeck.de\/buerger-service\/<\/strong><\/u><\/a><\/p>\n\n\n\n<p><a href=\"https:\/\/www.bundesfreiwilligendienst.de\/bundesfreiwilligendienst\/platz-einsatzstellensuche\/platzangebot-suchen?tx_bfdeinsatzstellensuche_einsatzplatzsuche%5Baction%5D=detail&amp;tx_bfdeinsatzstellensuche_einsatzplatzsuche%5Bcontroller%5D=Suchen%5CEinsatzstellensuche&amp;tx_bfdeinsatzstellensuche_einsatzplatzsuche%5Buid%5D=38684&amp;cHash=260b049f94db5f6041dc4a6c57005737\"><u><strong>https:\/\/www.bundesfreiwilligendienst.de\/GSFredenbeck<\/strong><\/u><\/a><\/p>\n\n\n\n<p><br>Wir freuen uns \u00fcber Interesse von Studierenden, die ihre Praktika bei uns absolvieren.<br>Auch mehrw\u00f6chige Praktika von Sch\u00fclerInnen der weiterf\u00fchrenden Schulen begleiten wir gerne.<br><strong>Wenn du Interesse an einem Praktikum an der GS Mulsum-Kutenholz hast, gib deine Bewerbung bitte direkt bei uns im Sekretariat ab oder schreibe eine E-Mail an info@gsmulsum-kutenholz.de.<\/strong><\/p>\n\n\n\n<p class=\"has-vivid-red-color has-text-color has-link-color has-medium-font-size wp-elements-806cb0f90e3f60c0972e3329121e5d4d\"><strong><em>Alle wichtigen Unterlagen und weitere Informationen dazu findest du bereits HIER:<\/em><\/strong><\/p>\n\n\n\n<div class=\"wp-block-file\"><a id=\"wp-block-file--media-5f82dcf5-061c-40aa-88d6-fc0325bdfe3d\" href=\"https:\/\/gsmulsum-kutenholz.de\/wp-content\/uploads\/2025\/03\/Praktikum-an-unserer-Schule.pdf\">Praktikum an unserer Schule<\/a><a href=\"https:\/\/gsmulsum-kutenholz.de\/wp-content\/uploads\/2025\/03\/Praktikum-an-unserer-Schule.pdf\" class=\"wp-block-file__button wp-element-button\" download aria-describedby=\"wp-block-file--media-5f82dcf5-061c-40aa-88d6-fc0325bdfe3d\">Herunterladen<\/a><\/div>\n\n\n\n<div class=\"wp-block-file\"><a id=\"wp-block-file--media-3dcd15f6-616f-48a3-9f8d-0d760967d5cd\" href=\"https:\/\/gsmulsum-kutenholz.de\/wp-content\/uploads\/2025\/03\/Datenschutz-Praktikum.pdf\">Datenschutz Praktikum<\/a><a href=\"https:\/\/gsmulsum-kutenholz.de\/wp-content\/uploads\/2025\/03\/Datenschutz-Praktikum.pdf\" class=\"wp-block-file__button wp-element-button\" download aria-describedby=\"wp-block-file--media-3dcd15f6-616f-48a3-9f8d-0d760967d5cd\">Herunterladen<\/a><\/div>\n","protected":false},"excerpt":{"rendered":"<p>Praktika oder Bundesfreiwilligendienst an unserer Schule mit zwei Standorten Unser Kollegium wird seit Jahren durch Bundesfreiwilligendienstleistende unterst\u00fctzt, die ein Jahr in unserem Schulalltag mitarbeiten wollen. Sie nehmen am Unterricht teil, helfen Kindern bei Fragen, geben Hilfestellungen und unterst\u00fctzen die Lehrkr\u00e4fte in der Vor- und Nachbereitung des Unterrichts. Hast du Interesse an einem Jahr im Bundesfreiwilligendienst [&hellip;]<\/p>\n","protected":false},"author":2,"featured_media":0,"parent":0,"menu_order":0,"comment_status":"closed","ping_status":"closed","template":"","meta":{"ngg_post_thumbnail":0,"footnotes":""},"class_list":["post-5039","page","type-page","status-publish","hentry"],"yoast_head":"<!-- This site is optimized with the Yoast SEO plugin v27.4 - https:\/\/yoast.com\/product\/yoast-seo-wordpress\/ -->\n<title>Praktika oder Bundesfreiwilligendienst - Grundschule Mulsum - Kutenholz<\/title>\n<meta name=\"robots\" content=\"index, follow, max-snippet:-1, max-image-preview:large, max-video-preview:-1\" \/>\n<link rel=\"canonical\" href=\"https:\/\/gsmulsum-kutenholz.de\/?page_id=5039\" \/>\n<meta property=\"og:locale\" content=\"de_DE\" \/>\n<meta property=\"og:type\" content=\"article\" \/>\n<meta property=\"og:title\" content=\"Praktika oder Bundesfreiwilligendienst - Grundschule Mulsum - Kutenholz\" \/>\n<meta property=\"og:description\" content=\"Praktika oder Bundesfreiwilligendienst an unserer Schule mit zwei Standorten Unser Kollegium wird seit Jahren durch Bundesfreiwilligendienstleistende unterst\u00fctzt, die ein Jahr in unserem Schulalltag mitarbeiten wollen. Sie nehmen am Unterricht teil, helfen Kindern bei Fragen, geben Hilfestellungen und unterst\u00fctzen die Lehrkr\u00e4fte in der Vor- und Nachbereitung des Unterrichts. Hast du Interesse an einem Jahr im Bundesfreiwilligendienst [&hellip;]\" \/>\n<meta property=\"og:url\" content=\"https:\/\/gsmulsum-kutenholz.de\/?page_id=5039\" \/>\n<meta property=\"og:site_name\" content=\"Grundschule Mulsum - Kutenholz\" \/>\n<meta property=\"article:modified_time\" content=\"2025-03-30T12:00:19+00:00\" \/>\n<meta name=\"twitter:card\" content=\"summary_large_image\" \/>\n<meta name=\"twitter:label1\" content=\"Gesch\u00e4tzte Lesezeit\" \/>\n\t<meta name=\"twitter:data1\" content=\"1\u00a0Minute\" \/>\n<script type=\"application\/ld+json\" class=\"yoast-schema-graph\">{\"@context\":\"https:\\\/\\\/schema.org\",\"@graph\":[{\"@type\":\"WebPage\",\"@id\":\"https:\\\/\\\/gsmulsum-kutenholz.de\\\/?page_id=5039\",\"url\":\"https:\\\/\\\/gsmulsum-kutenholz.de\\\/?page_id=5039\",\"name\":\"Praktika oder Bundesfreiwilligendienst - Grundschule Mulsum - Kutenholz\",\"isPartOf\":{\"@id\":\"https:\\\/\\\/gsmulsum-kutenholz.de\\\/#website\"},\"datePublished\":\"2024-05-25T14:00:12+00:00\",\"dateModified\":\"2025-03-30T12:00:19+00:00\",\"breadcrumb\":{\"@id\":\"https:\\\/\\\/gsmulsum-kutenholz.de\\\/?page_id=5039#breadcrumb\"},\"inLanguage\":\"de\",\"potentialAction\":[{\"@type\":\"ReadAction\",\"target\":[\"https:\\\/\\\/gsmulsum-kutenholz.de\\\/?page_id=5039\"]}]},{\"@type\":\"BreadcrumbList\",\"@id\":\"https:\\\/\\\/gsmulsum-kutenholz.de\\\/?page_id=5039#breadcrumb\",\"itemListElement\":[{\"@type\":\"ListItem\",\"position\":1,\"name\":\"Start\",\"item\":\"https:\\\/\\\/gsmulsum-kutenholz.de\\\/\"},{\"@type\":\"ListItem\",\"position\":2,\"name\":\"Praktika oder Bundesfreiwilligendienst\"}]},{\"@type\":\"WebSite\",\"@id\":\"https:\\\/\\\/gsmulsum-kutenholz.de\\\/#website\",\"url\":\"https:\\\/\\\/gsmulsum-kutenholz.de\\\/\",\"name\":\"Grundschule Mulsum - Kutenholz\",\"description\":\"\",\"potentialAction\":[{\"@type\":\"SearchAction\",\"target\":{\"@type\":\"EntryPoint\",\"urlTemplate\":\"https:\\\/\\\/gsmulsum-kutenholz.de\\\/?s={search_term_string}\"},\"query-input\":{\"@type\":\"PropertyValueSpecification\",\"valueRequired\":true,\"valueName\":\"search_term_string\"}}],\"inLanguage\":\"de\"}]}<\/script>\n<!-- \/ Yoast SEO plugin. -->","yoast_head_json":{"title":"Praktika oder Bundesfreiwilligendienst - Grundschule Mulsum - Kutenholz","robots":{"index":"index","follow":"follow","max-snippet":"max-snippet:-1","max-image-preview":"max-image-preview:large","max-video-preview":"max-video-preview:-1"},"canonical":"https:\/\/gsmulsum-kutenholz.de\/?page_id=5039","og_locale":"de_DE","og_type":"article","og_title":"Praktika oder Bundesfreiwilligendienst - Grundschule Mulsum - Kutenholz","og_description":"Praktika oder Bundesfreiwilligendienst an unserer Schule mit zwei Standorten Unser Kollegium wird seit Jahren durch Bundesfreiwilligendienstleistende unterst\u00fctzt, die ein Jahr in unserem Schulalltag mitarbeiten wollen. Sie nehmen am Unterricht teil, helfen Kindern bei Fragen, geben Hilfestellungen und unterst\u00fctzen die Lehrkr\u00e4fte in der Vor- und Nachbereitung des Unterrichts. Hast du Interesse an einem Jahr im Bundesfreiwilligendienst [&hellip;]","og_url":"https:\/\/gsmulsum-kutenholz.de\/?page_id=5039","og_site_name":"Grundschule Mulsum - Kutenholz","article_modified_time":"2025-03-30T12:00:19+00:00","twitter_card":"summary_large_image","twitter_misc":{"Gesch\u00e4tzte Lesezeit":"1\u00a0Minute"},"schema":{"@context":"https:\/\/schema.org","@graph":[{"@type":"WebPage","@id":"https:\/\/gsmulsum-kutenholz.de\/?page_id=5039","url":"https:\/\/gsmulsum-kutenholz.de\/?page_id=5039","name":"Praktika oder Bundesfreiwilligendienst - Grundschule Mulsum - Kutenholz","isPartOf":{"@id":"https:\/\/gsmulsum-kutenholz.de\/#website"},"datePublished":"2024-05-25T14:00:12+00:00","dateModified":"2025-03-30T12:00:19+00:00","breadcrumb":{"@id":"https:\/\/gsmulsum-kutenholz.de\/?page_id=5039#breadcrumb"},"inLanguage":"de","potentialAction":[{"@type":"ReadAction","target":["https:\/\/gsmulsum-kutenholz.de\/?page_id=5039"]}]},{"@type":"BreadcrumbList","@id":"https:\/\/gsmulsum-kutenholz.de\/?page_id=5039#breadcrumb","itemListElement":[{"@type":"ListItem","position":1,"name":"Start","item":"https:\/\/gsmulsum-kutenholz.de\/"},{"@type":"ListItem","position":2,"name":"Praktika oder Bundesfreiwilligendienst"}]},{"@type":"WebSite","@id":"https:\/\/gsmulsum-kutenholz.de\/#website","url":"https:\/\/gsmulsum-kutenholz.de\/","name":"Grundschule Mulsum - Kutenholz","description":"","potentialAction":[{"@type":"SearchAction","target":{"@type":"EntryPoint","urlTemplate":"https:\/\/gsmulsum-kutenholz.de\/?s={search_term_string}"},"query-input":{"@type":"PropertyValueSpecification","valueRequired":true,"valueName":"search_term_string"}}],"inLanguage":"de"}]}},"_links":{"self":[{"href":"https:\/\/gsmulsum-kutenholz.de\/index.php?rest_route=\/wp\/v2\/pages\/5039","targetHints":{"allow":["GET"]}}],"collection":[{"href":"https:\/\/gsmulsum-kutenholz.de\/index.php?rest_route=\/wp\/v2\/pages"}],"about":[{"href":"https:\/\/gsmulsum-kutenholz.de\/index.php?rest_route=\/wp\/v2\/types\/page"}],"author":[{"embeddable":true,"href":"https:\/\/gsmulsum-kutenholz.de\/index.php?rest_route=\/wp\/v2\/users\/2"}],"replies":[{"embeddable":true,"href":"https:\/\/gsmulsum-kutenholz.de\/index.php?rest_route=%2Fwp%2Fv2%2Fcomments&post=5039"}],"version-history":[{"count":3,"href":"https:\/\/gsmulsum-kutenholz.de\/index.php?rest_route=\/wp\/v2\/pages\/5039\/revisions"}],"predecessor-version":[{"id":5203,"href":"https:\/\/gsmulsum-kutenholz.de\/index.php?rest_route=\/wp\/v2\/pages\/5039\/revisions\/5203"}],"wp:attachment":[{"href":"https:\/\/gsmulsum-kutenholz.de\/index.php?rest_route=%2Fwp%2Fv2%2Fmedia&parent=5039"}],"curies":[{"name":"wp","href":"https:\/\/api.w.org\/{rel}","templated":true}]}}