{"id":5410,"date":"2026-01-21T18:54:49","date_gmt":"2026-01-21T16:54:49","guid":{"rendered":"https:\/\/gsmulsum-kutenholz.de\/?page_id=5410"},"modified":"2026-04-09T09:50:53","modified_gmt":"2026-04-09T07:50:53","slug":"einschulung","status":"publish","type":"page","link":"https:\/\/gsmulsum-kutenholz.de\/?page_id=5410","title":{"rendered":"Einschulung"},"content":{"rendered":"\n<p class=\"has-text-align-center\"><strong>Lernmittelausleihe &#8211; Informationen f\u00fcr die 1. Klasse<\/strong><\/p>\n\n\n\n<p class=\"has-text-align-left\">Hier finden Sie alle wichtigen Informationen zur Lernmittelausleihe f\u00fcr die zuk\u00fcnftigen Erstkl\u00e4ssler 2026. Bei R\u00fcckfragen dazu wenden Sie sich gerne an uns.<\/p>\n\n\n\n<p><\/p>\n\n\n\n<div class=\"wp-block-file aligncenter\"><a id=\"wp-block-file--media-7194c01a-a14c-4aff-a82f-f310d2ae8855\" href=\"https:\/\/gsmulsum-kutenholz.de\/wp-content\/uploads\/2026\/04\/Info-1.-Klasse-Lernmittel-2026-1.pdf\">Info 1. Klasse Lernmittel 2026<\/a><a href=\"https:\/\/gsmulsum-kutenholz.de\/wp-content\/uploads\/2026\/04\/Info-1.-Klasse-Lernmittel-2026-1.pdf\" class=\"wp-block-file__button wp-element-button\" download aria-describedby=\"wp-block-file--media-7194c01a-a14c-4aff-a82f-f310d2ae8855\">Herunterladen<\/a><\/div>\n\n\n<div class=\"wp-block-image is-style-default\">\n<figure class=\"aligncenter size-large is-resized\"><img loading=\"lazy\" decoding=\"async\" width=\"848\" height=\"1024\" src=\"https:\/\/gsmulsum-kutenholz.de\/wp-content\/uploads\/2018\/04\/Erlasse-848x1024.jpg\" alt=\"\" class=\"wp-image-170\" style=\"aspect-ratio:0.8281343869864596;width:272px;height:auto\" srcset=\"https:\/\/gsmulsum-kutenholz.de\/wp-content\/uploads\/2018\/04\/Erlasse-848x1024.jpg 848w, https:\/\/gsmulsum-kutenholz.de\/wp-content\/uploads\/2018\/04\/Erlasse-248x300.jpg 248w, https:\/\/gsmulsum-kutenholz.de\/wp-content\/uploads\/2018\/04\/Erlasse-768x927.jpg 768w, https:\/\/gsmulsum-kutenholz.de\/wp-content\/uploads\/2018\/04\/Erlasse.jpg 1113w\" sizes=\"auto, (max-width: 848px) 100vw, 848px\" \/><\/figure>\n<\/div>\n\n\n<p><\/p>\n\n\n\n<h4 class=\"wp-block-heading has-text-align-center\"><strong><u>Einschulung 2027 an unserer Schule<\/u><\/strong><\/h4>\n\n\n\n<p class=\"has-text-align-center\"><\/p>\n\n\n\n<p>Wir freuen uns, Sie und Ihr Kind bei der bevorstehenden Einschulung an unserer Schule begr\u00fc\u00dfen zu d\u00fcrfen.<\/p>\n\n\n\n<p><strong>Mit Beginn des Schuljahres 2027\/2028 werden alle Kinder schulpflichtig, die in der Zeit vom 01.10.2026 bis zum 30.09.2027 sechs Jahre alt werden und m\u00fcssen daher zum Schulbesuch angemeldet werden.<\/strong><\/p>\n\n\n\n<p>F\u00fcr die Anmeldung Ihres Kindes finden Sie alle Unterlagen hier zum Download.<\/p>\n\n\n\n<div class=\"wp-block-file\"><a id=\"wp-block-file--media-c7f4c0ae-b40f-44db-be63-7235a87df159\" href=\"https:\/\/gsmulsum-kutenholz.de\/wp-content\/uploads\/2026\/03\/Einschulung27.pdf\">Einschulung27<\/a><a href=\"https:\/\/gsmulsum-kutenholz.de\/wp-content\/uploads\/2026\/03\/Einschulung27.pdf\" class=\"wp-block-file__button wp-element-button\" download aria-describedby=\"wp-block-file--media-c7f4c0ae-b40f-44db-be63-7235a87df159\">Herunterladen<\/a><\/div>\n\n\n\n<p>Bitte f\u00fcllen Sie diese sorgf\u00e4ltig aus und reichen die Unterlagen zusammen mit einer Kopie der Geburtsurkunde Ihres Kindes und dem Nachweis zum Masernimpfschutz im Sekretariat ein. Bei alleinigem Sorgerecht bitten wir um Vorlage eines entsprechenden Nachweises (Negativbescheinigung vom Jugendamt oder Beschluss vom Familiengericht).<\/p>\n\n\n\n<p class=\"has-text-align-center\"><strong>Die vollst\u00e4ndigen Unterlagen geben Sie bitte vom 11.03. bis 20.03.2026 &#8211; au\u00dfer dienstags \u2013<\/strong><\/p>\n\n\n\n<p class=\"has-text-align-center\"><strong> und in der Zeit von 09:30 bis 12:30 Uhr im Sekretariat ab.<\/strong><\/p>\n\n\n\n<p>Um den Einschulungsprozess reibungslos zu gestalten, bitten wir Sie, sich bei Fragen mit unserem Sekretariat in Verbindung zu setzen.<\/p>\n\n\n\n<p><strong>Kontaktdaten des Sekretariats<\/strong><\/p>\n\n\n\n<p>Tel. 04762 &#8211; 921240<\/p>\n\n\n\n<p>Adresse: Im D\u00e4nsch 2, 27449 Kutenholz <\/p>\n\n\n\n<p>E-mail: <\/p>\n\n\n<div class=\"wp-block-image\">\n<figure class=\"alignleft\"><img loading=\"lazy\" decoding=\"async\" width=\"300\" height=\"33\" src=\"https:\/\/gsmulsum-kutenholz.de\/wp-content\/uploads\/2020\/02\/info-E-Mail-Bild-300x33.png\" alt=\"\" class=\"wp-image-3093\" srcset=\"https:\/\/gsmulsum-kutenholz.de\/wp-content\/uploads\/2020\/02\/info-E-Mail-Bild-300x33.png 300w, https:\/\/gsmulsum-kutenholz.de\/wp-content\/uploads\/2020\/02\/info-E-Mail-Bild.png 411w\" sizes=\"auto, (max-width: 300px) 100vw, 300px\" \/><\/figure>\n<\/div>\n\n\n<p><\/p>\n\n\n<div class=\"wp-block-image\">\n<figure class=\"alignleft\"><img loading=\"lazy\" decoding=\"async\" width=\"200\" height=\"70\" src=\"https:\/\/gsmulsum-kutenholz.de\/wp-content\/uploads\/2020\/02\/Achtung-@-ersetzen-e1582718398827.png\" alt=\"\" class=\"wp-image-3092\"\/><\/figure>\n<\/div>\n\n\n<p><\/p>\n\n\n\n<p><\/p>\n\n\n\n<p><\/p>\n\n\n\n<p><\/p>\n","protected":false},"excerpt":{"rendered":"<p>Lernmittelausleihe &#8211; Informationen f\u00fcr die 1. Klasse Hier finden Sie alle wichtigen Informationen zur Lernmittelausleihe f\u00fcr die zuk\u00fcnftigen Erstkl\u00e4ssler 2026. Bei R\u00fcckfragen dazu wenden Sie sich gerne an uns. Einschulung 2027 an unserer Schule Wir freuen uns, Sie und Ihr Kind bei der bevorstehenden Einschulung an unserer Schule begr\u00fc\u00dfen zu d\u00fcrfen. Mit Beginn des Schuljahres [&hellip;]<\/p>\n","protected":false},"author":2,"featured_media":0,"parent":0,"menu_order":0,"comment_status":"closed","ping_status":"closed","template":"","meta":{"ngg_post_thumbnail":0,"footnotes":""},"class_list":["post-5410","page","type-page","status-publish","hentry"],"yoast_head":"<!-- This site is optimized with the Yoast SEO plugin v27.4 - https:\/\/yoast.com\/product\/yoast-seo-wordpress\/ -->\n<title>Einschulung - Grundschule Mulsum - Kutenholz<\/title>\n<meta name=\"robots\" content=\"index, follow, max-snippet:-1, max-image-preview:large, max-video-preview:-1\" \/>\n<link rel=\"canonical\" href=\"https:\/\/gsmulsum-kutenholz.de\/?page_id=5410\" \/>\n<meta property=\"og:locale\" content=\"de_DE\" \/>\n<meta property=\"og:type\" content=\"article\" \/>\n<meta property=\"og:title\" content=\"Einschulung - Grundschule Mulsum - Kutenholz\" \/>\n<meta property=\"og:description\" content=\"Lernmittelausleihe &#8211; Informationen f\u00fcr die 1. Klasse Hier finden Sie alle wichtigen Informationen zur Lernmittelausleihe f\u00fcr die zuk\u00fcnftigen Erstkl\u00e4ssler 2026. Bei R\u00fcckfragen dazu wenden Sie sich gerne an uns. Einschulung 2027 an unserer Schule Wir freuen uns, Sie und Ihr Kind bei der bevorstehenden Einschulung an unserer Schule begr\u00fc\u00dfen zu d\u00fcrfen. Mit Beginn des Schuljahres [&hellip;]\" \/>\n<meta property=\"og:url\" content=\"https:\/\/gsmulsum-kutenholz.de\/?page_id=5410\" \/>\n<meta property=\"og:site_name\" content=\"Grundschule Mulsum - Kutenholz\" \/>\n<meta property=\"article:modified_time\" content=\"2026-04-09T07:50:53+00:00\" \/>\n<meta property=\"og:image\" content=\"https:\/\/gsmulsum-kutenholz.de\/wp-content\/uploads\/2018\/04\/Erlasse.jpg\" \/>\n\t<meta property=\"og:image:width\" content=\"1113\" \/>\n\t<meta property=\"og:image:height\" content=\"1344\" \/>\n\t<meta property=\"og:image:type\" content=\"image\/jpeg\" \/>\n<meta name=\"twitter:card\" content=\"summary_large_image\" \/>\n<meta name=\"twitter:label1\" content=\"Gesch\u00e4tzte Lesezeit\" \/>\n\t<meta name=\"twitter:data1\" content=\"2\u00a0Minuten\" \/>\n<script type=\"application\/ld+json\" class=\"yoast-schema-graph\">{\"@context\":\"https:\\\/\\\/schema.org\",\"@graph\":[{\"@type\":\"WebPage\",\"@id\":\"https:\\\/\\\/gsmulsum-kutenholz.de\\\/?page_id=5410\",\"url\":\"https:\\\/\\\/gsmulsum-kutenholz.de\\\/?page_id=5410\",\"name\":\"Einschulung - Grundschule Mulsum - Kutenholz\",\"isPartOf\":{\"@id\":\"https:\\\/\\\/gsmulsum-kutenholz.de\\\/#website\"},\"primaryImageOfPage\":{\"@id\":\"https:\\\/\\\/gsmulsum-kutenholz.de\\\/?page_id=5410#primaryimage\"},\"image\":{\"@id\":\"https:\\\/\\\/gsmulsum-kutenholz.de\\\/?page_id=5410#primaryimage\"},\"thumbnailUrl\":\"https:\\\/\\\/gsmulsum-kutenholz.de\\\/wp-content\\\/uploads\\\/2018\\\/04\\\/Erlasse-848x1024.jpg\",\"datePublished\":\"2026-01-21T16:54:49+00:00\",\"dateModified\":\"2026-04-09T07:50:53+00:00\",\"breadcrumb\":{\"@id\":\"https:\\\/\\\/gsmulsum-kutenholz.de\\\/?page_id=5410#breadcrumb\"},\"inLanguage\":\"de\",\"potentialAction\":[{\"@type\":\"ReadAction\",\"target\":[\"https:\\\/\\\/gsmulsum-kutenholz.de\\\/?page_id=5410\"]}]},{\"@type\":\"ImageObject\",\"inLanguage\":\"de\",\"@id\":\"https:\\\/\\\/gsmulsum-kutenholz.de\\\/?page_id=5410#primaryimage\",\"url\":\"https:\\\/\\\/gsmulsum-kutenholz.de\\\/wp-content\\\/uploads\\\/2018\\\/04\\\/Erlasse.jpg\",\"contentUrl\":\"https:\\\/\\\/gsmulsum-kutenholz.de\\\/wp-content\\\/uploads\\\/2018\\\/04\\\/Erlasse.jpg\",\"width\":1113,\"height\":1344},{\"@type\":\"BreadcrumbList\",\"@id\":\"https:\\\/\\\/gsmulsum-kutenholz.de\\\/?page_id=5410#breadcrumb\",\"itemListElement\":[{\"@type\":\"ListItem\",\"position\":1,\"name\":\"Start\",\"item\":\"https:\\\/\\\/gsmulsum-kutenholz.de\\\/\"},{\"@type\":\"ListItem\",\"position\":2,\"name\":\"Einschulung\"}]},{\"@type\":\"WebSite\",\"@id\":\"https:\\\/\\\/gsmulsum-kutenholz.de\\\/#website\",\"url\":\"https:\\\/\\\/gsmulsum-kutenholz.de\\\/\",\"name\":\"Grundschule Mulsum - Kutenholz\",\"description\":\"\",\"potentialAction\":[{\"@type\":\"SearchAction\",\"target\":{\"@type\":\"EntryPoint\",\"urlTemplate\":\"https:\\\/\\\/gsmulsum-kutenholz.de\\\/?s={search_term_string}\"},\"query-input\":{\"@type\":\"PropertyValueSpecification\",\"valueRequired\":true,\"valueName\":\"search_term_string\"}}],\"inLanguage\":\"de\"}]}<\/script>\n<!-- \/ Yoast SEO plugin. -->","yoast_head_json":{"title":"Einschulung - Grundschule Mulsum - Kutenholz","robots":{"index":"index","follow":"follow","max-snippet":"max-snippet:-1","max-image-preview":"max-image-preview:large","max-video-preview":"max-video-preview:-1"},"canonical":"https:\/\/gsmulsum-kutenholz.de\/?page_id=5410","og_locale":"de_DE","og_type":"article","og_title":"Einschulung - Grundschule Mulsum - Kutenholz","og_description":"Lernmittelausleihe &#8211; Informationen f\u00fcr die 1. Klasse Hier finden Sie alle wichtigen Informationen zur Lernmittelausleihe f\u00fcr die zuk\u00fcnftigen Erstkl\u00e4ssler 2026. Bei R\u00fcckfragen dazu wenden Sie sich gerne an uns. Einschulung 2027 an unserer Schule Wir freuen uns, Sie und Ihr Kind bei der bevorstehenden Einschulung an unserer Schule begr\u00fc\u00dfen zu d\u00fcrfen. Mit Beginn des Schuljahres [&hellip;]","og_url":"https:\/\/gsmulsum-kutenholz.de\/?page_id=5410","og_site_name":"Grundschule Mulsum - Kutenholz","article_modified_time":"2026-04-09T07:50:53+00:00","og_image":[{"width":1113,"height":1344,"url":"https:\/\/gsmulsum-kutenholz.de\/wp-content\/uploads\/2018\/04\/Erlasse.jpg","type":"image\/jpeg"}],"twitter_card":"summary_large_image","twitter_misc":{"Gesch\u00e4tzte Lesezeit":"2\u00a0Minuten"},"schema":{"@context":"https:\/\/schema.org","@graph":[{"@type":"WebPage","@id":"https:\/\/gsmulsum-kutenholz.de\/?page_id=5410","url":"https:\/\/gsmulsum-kutenholz.de\/?page_id=5410","name":"Einschulung - Grundschule Mulsum - Kutenholz","isPartOf":{"@id":"https:\/\/gsmulsum-kutenholz.de\/#website"},"primaryImageOfPage":{"@id":"https:\/\/gsmulsum-kutenholz.de\/?page_id=5410#primaryimage"},"image":{"@id":"https:\/\/gsmulsum-kutenholz.de\/?page_id=5410#primaryimage"},"thumbnailUrl":"https:\/\/gsmulsum-kutenholz.de\/wp-content\/uploads\/2018\/04\/Erlasse-848x1024.jpg","datePublished":"2026-01-21T16:54:49+00:00","dateModified":"2026-04-09T07:50:53+00:00","breadcrumb":{"@id":"https:\/\/gsmulsum-kutenholz.de\/?page_id=5410#breadcrumb"},"inLanguage":"de","potentialAction":[{"@type":"ReadAction","target":["https:\/\/gsmulsum-kutenholz.de\/?page_id=5410"]}]},{"@type":"ImageObject","inLanguage":"de","@id":"https:\/\/gsmulsum-kutenholz.de\/?page_id=5410#primaryimage","url":"https:\/\/gsmulsum-kutenholz.de\/wp-content\/uploads\/2018\/04\/Erlasse.jpg","contentUrl":"https:\/\/gsmulsum-kutenholz.de\/wp-content\/uploads\/2018\/04\/Erlasse.jpg","width":1113,"height":1344},{"@type":"BreadcrumbList","@id":"https:\/\/gsmulsum-kutenholz.de\/?page_id=5410#breadcrumb","itemListElement":[{"@type":"ListItem","position":1,"name":"Start","item":"https:\/\/gsmulsum-kutenholz.de\/"},{"@type":"ListItem","position":2,"name":"Einschulung"}]},{"@type":"WebSite","@id":"https:\/\/gsmulsum-kutenholz.de\/#website","url":"https:\/\/gsmulsum-kutenholz.de\/","name":"Grundschule Mulsum - Kutenholz","description":"","potentialAction":[{"@type":"SearchAction","target":{"@type":"EntryPoint","urlTemplate":"https:\/\/gsmulsum-kutenholz.de\/?s={search_term_string}"},"query-input":{"@type":"PropertyValueSpecification","valueRequired":true,"valueName":"search_term_string"}}],"inLanguage":"de"}]}},"_links":{"self":[{"href":"https:\/\/gsmulsum-kutenholz.de\/index.php?rest_route=\/wp\/v2\/pages\/5410","targetHints":{"allow":["GET"]}}],"collection":[{"href":"https:\/\/gsmulsum-kutenholz.de\/index.php?rest_route=\/wp\/v2\/pages"}],"about":[{"href":"https:\/\/gsmulsum-kutenholz.de\/index.php?rest_route=\/wp\/v2\/types\/page"}],"author":[{"embeddable":true,"href":"https:\/\/gsmulsum-kutenholz.de\/index.php?rest_route=\/wp\/v2\/users\/2"}],"replies":[{"embeddable":true,"href":"https:\/\/gsmulsum-kutenholz.de\/index.php?rest_route=%2Fwp%2Fv2%2Fcomments&post=5410"}],"version-history":[{"count":32,"href":"https:\/\/gsmulsum-kutenholz.de\/index.php?rest_route=\/wp\/v2\/pages\/5410\/revisions"}],"predecessor-version":[{"id":5640,"href":"https:\/\/gsmulsum-kutenholz.de\/index.php?rest_route=\/wp\/v2\/pages\/5410\/revisions\/5640"}],"wp:attachment":[{"href":"https:\/\/gsmulsum-kutenholz.de\/index.php?rest_route=%2Fwp%2Fv2%2Fmedia&parent=5410"}],"curies":[{"name":"wp","href":"https:\/\/api.w.org\/{rel}","templated":true}]}}