{"id":95,"date":"2018-04-21T20:00:25","date_gmt":"2018-04-21T20:00:25","guid":{"rendered":"http:\/\/gsmulsum-kutenholz.de\/?page_id=95"},"modified":"2018-05-10T17:42:33","modified_gmt":"2018-05-10T15:42:33","slug":"musikalische-grundschule","status":"publish","type":"page","link":"https:\/\/gsmulsum-kutenholz.de\/?page_id=95","title":{"rendered":"Musikalische Grundschule"},"content":{"rendered":"<h4>Die musikalische Grundschule Mulsum &#8211; Kutenholz nutzt ein neuartiges und zugleich bew\u00e4hrtes Konzept in der Lerntheorie der Kinder. Durch die musikalische Unterst\u00fctzung des Unterrichts wird eine angenehme und freundliche Lernatmosph\u00e4re f\u00fcr Kinder, Lehrer und Eltern geschaffen.<\/h4>\n<p><img loading=\"lazy\" decoding=\"async\" width=\"300\" height=\"108\" class=\"alignnone size-medium wp-image-130\" alt=\"\" src=\"https:\/\/gsmulsum-kutenholz.de\/wp-content\/uploads\/2018\/04\/musik-grund-nied-300x108.png\" srcset=\"https:\/\/gsmulsum-kutenholz.de\/wp-content\/uploads\/2018\/04\/musik-grund-nied-300x108.png 300w, https:\/\/gsmulsum-kutenholz.de\/wp-content\/uploads\/2018\/04\/musik-grund-nied.png 374w\" sizes=\"auto, (max-width: 300px) 100vw, 300px\" \/><\/p>\n<p>&nbsp;<\/p>\n<p>&nbsp;<\/p>\n<p><img loading=\"lazy\" decoding=\"async\" width=\"300\" height=\"177\" class=\"alignnone size-medium wp-image-229\" alt=\"\" src=\"https:\/\/gsmulsum-kutenholz.de\/wp-content\/uploads\/2018\/04\/Musik-300x177.jpg\" srcset=\"https:\/\/gsmulsum-kutenholz.de\/wp-content\/uploads\/2018\/04\/Musik-300x177.jpg 300w, https:\/\/gsmulsum-kutenholz.de\/wp-content\/uploads\/2018\/04\/Musik-768x453.jpg 768w, https:\/\/gsmulsum-kutenholz.de\/wp-content\/uploads\/2018\/04\/Musik-1024x604.jpg 1024w, https:\/\/gsmulsum-kutenholz.de\/wp-content\/uploads\/2018\/04\/Musik.jpg 1360w\" sizes=\"auto, (max-width: 300px) 100vw, 300px\" \/><\/p>\n","protected":false},"excerpt":{"rendered":"<p>Die musikalische Grundschule Mulsum &#8211; Kutenholz nutzt ein neuartiges und zugleich bew\u00e4hrtes Konzept in der Lerntheorie der Kinder. Durch die musikalische Unterst\u00fctzung des Unterrichts wird eine angenehme und freundliche Lernatmosph\u00e4re f\u00fcr Kinder, Lehrer und Eltern geschaffen. &nbsp; &nbsp;<\/p>\n","protected":false},"author":2,"featured_media":128,"parent":0,"menu_order":0,"comment_status":"closed","ping_status":"closed","template":"","meta":{"ngg_post_thumbnail":0,"footnotes":""},"class_list":["post-95","page","type-page","status-publish","has-post-thumbnail","hentry"],"yoast_head":"<!-- This site is optimized with the Yoast SEO plugin v27.4 - https:\/\/yoast.com\/product\/yoast-seo-wordpress\/ -->\n<title>Musikalische Grundschule - Grundschule Mulsum - Kutenholz<\/title>\n<meta name=\"robots\" content=\"index, follow, max-snippet:-1, max-image-preview:large, max-video-preview:-1\" \/>\n<link rel=\"canonical\" href=\"https:\/\/gsmulsum-kutenholz.de\/?page_id=95\" \/>\n<meta property=\"og:locale\" content=\"de_DE\" \/>\n<meta property=\"og:type\" content=\"article\" \/>\n<meta property=\"og:title\" content=\"Musikalische Grundschule - Grundschule Mulsum - Kutenholz\" \/>\n<meta property=\"og:description\" content=\"Die musikalische Grundschule Mulsum &#8211; Kutenholz nutzt ein neuartiges und zugleich bew\u00e4hrtes Konzept in der Lerntheorie der Kinder. Durch die musikalische Unterst\u00fctzung des Unterrichts wird eine angenehme und freundliche Lernatmosph\u00e4re f\u00fcr Kinder, Lehrer und Eltern geschaffen. &nbsp; &nbsp;\" \/>\n<meta property=\"og:url\" content=\"https:\/\/gsmulsum-kutenholz.de\/?page_id=95\" \/>\n<meta property=\"og:site_name\" content=\"Grundschule Mulsum - Kutenholz\" \/>\n<meta property=\"article:modified_time\" content=\"2018-05-10T15:42:33+00:00\" \/>\n<meta property=\"og:image\" content=\"https:\/\/gsmulsum-kutenholz.de\/wp-content\/uploads\/2018\/04\/mus-grund-nieders.png\" \/>\n\t<meta property=\"og:image:width\" content=\"290\" \/>\n\t<meta property=\"og:image:height\" content=\"174\" \/>\n\t<meta property=\"og:image:type\" content=\"image\/png\" \/>\n<meta name=\"twitter:card\" content=\"summary_large_image\" \/>\n<script type=\"application\/ld+json\" class=\"yoast-schema-graph\">{\"@context\":\"https:\\\/\\\/schema.org\",\"@graph\":[{\"@type\":\"WebPage\",\"@id\":\"https:\\\/\\\/gsmulsum-kutenholz.de\\\/?page_id=95\",\"url\":\"https:\\\/\\\/gsmulsum-kutenholz.de\\\/?page_id=95\",\"name\":\"Musikalische Grundschule - Grundschule Mulsum - Kutenholz\",\"isPartOf\":{\"@id\":\"https:\\\/\\\/gsmulsum-kutenholz.de\\\/#website\"},\"primaryImageOfPage\":{\"@id\":\"https:\\\/\\\/gsmulsum-kutenholz.de\\\/?page_id=95#primaryimage\"},\"image\":{\"@id\":\"https:\\\/\\\/gsmulsum-kutenholz.de\\\/?page_id=95#primaryimage\"},\"thumbnailUrl\":\"https:\\\/\\\/gsmulsum-kutenholz.de\\\/wp-content\\\/uploads\\\/2018\\\/04\\\/mus-grund-nieders.png\",\"datePublished\":\"2018-04-21T20:00:25+00:00\",\"dateModified\":\"2018-05-10T15:42:33+00:00\",\"breadcrumb\":{\"@id\":\"https:\\\/\\\/gsmulsum-kutenholz.de\\\/?page_id=95#breadcrumb\"},\"inLanguage\":\"de\",\"potentialAction\":[{\"@type\":\"ReadAction\",\"target\":[\"https:\\\/\\\/gsmulsum-kutenholz.de\\\/?page_id=95\"]}]},{\"@type\":\"ImageObject\",\"inLanguage\":\"de\",\"@id\":\"https:\\\/\\\/gsmulsum-kutenholz.de\\\/?page_id=95#primaryimage\",\"url\":\"https:\\\/\\\/gsmulsum-kutenholz.de\\\/wp-content\\\/uploads\\\/2018\\\/04\\\/mus-grund-nieders.png\",\"contentUrl\":\"https:\\\/\\\/gsmulsum-kutenholz.de\\\/wp-content\\\/uploads\\\/2018\\\/04\\\/mus-grund-nieders.png\",\"width\":290,\"height\":174},{\"@type\":\"BreadcrumbList\",\"@id\":\"https:\\\/\\\/gsmulsum-kutenholz.de\\\/?page_id=95#breadcrumb\",\"itemListElement\":[{\"@type\":\"ListItem\",\"position\":1,\"name\":\"Start\",\"item\":\"https:\\\/\\\/gsmulsum-kutenholz.de\\\/\"},{\"@type\":\"ListItem\",\"position\":2,\"name\":\"Musikalische Grundschule\"}]},{\"@type\":\"WebSite\",\"@id\":\"https:\\\/\\\/gsmulsum-kutenholz.de\\\/#website\",\"url\":\"https:\\\/\\\/gsmulsum-kutenholz.de\\\/\",\"name\":\"Grundschule Mulsum - Kutenholz\",\"description\":\"\",\"potentialAction\":[{\"@type\":\"SearchAction\",\"target\":{\"@type\":\"EntryPoint\",\"urlTemplate\":\"https:\\\/\\\/gsmulsum-kutenholz.de\\\/?s={search_term_string}\"},\"query-input\":{\"@type\":\"PropertyValueSpecification\",\"valueRequired\":true,\"valueName\":\"search_term_string\"}}],\"inLanguage\":\"de\"}]}<\/script>\n<!-- \/ Yoast SEO plugin. -->","yoast_head_json":{"title":"Musikalische Grundschule - Grundschule Mulsum - Kutenholz","robots":{"index":"index","follow":"follow","max-snippet":"max-snippet:-1","max-image-preview":"max-image-preview:large","max-video-preview":"max-video-preview:-1"},"canonical":"https:\/\/gsmulsum-kutenholz.de\/?page_id=95","og_locale":"de_DE","og_type":"article","og_title":"Musikalische Grundschule - Grundschule Mulsum - Kutenholz","og_description":"Die musikalische Grundschule Mulsum &#8211; Kutenholz nutzt ein neuartiges und zugleich bew\u00e4hrtes Konzept in der Lerntheorie der Kinder. Durch die musikalische Unterst\u00fctzung des Unterrichts wird eine angenehme und freundliche Lernatmosph\u00e4re f\u00fcr Kinder, Lehrer und Eltern geschaffen. &nbsp; &nbsp;","og_url":"https:\/\/gsmulsum-kutenholz.de\/?page_id=95","og_site_name":"Grundschule Mulsum - Kutenholz","article_modified_time":"2018-05-10T15:42:33+00:00","og_image":[{"width":290,"height":174,"url":"https:\/\/gsmulsum-kutenholz.de\/wp-content\/uploads\/2018\/04\/mus-grund-nieders.png","type":"image\/png"}],"twitter_card":"summary_large_image","schema":{"@context":"https:\/\/schema.org","@graph":[{"@type":"WebPage","@id":"https:\/\/gsmulsum-kutenholz.de\/?page_id=95","url":"https:\/\/gsmulsum-kutenholz.de\/?page_id=95","name":"Musikalische Grundschule - Grundschule Mulsum - Kutenholz","isPartOf":{"@id":"https:\/\/gsmulsum-kutenholz.de\/#website"},"primaryImageOfPage":{"@id":"https:\/\/gsmulsum-kutenholz.de\/?page_id=95#primaryimage"},"image":{"@id":"https:\/\/gsmulsum-kutenholz.de\/?page_id=95#primaryimage"},"thumbnailUrl":"https:\/\/gsmulsum-kutenholz.de\/wp-content\/uploads\/2018\/04\/mus-grund-nieders.png","datePublished":"2018-04-21T20:00:25+00:00","dateModified":"2018-05-10T15:42:33+00:00","breadcrumb":{"@id":"https:\/\/gsmulsum-kutenholz.de\/?page_id=95#breadcrumb"},"inLanguage":"de","potentialAction":[{"@type":"ReadAction","target":["https:\/\/gsmulsum-kutenholz.de\/?page_id=95"]}]},{"@type":"ImageObject","inLanguage":"de","@id":"https:\/\/gsmulsum-kutenholz.de\/?page_id=95#primaryimage","url":"https:\/\/gsmulsum-kutenholz.de\/wp-content\/uploads\/2018\/04\/mus-grund-nieders.png","contentUrl":"https:\/\/gsmulsum-kutenholz.de\/wp-content\/uploads\/2018\/04\/mus-grund-nieders.png","width":290,"height":174},{"@type":"BreadcrumbList","@id":"https:\/\/gsmulsum-kutenholz.de\/?page_id=95#breadcrumb","itemListElement":[{"@type":"ListItem","position":1,"name":"Start","item":"https:\/\/gsmulsum-kutenholz.de\/"},{"@type":"ListItem","position":2,"name":"Musikalische Grundschule"}]},{"@type":"WebSite","@id":"https:\/\/gsmulsum-kutenholz.de\/#website","url":"https:\/\/gsmulsum-kutenholz.de\/","name":"Grundschule Mulsum - Kutenholz","description":"","potentialAction":[{"@type":"SearchAction","target":{"@type":"EntryPoint","urlTemplate":"https:\/\/gsmulsum-kutenholz.de\/?s={search_term_string}"},"query-input":{"@type":"PropertyValueSpecification","valueRequired":true,"valueName":"search_term_string"}}],"inLanguage":"de"}]}},"_links":{"self":[{"href":"https:\/\/gsmulsum-kutenholz.de\/index.php?rest_route=\/wp\/v2\/pages\/95","targetHints":{"allow":["GET"]}}],"collection":[{"href":"https:\/\/gsmulsum-kutenholz.de\/index.php?rest_route=\/wp\/v2\/pages"}],"about":[{"href":"https:\/\/gsmulsum-kutenholz.de\/index.php?rest_route=\/wp\/v2\/types\/page"}],"author":[{"embeddable":true,"href":"https:\/\/gsmulsum-kutenholz.de\/index.php?rest_route=\/wp\/v2\/users\/2"}],"replies":[{"embeddable":true,"href":"https:\/\/gsmulsum-kutenholz.de\/index.php?rest_route=%2Fwp%2Fv2%2Fcomments&post=95"}],"version-history":[{"count":6,"href":"https:\/\/gsmulsum-kutenholz.de\/index.php?rest_route=\/wp\/v2\/pages\/95\/revisions"}],"predecessor-version":[{"id":1638,"href":"https:\/\/gsmulsum-kutenholz.de\/index.php?rest_route=\/wp\/v2\/pages\/95\/revisions\/1638"}],"wp:featuredmedia":[{"embeddable":true,"href":"https:\/\/gsmulsum-kutenholz.de\/index.php?rest_route=\/wp\/v2\/media\/128"}],"wp:attachment":[{"href":"https:\/\/gsmulsum-kutenholz.de\/index.php?rest_route=%2Fwp%2Fv2%2Fmedia&parent=95"}],"curies":[{"name":"wp","href":"https:\/\/api.w.org\/{rel}","templated":true}]}}